{"id":135,"date":"2020-09-23T13:12:56","date_gmt":"2020-09-23T13:12:56","guid":{"rendered":"https:\/\/proteo.yithemes.com\/food\/?post_type=product&#038;p=135"},"modified":"2026-01-10T18:02:57","modified_gmt":"2026-01-10T17:02:57","slug":"rollo-toffee-english-godis-fabrica","status":"publish","type":"product","link":"https:\/\/godisfabricabusiness.com\/es\/producto\/rollo-toffee-english-godis-fabrica\/","title":{"rendered":"ROLLO Toffee"},"content":{"rendered":"<p>Rollo Toffee es un delicioso caramelo de toffee cremoso que captura la esencia del caramelo con una experiencia placentera que se derrite en tu boca y un toque de sabor a mantequilla. Un dulce perfecto para todas las edades, \u00a1este chuche seguramente ser\u00e1 adorado tanto por los m\u00e1s j\u00f3venes como por los j\u00f3venes de coraz\u00f3n! Haz tu pedido y disfruta de esta dulce delicia hoy mismo.<\/p>\n<p>Decimos que el toffee es perfecto cuando intentas darle un mordisco y tus dientes se quedan pegados. \u00a1Eso significa que Rollo es la perfecci\u00f3n misma!<\/p>","protected":false},"excerpt":{"rendered":"<p>3 unidades \u2013 24g<\/p>","protected":false},"featured_media":6613,"comment_status":"open","ping_status":"closed","template":"","meta":[],"product_brand":[],"product_cat":[225,294],"product_tag":[227,580,1240,482,1217,234,226,235],"flavor":[416,422],"allergens":[428],"class_list":{"0":"post-135","1":"product","2":"type-product","3":"status-publish","4":"has-post-thumbnail","6":"product_cat-bulk-candy-godis-fabrica","7":"product_cat-top-50-godis-fabrica","8":"product_tag-caramel","9":"product_tag-caramelo","10":"product_tag-chuches-masticables","11":"product_tag-english","12":"product_tag-masticable","13":"product_tag-rollo","14":"product_tag-toffee","15":"product_tag-toffy","16":"flavor-caramel-toffee","17":"flavor-wrapped","18":"allergens-gluten-free","20":"first","21":"outofstock","22":"taxable","23":"shipping-taxable","24":"purchasable","25":"product-type-simple"},"_links":{"self":[{"href":"https:\/\/godisfabricabusiness.com\/es\/wp-json\/wp\/v2\/product\/135","targetHints":{"allow":["GET"]}}],"collection":[{"href":"https:\/\/godisfabricabusiness.com\/es\/wp-json\/wp\/v2\/product"}],"about":[{"href":"https:\/\/godisfabricabusiness.com\/es\/wp-json\/wp\/v2\/types\/product"}],"replies":[{"embeddable":true,"href":"https:\/\/godisfabricabusiness.com\/es\/wp-json\/wp\/v2\/comments?post=135"}],"wp:featuredmedia":[{"embeddable":true,"href":"https:\/\/godisfabricabusiness.com\/es\/wp-json\/wp\/v2\/media\/6613"}],"wp:attachment":[{"href":"https:\/\/godisfabricabusiness.com\/es\/wp-json\/wp\/v2\/media?parent=135"}],"wp:term":[{"taxonomy":"product_brand","embeddable":true,"href":"https:\/\/godisfabricabusiness.com\/es\/wp-json\/wp\/v2\/product_brand?post=135"},{"taxonomy":"product_cat","embeddable":true,"href":"https:\/\/godisfabricabusiness.com\/es\/wp-json\/wp\/v2\/product_cat?post=135"},{"taxonomy":"product_tag","embeddable":true,"href":"https:\/\/godisfabricabusiness.com\/es\/wp-json\/wp\/v2\/product_tag?post=135"},{"taxonomy":"flavor","embeddable":true,"href":"https:\/\/godisfabricabusiness.com\/es\/wp-json\/wp\/v2\/flavor?post=135"},{"taxonomy":"allergens","embeddable":true,"href":"https:\/\/godisfabricabusiness.com\/es\/wp-json\/wp\/v2\/allergens?post=135"}],"curies":[{"name":"wp","href":"https:\/\/api.w.org\/{rel}","templated":true}]}}