{"id":142,"date":"2020-09-23T15:17:28","date_gmt":"2020-09-23T13:17:28","guid":{"rendered":"https:\/\/proteo.yithemes.com\/food\/?post_type=product&#038;p=142"},"modified":"2026-01-10T18:02:57","modified_gmt":"2026-01-10T17:02:57","slug":"polly-tops","status":"publish","type":"product","link":"https:\/\/godisfabricabusiness.com\/es\/producto\/polly-tops\/","title":{"rendered":"Polly Bolas"},"content":{"rendered":"<p>Polly Bolas \u2013 \u00a1Peque\u00f1os bocados llenos de alegr\u00eda! Estos bolas de \"espuma\" son masticables y est\u00e1n recubiertos de un delicioso chocolate. Los tops m\u00e1s claros combinan sabores de arrack y butterscotch, mientras que los m\u00e1s oscuros ofrecen un irresistible toque de vainilla. Desde nuestra perspectiva, son una de las recomendaciones n\u00famero uno para probar en nuestra tienda online. Ideales para darte un capricho dulce o compartir con amigos. \u00bfA qu\u00e9 esperas para descubrirlos?<\/p>","protected":false},"excerpt":{"rendered":"<p>10 unidades - 23g<\/p>","protected":false},"featured_media":15752,"comment_status":"open","ping_status":"closed","template":"","meta":[],"product_brand":[],"product_cat":[225,243],"product_tag":[703,583,1239,230,1240,551,773,443,1217,499,233,232,231],"flavor":[412,410],"allergens":[428],"class_list":{"0":"post-142","1":"product","2":"type-product","3":"status-publish","4":"has-post-thumbnail","6":"product_cat-bulk-candy-godis-fabrica","7":"product_cat-chocolates-godis-fabrica","8":"product_tag-chewing","9":"product_tag-chewy","10":"product_tag-chewy-candy","11":"product_tag-chocolate","12":"product_tag-chuches-masticables","13":"product_tag-cloetta","14":"product_tag-dark-chocolate","15":"product_tag-foam","16":"product_tag-masticable","17":"product_tag-milk-chocolate","18":"product_tag-polly","19":"product_tag-softcandy","20":"product_tag-vanilla","21":"flavor-chocolate","22":"flavor-foam","23":"allergens-gluten-free","25":"first","26":"outofstock","27":"taxable","28":"shipping-taxable","29":"purchasable","30":"product-type-simple"},"_links":{"self":[{"href":"https:\/\/godisfabricabusiness.com\/es\/wp-json\/wp\/v2\/product\/142","targetHints":{"allow":["GET"]}}],"collection":[{"href":"https:\/\/godisfabricabusiness.com\/es\/wp-json\/wp\/v2\/product"}],"about":[{"href":"https:\/\/godisfabricabusiness.com\/es\/wp-json\/wp\/v2\/types\/product"}],"replies":[{"embeddable":true,"href":"https:\/\/godisfabricabusiness.com\/es\/wp-json\/wp\/v2\/comments?post=142"}],"wp:featuredmedia":[{"embeddable":true,"href":"https:\/\/godisfabricabusiness.com\/es\/wp-json\/wp\/v2\/media\/15752"}],"wp:attachment":[{"href":"https:\/\/godisfabricabusiness.com\/es\/wp-json\/wp\/v2\/media?parent=142"}],"wp:term":[{"taxonomy":"product_brand","embeddable":true,"href":"https:\/\/godisfabricabusiness.com\/es\/wp-json\/wp\/v2\/product_brand?post=142"},{"taxonomy":"product_cat","embeddable":true,"href":"https:\/\/godisfabricabusiness.com\/es\/wp-json\/wp\/v2\/product_cat?post=142"},{"taxonomy":"product_tag","embeddable":true,"href":"https:\/\/godisfabricabusiness.com\/es\/wp-json\/wp\/v2\/product_tag?post=142"},{"taxonomy":"flavor","embeddable":true,"href":"https:\/\/godisfabricabusiness.com\/es\/wp-json\/wp\/v2\/flavor?post=142"},{"taxonomy":"allergens","embeddable":true,"href":"https:\/\/godisfabricabusiness.com\/es\/wp-json\/wp\/v2\/allergens?post=142"}],"curies":[{"name":"wp","href":"https:\/\/api.w.org\/{rel}","templated":true}]}}