{"id":144,"date":"2020-09-23T13:20:42","date_gmt":"2020-09-23T13:20:42","guid":{"rendered":"https:\/\/proteo.yithemes.com\/food\/?post_type=product&#038;p=144"},"modified":"2026-01-10T18:02:57","modified_gmt":"2026-01-10T17:02:57","slug":"plopp-original-chocolate","status":"publish","type":"product","link":"https:\/\/godisfabricabusiness.com\/es\/producto\/plopp-original-chocolate\/","title":{"rendered":"Plopp Original"},"content":{"rendered":"<p>Plopp Original, \u00a1Un chocolate que no puedes dejar pasar! Plopp es una deliciosa barra de chocolate que esconde un cremoso relleno de toffee. Con su irresistible y familiar combinaci\u00f3n de chocolate y toffee, se convierte en un imprescindible para los amantes de estos sabores cl\u00e1sicos.\n\nD\u00e9jate envolver por la deliciosa experiencia que ofrece Plopp y reg\u00e1late un aut\u00e9ntico placer celestial. Perfecto para esos momentos en los que necesitas algo dulce y reconfortante. \u00a1Prueba Plopp Original y descubre por qu\u00e9 es tan querido por todos!<\/p>","protected":false},"excerpt":{"rendered":"<p>2 unidades - 25g<\/p>","protected":false},"featured_media":6397,"comment_status":"open","ping_status":"closed","template":"","meta":[],"product_brand":[],"product_cat":[243,225],"product_tag":[227,580,230,499,468,496,498,552,497,226,1241],"flavor":[416,412,422],"allergens":[426,428],"class_list":{"0":"post-144","1":"product","2":"type-product","3":"status-publish","4":"has-post-thumbnail","6":"product_cat-chocolates-godis-fabrica","7":"product_cat-bulk-candy-godis-fabrica","8":"product_tag-caramel","9":"product_tag-caramelo","10":"product_tag-chocolate","11":"product_tag-milk-chocolate","12":"product_tag-original","13":"product_tag-plopp","14":"product_tag-soft-toffee","15":"product_tag-swedish-candy","16":"product_tag-swedish-chocolate","17":"product_tag-toffee","18":"product_tag-wrapped-candy","19":"flavor-caramel-toffee","20":"flavor-chocolate","21":"flavor-wrapped","22":"allergens-gelatin-free","23":"allergens-gluten-free","25":"first","26":"outofstock","27":"taxable","28":"shipping-taxable","29":"purchasable","30":"product-type-simple"},"_links":{"self":[{"href":"https:\/\/godisfabricabusiness.com\/es\/wp-json\/wp\/v2\/product\/144","targetHints":{"allow":["GET"]}}],"collection":[{"href":"https:\/\/godisfabricabusiness.com\/es\/wp-json\/wp\/v2\/product"}],"about":[{"href":"https:\/\/godisfabricabusiness.com\/es\/wp-json\/wp\/v2\/types\/product"}],"replies":[{"embeddable":true,"href":"https:\/\/godisfabricabusiness.com\/es\/wp-json\/wp\/v2\/comments?post=144"}],"wp:featuredmedia":[{"embeddable":true,"href":"https:\/\/godisfabricabusiness.com\/es\/wp-json\/wp\/v2\/media\/6397"}],"wp:attachment":[{"href":"https:\/\/godisfabricabusiness.com\/es\/wp-json\/wp\/v2\/media?parent=144"}],"wp:term":[{"taxonomy":"product_brand","embeddable":true,"href":"https:\/\/godisfabricabusiness.com\/es\/wp-json\/wp\/v2\/product_brand?post=144"},{"taxonomy":"product_cat","embeddable":true,"href":"https:\/\/godisfabricabusiness.com\/es\/wp-json\/wp\/v2\/product_cat?post=144"},{"taxonomy":"product_tag","embeddable":true,"href":"https:\/\/godisfabricabusiness.com\/es\/wp-json\/wp\/v2\/product_tag?post=144"},{"taxonomy":"flavor","embeddable":true,"href":"https:\/\/godisfabricabusiness.com\/es\/wp-json\/wp\/v2\/flavor?post=144"},{"taxonomy":"allergens","embeddable":true,"href":"https:\/\/godisfabricabusiness.com\/es\/wp-json\/wp\/v2\/allergens?post=144"}],"curies":[{"name":"wp","href":"https:\/\/api.w.org\/{rel}","templated":true}]}}