{"id":15542,"date":"2024-11-17T20:28:34","date_gmt":"2024-11-17T19:28:34","guid":{"rendered":"https:\/\/godisfabricabusiness.com\/?post_type=product&#038;p=15542"},"modified":"2026-01-10T17:59:27","modified_gmt":"2026-01-10T16:59:27","slug":"godis-christmas-mix","status":"publish","type":"product","link":"https:\/\/godisfabricabusiness.com\/es\/producto\/godis-christmas-mix\/","title":{"rendered":"Godis Mezcla de Navidad"},"content":{"rendered":"<p class=\"p1\">Godis Mezcla de Navidad \u2013 \u00a1EDICI\u00d3N ESPECIAL PARA LA TEMPORADA NAVIDE\u00d1A! Al elegir la bolsa de mezcla ya preparada, siempre recibir\u00e1s al menos 12 opciones diferentes de golosinas. \u00a1La mezcla perfecta de caramelos para la temporada navide\u00f1a y las acogedoras noches de invierno!<\/p>\n<p class=\"p1\">Elige el tama\u00f1o de tu bolsa:<\/p>\n<p>250g | 500g | 750g | 1kg<\/p>\n<p>Ten en cuenta que las golosinas en nuestras Bolsas Godis Mix pueden variar con respecto a las im\u00e1genes del producto. Ten la seguridad de que cada pedido se empaqueta cuidadosamente y se sella en bolsas con cierre herm\u00e9tico para garantizar su frescura. \u00a1Disfruta de un delicioso surtido de caramelos navide\u00f1os!<\/p>\n<p class=\"p1\">\u00bfEst\u00e1s listo para la Navidad m\u00e1s dulce que hayas tenido en Espa\u00f1a o Portugal? \u00a1Haz tu pedido del Godis Fabrica Christmas Mix hoy mismo y disfruta de la temporada invernal m\u00e1s deliciosa!<\/p>\n<div style=\"display: none;\">\n<h5 style=\"display: none;\">Candy Shop<\/h5>\n<h5><img decoding=\"async\" style=\"display: none;\" src=\"https:\/\/godisfabricabusiness.com\/wp-content\/uploads\/2024\/08\/IMG_5948-scaled.jpg\" alt=\"Kryptonite Fizzy Bubble\" \/><\/h5>\n<p style=\"display: none;\">Shop delicious candies at our online candy shop in Spain. Explore a variety of sweets at Godisfabrica and enjoy fast delivery across Spain! &#8220;Shop your favorite candies at our online candy shop in Spain. Fast delivery, wide selection, and sweet deals await. Order now!&#8221; Shop online at Godisfabrica for the best candy in Spain. Discover delicious sweets, fast shipping, and premium quality treats today!<\/p>\n<\/div>\n<div style=\"display: none;\">\n<h5 style=\"display: none;\">Candy Shop<\/h5>\n<h5><img decoding=\"async\" style=\"display: none;\" src=\"https:\/\/godisfabricabusiness.com\/wp-content\/uploads\/2024\/08\/IMG_5948-scaled.jpg\" alt=\"Candy Shop\" \/><\/h5>\n<p style=\"display: none;\">Shop delicious candies at our online candy shop in Spain. Explore a variety of sweets at Godisfabrica and enjoy fast delivery across Spain! &#8220;Shop your favorite candies at our online candy shop in Spain. Fast delivery, wide selection, and sweet deals await. Order now!&#8221; Shop online at Godisfabrica for the best candy in Spain. Discover delicious sweets, fast shipping, and premium quality treats today!<\/p>\n<\/div>\n<div style=\"display: none;\">\n<h5 style=\"display: none;\">Candy Shop<\/h5>\n<h5><img decoding=\"async\" style=\"display: none;\" src=\"https:\/\/godisfabricabusiness.com\/wp-content\/uploads\/2024\/08\/IMG_5948-scaled.jpg\" alt=\"Candy Shop\" \/><\/h5>\n<p style=\"display: none;\">Shop delicious candies at our online candy shop in Spain. Explore a variety of sweets at Godisfabrica and enjoy fast delivery across Spain! &#8220;Shop your favorite candies at our online candy shop in Spain. Fast delivery, wide selection, and sweet deals await. Order now!&#8221; Shop online at Godisfabrica for the best candy in Spain. Discover delicious sweets, fast shipping, and premium quality treats today!<\/p>\n<\/div>\n<div style=\"display: none;\">\n<h5 style=\"display: none;\">Candy Shop<\/h5>\n<h5><img decoding=\"async\" style=\"display: none;\" src=\"https:\/\/godisfabricabusiness.com\/wp-content\/uploads\/2024\/08\/IMG_5948-scaled.jpg\" alt=\"Candy Shop\" \/><\/h5>\n<p style=\"display: none;\">Shop delicious candies at our online candy shop in Spain. Explore a variety of sweets at Godisfabrica and enjoy fast delivery across Spain! &#8220;Shop your favorite candies at our online candy shop in Spain. Fast delivery, wide selection, and sweet deals await. Order now!&#8221; Shop online at Godisfabrica for the best candy in Spain. Discover delicious sweets, fast shipping, and premium quality treats today!<\/p>\n<\/div>","protected":false},"excerpt":{"rendered":"<p>250g | 500g | 750g | 1kg<\/p>","protected":false},"featured_media":15627,"comment_status":"open","ping_status":"closed","template":"","meta":[],"product_brand":[],"product_cat":[293],"product_tag":[230,1144,1145,1110,1147,509,540,1149,1151,1152,1153,1154,545,1146,702,1112,584,1150,938,435,585,926,1148],"flavor":[412,411,422],"allergens":[],"class_list":{"0":"post-15542","1":"product","2":"type-product","3":"status-publish","4":"has-post-thumbnail","6":"product_cat-candy-bags-godis-fabrica","7":"product_tag-chocolate","8":"product_tag-christmas","9":"product_tag-christmas-candy","10":"product_tag-chuches-acidas","11":"product_tag-chuches-de-navidad","12":"product_tag-colourful","13":"product_tag-fruit-candy","14":"product_tag-invierno","15":"product_tag-joulu","16":"product_tag-joulukarkit","17":"product_tag-joulusuklaa","18":"product_tag-jul","19":"product_tag-magical","20":"product_tag-navidad","21":"product_tag-new","22":"product_tag-perfect-mix","23":"product_tag-red","24":"product_tag-red-candies","25":"product_tag-rojo","26":"product_tag-sour","27":"product_tag-sour-candy","28":"product_tag-sour-fruit-candy","29":"product_tag-winter","30":"pa_weight-1kg","31":"pa_weight-250g","32":"pa_weight-500g","33":"pa_weight-750g","34":"flavor-chocolate","35":"flavor-fruity","36":"flavor-wrapped","38":"first","39":"outofstock","40":"taxable","41":"shipping-taxable","42":"purchasable","43":"product-type-variable","44":"has-default-attributes"},"_links":{"self":[{"href":"https:\/\/godisfabricabusiness.com\/es\/wp-json\/wp\/v2\/product\/15542","targetHints":{"allow":["GET"]}}],"collection":[{"href":"https:\/\/godisfabricabusiness.com\/es\/wp-json\/wp\/v2\/product"}],"about":[{"href":"https:\/\/godisfabricabusiness.com\/es\/wp-json\/wp\/v2\/types\/product"}],"replies":[{"embeddable":true,"href":"https:\/\/godisfabricabusiness.com\/es\/wp-json\/wp\/v2\/comments?post=15542"}],"wp:featuredmedia":[{"embeddable":true,"href":"https:\/\/godisfabricabusiness.com\/es\/wp-json\/wp\/v2\/media\/15627"}],"wp:attachment":[{"href":"https:\/\/godisfabricabusiness.com\/es\/wp-json\/wp\/v2\/media?parent=15542"}],"wp:term":[{"taxonomy":"product_brand","embeddable":true,"href":"https:\/\/godisfabricabusiness.com\/es\/wp-json\/wp\/v2\/product_brand?post=15542"},{"taxonomy":"product_cat","embeddable":true,"href":"https:\/\/godisfabricabusiness.com\/es\/wp-json\/wp\/v2\/product_cat?post=15542"},{"taxonomy":"product_tag","embeddable":true,"href":"https:\/\/godisfabricabusiness.com\/es\/wp-json\/wp\/v2\/product_tag?post=15542"},{"taxonomy":"flavor","embeddable":true,"href":"https:\/\/godisfabricabusiness.com\/es\/wp-json\/wp\/v2\/flavor?post=15542"},{"taxonomy":"allergens","embeddable":true,"href":"https:\/\/godisfabricabusiness.com\/es\/wp-json\/wp\/v2\/allergens?post=15542"}],"curies":[{"name":"wp","href":"https:\/\/api.w.org\/{rel}","templated":true}]}}