{"id":15646,"date":"2024-11-26T09:35:27","date_gmt":"2024-11-26T08:35:27","guid":{"rendered":"https:\/\/godisfabricabusiness.com\/?post_type=product&#038;p=15646"},"modified":"2026-01-10T17:59:23","modified_gmt":"2026-01-10T16:59:23","slug":"godis-christmas-box","status":"publish","type":"product","link":"https:\/\/godisfabricabusiness.com\/es\/producto\/godis-christmas-box\/","title":{"rendered":"Godis Caja de Navidad"},"content":{"rendered":"<p>Godis Caja de Navidad \u2013 \u00a1El regalo m\u00e1s dulce que puedes dar estas fiestas!<\/p>\n<p>\u00a1Haz sitio, Pap\u00e1 Noel! Hay un nuevo repartidor de regalos en la ciudad: GODIS F\u00c1BRICA. Este cofre del tesoro de aproximadamente 1 kilo de pura alegr\u00eda est\u00e1 lleno hasta los topes de todo el esp\u00edritu navide\u00f1o que puedas saborear. Desde caramelos festivos hasta irresistibles chocolates de Navidad, esta caja es la combinaci\u00f3n perfecta de dulzura y alegr\u00eda navide\u00f1a.<\/p>\n<p>Y no te preocupes por el envoltorio: los dulces vienen en una preciosa caja con dise\u00f1o navide\u00f1o, tan bonita que puede que te cueste regalarla.<\/p>\n<p>La Caja de Navidad Godis incluye: <strong>Godis Surtido Navidad 250g, Godis Surtido Caramel &amp; Chocolate 250g, 1\u00d7 Chocolate Marianne Fazer, 2\u00d7 Bastones de Navidad, 4\u00d7 Bolas de Chocolate con Leche y 4\u00d7 Bolas de Nieve Moca.<\/strong><\/p>\n<p><em>Nota: Los caramelos incluidos en las bolsas Godis Mix pueden variar ligeramente respecto a las fotos del producto.<\/em><\/p>\n<p>Tanto si la regalas, la compartes o la escondes bajo el \u00e1rbol como una sorpresa \u201cde Pap\u00e1 Noel\u201d, la Caja de Navidad Godis garantiza sonrisas, brillo y dulces recuerdos festivos. \u00bfPor qu\u00e9 conformarte con lo ordinario cuando puedes regalar algo extraordinario? \u00a1Haz tu pedido hoy y deja que la magia de la Navidad se derrita en tu boca!<\/p>\n<div style=\"display: none;\">\n<h5 style=\"display: none;\">Frambuesa de Gelatina<\/h5>\n<h5><img decoding=\"async\" style=\"display: none;\" src=\"https:\/\/godisfabricabusiness.com\/wp-content\/uploads\/2024\/08\/IMG_5948-scaled.jpg\" alt=\"Candy Shop\" \/><\/h5>\n<p style=\"display: none;\">Shop delicious candies at our online candy shop in Spain. Explore a variety of sweets at Godisfabrica and enjoy fast delivery across Spain! &#8220;Shop your favorite candies at our online candy shop in Spain. Fast delivery, wide selection, and sweet deals await. Order now!&#8221; Shop online at Godisfabrica for the best candy in Spain. Discover delicious sweets, fast shipping, and premium quality treats today!<\/p>\n<\/div>\n<div style=\"display: none;\">\n<h5 style=\"display: none;\">Raspberry<\/h5>\n<h5><img decoding=\"async\" style=\"display: none;\" src=\"https:\/\/godisfabricabusiness.com\/wp-content\/uploads\/2024\/08\/IMG_5948-scaled.jpg\" alt=\"Candy Shop\" \/><\/h5>\n<p style=\"display: none;\">Shop delicious candies at our online candy shop in Spain. Explore a variety of sweets at Godisfabrica and enjoy fast delivery across Spain! &#8220;Shop your favorite candies at our online candy shop in Spain. Fast delivery, wide selection, and sweet deals await. Order now!&#8221; Shop online at Godisfabrica for the best candy in Spain. Discover delicious sweets, fast shipping, and premium quality treats today!<\/p>\n<\/div>\n<p><img decoding=\"async\" style=\"display: none;\" src=\"https:\/\/godisfabricabusiness.com\/wp-content\/uploads\/2024\/08\/IMG_5948-scaled.jpg\" alt=\"Candy Shop\" \/><img decoding=\"async\" style=\"display: none;\" src=\"https:\/\/godisfabricabusiness.com\/wp-content\/uploads\/2024\/08\/IMG_5948-scaled.jpg\" alt=\"Candy Shop\" \/><\/p>","protected":false},"excerpt":{"rendered":"<p>1 unidad \u2013 1kg<\/p>","protected":false},"featured_media":18372,"comment_status":"open","ping_status":"closed","template":"","meta":[],"product_brand":[],"product_cat":[293,243],"product_tag":[1161,1160,580,1162,230,1159,1144,1158,478,631,481,1062,1165,1808,1163,729,440,801,1791,1146,963,446,842,1164,226],"flavor":[416,412,411,423,417,420,415,422],"allergens":[],"class_list":{"0":"post-15646","1":"product","2":"type-product","3":"status-publish","4":"has-post-thumbnail","6":"product_cat-candy-bags-godis-fabrica","7":"product_cat-chocolates-godis-fabrica","8":"product_tag-box","9":"product_tag-caja","10":"product_tag-caramelo","11":"product_tag-chistmas-candy","12":"product_tag-chocolate","13":"product_tag-chocolate-de-navidad","14":"product_tag-christmas","15":"product_tag-christmas-chocolate","16":"product_tag-classic","17":"product_tag-frambuesa","18":"product_tag-fudge","19":"product_tag-gelehallon","20":"product_tag-gift","21":"product_tag-gift-box","22":"product_tag-godis-box","23":"product_tag-hallon","24":"product_tag-jelly","25":"product_tag-jelly-candy","26":"product_tag-natal","27":"product_tag-navidad","28":"product_tag-polka","29":"product_tag-raspberry","30":"product_tag-raspberry-taste","31":"product_tag-regalo","32":"product_tag-toffee","33":"flavor-caramel-toffee","34":"flavor-chocolate","35":"flavor-fruity","36":"flavor-fudge","37":"flavor-jelly","38":"flavor-mint","39":"flavor-sour","40":"flavor-wrapped","42":"first","43":"outofstock","44":"taxable","45":"shipping-taxable","46":"purchasable","47":"product-type-simple"},"_links":{"self":[{"href":"https:\/\/godisfabricabusiness.com\/es\/wp-json\/wp\/v2\/product\/15646","targetHints":{"allow":["GET"]}}],"collection":[{"href":"https:\/\/godisfabricabusiness.com\/es\/wp-json\/wp\/v2\/product"}],"about":[{"href":"https:\/\/godisfabricabusiness.com\/es\/wp-json\/wp\/v2\/types\/product"}],"replies":[{"embeddable":true,"href":"https:\/\/godisfabricabusiness.com\/es\/wp-json\/wp\/v2\/comments?post=15646"}],"wp:featuredmedia":[{"embeddable":true,"href":"https:\/\/godisfabricabusiness.com\/es\/wp-json\/wp\/v2\/media\/18372"}],"wp:attachment":[{"href":"https:\/\/godisfabricabusiness.com\/es\/wp-json\/wp\/v2\/media?parent=15646"}],"wp:term":[{"taxonomy":"product_brand","embeddable":true,"href":"https:\/\/godisfabricabusiness.com\/es\/wp-json\/wp\/v2\/product_brand?post=15646"},{"taxonomy":"product_cat","embeddable":true,"href":"https:\/\/godisfabricabusiness.com\/es\/wp-json\/wp\/v2\/product_cat?post=15646"},{"taxonomy":"product_tag","embeddable":true,"href":"https:\/\/godisfabricabusiness.com\/es\/wp-json\/wp\/v2\/product_tag?post=15646"},{"taxonomy":"flavor","embeddable":true,"href":"https:\/\/godisfabricabusiness.com\/es\/wp-json\/wp\/v2\/flavor?post=15646"},{"taxonomy":"allergens","embeddable":true,"href":"https:\/\/godisfabricabusiness.com\/es\/wp-json\/wp\/v2\/allergens?post=15646"}],"curies":[{"name":"wp","href":"https:\/\/api.w.org\/{rel}","templated":true}]}}