{"id":15915,"date":"2025-02-28T00:04:37","date_gmt":"2025-02-27T23:04:37","guid":{"rendered":"https:\/\/godisfabricabusiness.com\/?post_type=product&#038;p=15915"},"modified":"2026-01-10T17:59:23","modified_gmt":"2026-01-10T16:59:23","slug":"piece-of-cake","status":"publish","type":"product","link":"https:\/\/godisfabricabusiness.com\/es\/producto\/piece-of-cake\/","title":{"rendered":"Pedazo de Tarta"},"content":{"rendered":"<p>Pedazo de Tarta \u2013 \u00a1El trozo de pastel m\u00e1s dulce que jam\u00e1s hayas elegido!<\/p>\n<p>\u00bfQui\u00e9n dijo que el pastel necesita un tenedor? \u00a1Tutti Frutti Pedazo de Tarta es una mezcla divertida de peque\u00f1os cupcakes y dulces en forma de pastel que solo est\u00e1n esperando saltar a tu bolsa de golosinas! Con tres deliciosas combinaciones de sabores: kiwi-lim\u00f3n-lima, ar\u00e1ndano-vainilla y fresa-pl\u00e1tano, cada bocado es una mini celebraci\u00f3n. \u00bfY lo mejor de todo? Son libres de gelatina, aptos para veganos y hechos con colores y sabores naturales. \u00a1As\u00ed que adelante, elige tus pedazos de tarta\u2026 sin necesidad de hornear!<\/p>","protected":false},"excerpt":{"rendered":"<p>8 unidades \u2013 22g<\/p>","protected":false},"featured_media":16235,"comment_status":"open","ping_status":"closed","template":"","meta":[],"product_brand":[],"product_cat":[290,225],"product_tag":[1180,229,540,507,702,542,1182,446,1181,1183,543,291,445],"flavor":[411],"allergens":[426,425],"class_list":{"0":"post-15915","1":"product","2":"type-product","3":"status-publish","4":"has-post-thumbnail","6":"product_cat-vegan-products-godis-fabrica","7":"product_cat-bulk-candy-godis-fabrica","8":"product_tag-cake","9":"product_tag-fazer","10":"product_tag-fruit-candy","11":"product_tag-fruity","12":"product_tag-new","13":"product_tag-passion","14":"product_tag-piece-of-cake","15":"product_tag-raspberry","16":"product_tag-tarta","17":"product_tag-trozo-de-tarta","18":"product_tag-tutti-frutti","19":"product_tag-vegan","20":"product_tag-vegan-candy","21":"flavor-fruity","22":"allergens-gelatin-free","23":"allergens-vegan","25":"first","26":"outofstock","27":"taxable","28":"shipping-taxable","29":"purchasable","30":"product-type-simple"},"_links":{"self":[{"href":"https:\/\/godisfabricabusiness.com\/es\/wp-json\/wp\/v2\/product\/15915","targetHints":{"allow":["GET"]}}],"collection":[{"href":"https:\/\/godisfabricabusiness.com\/es\/wp-json\/wp\/v2\/product"}],"about":[{"href":"https:\/\/godisfabricabusiness.com\/es\/wp-json\/wp\/v2\/types\/product"}],"replies":[{"embeddable":true,"href":"https:\/\/godisfabricabusiness.com\/es\/wp-json\/wp\/v2\/comments?post=15915"}],"wp:featuredmedia":[{"embeddable":true,"href":"https:\/\/godisfabricabusiness.com\/es\/wp-json\/wp\/v2\/media\/16235"}],"wp:attachment":[{"href":"https:\/\/godisfabricabusiness.com\/es\/wp-json\/wp\/v2\/media?parent=15915"}],"wp:term":[{"taxonomy":"product_brand","embeddable":true,"href":"https:\/\/godisfabricabusiness.com\/es\/wp-json\/wp\/v2\/product_brand?post=15915"},{"taxonomy":"product_cat","embeddable":true,"href":"https:\/\/godisfabricabusiness.com\/es\/wp-json\/wp\/v2\/product_cat?post=15915"},{"taxonomy":"product_tag","embeddable":true,"href":"https:\/\/godisfabricabusiness.com\/es\/wp-json\/wp\/v2\/product_tag?post=15915"},{"taxonomy":"flavor","embeddable":true,"href":"https:\/\/godisfabricabusiness.com\/es\/wp-json\/wp\/v2\/flavor?post=15915"},{"taxonomy":"allergens","embeddable":true,"href":"https:\/\/godisfabricabusiness.com\/es\/wp-json\/wp\/v2\/allergens?post=15915"}],"curies":[{"name":"wp","href":"https:\/\/api.w.org\/{rel}","templated":true}]}}