{"id":15918,"date":"2025-02-28T00:16:23","date_gmt":"2025-02-27T23:16:23","guid":{"rendered":"https:\/\/godisfabricabusiness.com\/?post_type=product&#038;p=15918"},"modified":"2026-01-10T17:59:23","modified_gmt":"2026-01-10T16:59:23","slug":"cola-jelly-guys","status":"publish","type":"product","link":"https:\/\/godisfabricabusiness.com\/es\/producto\/cola-jelly-guys\/","title":{"rendered":"Chicos de Gomita Cola"},"content":{"rendered":"<p>\u00a1Chicos de Gomita Cola \u2013 La divertida y burbujeante aventura de chuches!<\/p>\n<p>\u00a1Conoce a los Chicos de Gomita Cola! Peque\u00f1os hombres de gelatina llenos de un gran sabor a cola. Estos suaves y azucarados gomitos con sabor a cola est\u00e1n moldeados como figuras diminutas, \u00a1lo que los hace perfectos para un snack juguet\u00f3n! Puedes alinearlos para un partido de f\u00fatbol... pero conf\u00eda en nosotros, \u00a1son a\u00fan mejores cuando los metes en la boca! Disfruta de su dulce y burbujeante sabor a cola y su suave textura. \u00a1Un delicioso y divertido manjar para los amantes de la cola de todas las edades!<\/p>","protected":false},"excerpt":{"rendered":"<p>4 unidades \u2013 22g<\/p>","protected":false},"featured_media":16934,"comment_status":"open","ping_status":"closed","template":"","meta":[],"product_brand":[],"product_cat":[225],"product_tag":[509,540,507,531,592,594,593,702,595,596],"flavor":[418],"allergens":[428],"class_list":{"0":"post-15918","1":"product","2":"type-product","3":"status-publish","4":"has-post-thumbnail","6":"product_cat-bulk-candy-godis-fabrica","7":"product_tag-colourful","8":"product_tag-fruit-candy","9":"product_tag-fruity","10":"product_tag-funny","11":"product_tag-grahns-konfektyr","12":"product_tag-jelly-guys","13":"product_tag-little-men","14":"product_tag-new","15":"product_tag-sega-gubbar","16":"product_tag-sugar-coating","17":"flavor-cola","18":"allergens-gluten-free","20":"first","21":"outofstock","22":"taxable","23":"shipping-taxable","24":"purchasable","25":"product-type-simple"},"_links":{"self":[{"href":"https:\/\/godisfabricabusiness.com\/es\/wp-json\/wp\/v2\/product\/15918","targetHints":{"allow":["GET"]}}],"collection":[{"href":"https:\/\/godisfabricabusiness.com\/es\/wp-json\/wp\/v2\/product"}],"about":[{"href":"https:\/\/godisfabricabusiness.com\/es\/wp-json\/wp\/v2\/types\/product"}],"replies":[{"embeddable":true,"href":"https:\/\/godisfabricabusiness.com\/es\/wp-json\/wp\/v2\/comments?post=15918"}],"wp:featuredmedia":[{"embeddable":true,"href":"https:\/\/godisfabricabusiness.com\/es\/wp-json\/wp\/v2\/media\/16934"}],"wp:attachment":[{"href":"https:\/\/godisfabricabusiness.com\/es\/wp-json\/wp\/v2\/media?parent=15918"}],"wp:term":[{"taxonomy":"product_brand","embeddable":true,"href":"https:\/\/godisfabricabusiness.com\/es\/wp-json\/wp\/v2\/product_brand?post=15918"},{"taxonomy":"product_cat","embeddable":true,"href":"https:\/\/godisfabricabusiness.com\/es\/wp-json\/wp\/v2\/product_cat?post=15918"},{"taxonomy":"product_tag","embeddable":true,"href":"https:\/\/godisfabricabusiness.com\/es\/wp-json\/wp\/v2\/product_tag?post=15918"},{"taxonomy":"flavor","embeddable":true,"href":"https:\/\/godisfabricabusiness.com\/es\/wp-json\/wp\/v2\/flavor?post=15918"},{"taxonomy":"allergens","embeddable":true,"href":"https:\/\/godisfabricabusiness.com\/es\/wp-json\/wp\/v2\/allergens?post=15918"}],"curies":[{"name":"wp","href":"https:\/\/api.w.org\/{rel}","templated":true}]}}