{"id":15924,"date":"2025-02-28T19:19:05","date_gmt":"2025-02-28T18:19:05","guid":{"rendered":"https:\/\/godisfabricabusiness.com\/?post_type=product&#038;p=15924"},"modified":"2026-01-10T17:59:23","modified_gmt":"2026-01-10T16:59:23","slug":"remix-sour-tongue","status":"publish","type":"product","link":"https:\/\/godisfabricabusiness.com\/es\/producto\/remix-sour-tongue\/","title":{"rendered":"Remix Lengua \u00c1cida"},"content":{"rendered":"<p>Remix Lengua \u00c1cida \u2013 \u00a1Prep\u00e1rate para una aventura de sabores \u00e1cidos!<\/p>\n<p>\u00a1Prep\u00e1rate para girar, sentir cosquilleo y perder el control de tus papilas gustativas con las Remix Lenguas \u00c1cidas de la marca finlandesa Fazer! Estos dulces \u00e1cidos y llenos de sabor est\u00e1n aqu\u00ed para sorprender tus sentidos, hacer que tus labios se frunzan y, tal vez, incluso provocar una l\u00e1grima (de felicidad). Con una explosi\u00f3n de sabor \u00e1cido en cada bocado, \u00a1son el dulce perfecto para los amantes de los sabores \u00e1cidos! M\u00e9tele uno a tu bolso, dale un mordisco y deja que la locura \u00e1cida comience.<\/p>","protected":false},"excerpt":{"rendered":"<p>4 unidades \u2013 21g<\/p>","protected":false},"featured_media":16227,"comment_status":"open","ping_status":"closed","template":"","meta":[],"product_brand":[],"product_cat":[290,225],"product_tag":[731,229,1107,540,507,1185,702,542,1186,1184,1067,543,291,445],"flavor":[411,415],"allergens":[426,425],"class_list":{"0":"post-15924","1":"product","2":"type-product","3":"status-publish","4":"has-post-thumbnail","6":"product_cat-vegan-products-godis-fabrica","7":"product_cat-bulk-candy-godis-fabrica","8":"product_tag-acido","9":"product_tag-fazer","10":"product_tag-fazer-candy","11":"product_tag-fruit-candy","12":"product_tag-fruity","13":"product_tag-lengua","14":"product_tag-new","15":"product_tag-passion","16":"product_tag-remix","17":"product_tag-sour-tongue","18":"product_tag-tongue","19":"product_tag-tutti-frutti","20":"product_tag-vegan","21":"product_tag-vegan-candy","22":"flavor-fruity","23":"flavor-sour","24":"allergens-gelatin-free","25":"allergens-vegan","27":"first","28":"outofstock","29":"taxable","30":"shipping-taxable","31":"purchasable","32":"product-type-simple"},"_links":{"self":[{"href":"https:\/\/godisfabricabusiness.com\/es\/wp-json\/wp\/v2\/product\/15924","targetHints":{"allow":["GET"]}}],"collection":[{"href":"https:\/\/godisfabricabusiness.com\/es\/wp-json\/wp\/v2\/product"}],"about":[{"href":"https:\/\/godisfabricabusiness.com\/es\/wp-json\/wp\/v2\/types\/product"}],"replies":[{"embeddable":true,"href":"https:\/\/godisfabricabusiness.com\/es\/wp-json\/wp\/v2\/comments?post=15924"}],"wp:featuredmedia":[{"embeddable":true,"href":"https:\/\/godisfabricabusiness.com\/es\/wp-json\/wp\/v2\/media\/16227"}],"wp:attachment":[{"href":"https:\/\/godisfabricabusiness.com\/es\/wp-json\/wp\/v2\/media?parent=15924"}],"wp:term":[{"taxonomy":"product_brand","embeddable":true,"href":"https:\/\/godisfabricabusiness.com\/es\/wp-json\/wp\/v2\/product_brand?post=15924"},{"taxonomy":"product_cat","embeddable":true,"href":"https:\/\/godisfabricabusiness.com\/es\/wp-json\/wp\/v2\/product_cat?post=15924"},{"taxonomy":"product_tag","embeddable":true,"href":"https:\/\/godisfabricabusiness.com\/es\/wp-json\/wp\/v2\/product_tag?post=15924"},{"taxonomy":"flavor","embeddable":true,"href":"https:\/\/godisfabricabusiness.com\/es\/wp-json\/wp\/v2\/flavor?post=15924"},{"taxonomy":"allergens","embeddable":true,"href":"https:\/\/godisfabricabusiness.com\/es\/wp-json\/wp\/v2\/allergens?post=15924"}],"curies":[{"name":"wp","href":"https:\/\/api.w.org\/{rel}","templated":true}]}}