{"id":15928,"date":"2025-02-28T20:02:37","date_gmt":"2025-02-28T19:02:37","guid":{"rendered":"https:\/\/godisfabricabusiness.com\/?post_type=product&#038;p=15928"},"modified":"2026-01-10T17:59:22","modified_gmt":"2026-01-10T16:59:22","slug":"sour-fruit-boats","status":"publish","type":"product","link":"https:\/\/godisfabricabusiness.com\/es\/producto\/sour-fruit-boats\/","title":{"rendered":"Barcos de Frutas \u00c1cidas"},"content":{"rendered":"<p>Barcos de Frutas \u00c1cidas \u2013 \u00a1Zarpa hacia una aventura \u00e1cida!<\/p>\n<p>\u00a1Todos a bordo, estamos a punto de zarpar hacia lo \u00e1cido! Estos caramelos con forma de bote est\u00e1n llenos de sabores frutales audaces, picantes y \u00e1cidos que te llevar\u00e1n en un viaje salvaje y lleno de olas. Perfectos para los que disfrutan de un bocadillo con un toque de chispa, estos peque\u00f1os botes est\u00e1n listos para atracar directamente en tu boca. As\u00ed que agarra un pu\u00f1ado y prep\u00e1rate para surcar las olas \u00e1cidas, \u00a1sin necesidad de chaleco salvavidas!<\/p>","protected":false},"excerpt":{"rendered":"<p>5 unidades \u2013 21g<\/p>","protected":false},"featured_media":16339,"comment_status":"open","ping_status":"closed","template":"","meta":[],"product_brand":[],"product_cat":[225],"product_tag":[740,739,507,729,741,743,742,236,529,702,446,561,697,568],"flavor":[411,415],"allergens":[428],"class_list":{"0":"post-15928","1":"product","2":"type-product","3":"status-publish","4":"has-post-thumbnail","6":"product_cat-bulk-candy-godis-fabrica","7":"product_tag-batmix","8":"product_tag-boats","9":"product_tag-fruity","10":"product_tag-hallon","11":"product_tag-hallonbatar","12":"product_tag-lakrits","13":"product_tag-laksritsi","14":"product_tag-licorice","15":"product_tag-liquorice","16":"product_tag-new","17":"product_tag-raspberry","18":"product_tag-salty","19":"product_tag-sweet-liquorice","20":"product_tag-vadelma","21":"flavor-fruity","22":"flavor-sour","23":"allergens-gluten-free","25":"first","26":"outofstock","27":"taxable","28":"shipping-taxable","29":"purchasable","30":"product-type-simple"},"_links":{"self":[{"href":"https:\/\/godisfabricabusiness.com\/es\/wp-json\/wp\/v2\/product\/15928","targetHints":{"allow":["GET"]}}],"collection":[{"href":"https:\/\/godisfabricabusiness.com\/es\/wp-json\/wp\/v2\/product"}],"about":[{"href":"https:\/\/godisfabricabusiness.com\/es\/wp-json\/wp\/v2\/types\/product"}],"replies":[{"embeddable":true,"href":"https:\/\/godisfabricabusiness.com\/es\/wp-json\/wp\/v2\/comments?post=15928"}],"wp:featuredmedia":[{"embeddable":true,"href":"https:\/\/godisfabricabusiness.com\/es\/wp-json\/wp\/v2\/media\/16339"}],"wp:attachment":[{"href":"https:\/\/godisfabricabusiness.com\/es\/wp-json\/wp\/v2\/media?parent=15928"}],"wp:term":[{"taxonomy":"product_brand","embeddable":true,"href":"https:\/\/godisfabricabusiness.com\/es\/wp-json\/wp\/v2\/product_brand?post=15928"},{"taxonomy":"product_cat","embeddable":true,"href":"https:\/\/godisfabricabusiness.com\/es\/wp-json\/wp\/v2\/product_cat?post=15928"},{"taxonomy":"product_tag","embeddable":true,"href":"https:\/\/godisfabricabusiness.com\/es\/wp-json\/wp\/v2\/product_tag?post=15928"},{"taxonomy":"flavor","embeddable":true,"href":"https:\/\/godisfabricabusiness.com\/es\/wp-json\/wp\/v2\/flavor?post=15928"},{"taxonomy":"allergens","embeddable":true,"href":"https:\/\/godisfabricabusiness.com\/es\/wp-json\/wp\/v2\/allergens?post=15928"}],"curies":[{"name":"wp","href":"https:\/\/api.w.org\/{rel}","templated":true}]}}