{"id":15930,"date":"2025-02-28T20:20:08","date_gmt":"2025-02-28T19:20:08","guid":{"rendered":"https:\/\/godisfabricabusiness.com\/?post_type=product&#038;p=15930"},"modified":"2026-01-10T17:59:22","modified_gmt":"2026-01-10T16:59:22","slug":"sour-fruit-worms","status":"publish","type":"product","link":"https:\/\/godisfabricabusiness.com\/es\/producto\/sour-fruit-worms\/","title":{"rendered":"Gusanos \u00c1cidos de Fruta"},"content":{"rendered":"<p>Gusanos \u00c1cidos de Fruta \u2013 \u00a1Una explosi\u00f3n de sabor dulce y \u00e1cido!<\/p>\n<p>\u00bfAntojo de un toque \u00e1cido? \u00a1Estos Gusanos de Fruta ofrecen el equilibrio perfecto entre dulce y \u00e1cido! Suaves y masticables, vienen en sabores de manzana, ar\u00e1ndano y cola-lim\u00f3n, convirtiendo cada bocado en una divertida y sabrosa aventura. Perfectos para fiestas, para compartir o para darte un capricho solo para ti... \u00a1sin juicios!<\/p>","protected":false},"excerpt":{"rendered":"<p>5 unidades \u2013 22g<\/p>","protected":false},"featured_media":16340,"comment_status":"open","ping_status":"closed","template":"","meta":[],"product_brand":[],"product_cat":[225],"product_tag":[731,507,611,1842,1844,1843,1845,587,1200,702,585,926,1197,1198,1199,797],"flavor":[411,415],"allergens":[],"class_list":{"0":"post-15930","1":"product","2":"type-product","3":"status-publish","4":"has-post-thumbnail","6":"product_cat-bulk-candy-godis-fabrica","7":"product_tag-acido","8":"product_tag-fruity","9":"product_tag-frutas","10":"product_tag-gomitas-de-gusanos-acidas","11":"product_tag-gusano","12":"product_tag-gusanos","13":"product_tag-gusanos-de-gomita","14":"product_tag-kirpea","15":"product_tag-mato","16":"product_tag-new","17":"product_tag-sour-candy","18":"product_tag-sour-fruit-candy","19":"product_tag-sour-sticks","20":"product_tag-sour-worms","21":"product_tag-sura-maskar","22":"product_tag-worms","23":"flavor-fruity","24":"flavor-sour","26":"first","27":"outofstock","28":"taxable","29":"shipping-taxable","30":"purchasable","31":"product-type-simple"},"_links":{"self":[{"href":"https:\/\/godisfabricabusiness.com\/es\/wp-json\/wp\/v2\/product\/15930","targetHints":{"allow":["GET"]}}],"collection":[{"href":"https:\/\/godisfabricabusiness.com\/es\/wp-json\/wp\/v2\/product"}],"about":[{"href":"https:\/\/godisfabricabusiness.com\/es\/wp-json\/wp\/v2\/types\/product"}],"replies":[{"embeddable":true,"href":"https:\/\/godisfabricabusiness.com\/es\/wp-json\/wp\/v2\/comments?post=15930"}],"wp:featuredmedia":[{"embeddable":true,"href":"https:\/\/godisfabricabusiness.com\/es\/wp-json\/wp\/v2\/media\/16340"}],"wp:attachment":[{"href":"https:\/\/godisfabricabusiness.com\/es\/wp-json\/wp\/v2\/media?parent=15930"}],"wp:term":[{"taxonomy":"product_brand","embeddable":true,"href":"https:\/\/godisfabricabusiness.com\/es\/wp-json\/wp\/v2\/product_brand?post=15930"},{"taxonomy":"product_cat","embeddable":true,"href":"https:\/\/godisfabricabusiness.com\/es\/wp-json\/wp\/v2\/product_cat?post=15930"},{"taxonomy":"product_tag","embeddable":true,"href":"https:\/\/godisfabricabusiness.com\/es\/wp-json\/wp\/v2\/product_tag?post=15930"},{"taxonomy":"flavor","embeddable":true,"href":"https:\/\/godisfabricabusiness.com\/es\/wp-json\/wp\/v2\/flavor?post=15930"},{"taxonomy":"allergens","embeddable":true,"href":"https:\/\/godisfabricabusiness.com\/es\/wp-json\/wp\/v2\/allergens?post=15930"}],"curies":[{"name":"wp","href":"https:\/\/api.w.org\/{rel}","templated":true}]}}