{"id":15932,"date":"2025-02-28T20:32:46","date_gmt":"2025-02-28T19:32:46","guid":{"rendered":"https:\/\/godisfabricabusiness.com\/?post_type=product&#038;p=15932"},"modified":"2026-01-10T17:59:22","modified_gmt":"2026-01-10T16:59:22","slug":"blueberry-spaghetti","status":"publish","type":"product","link":"https:\/\/godisfabricabusiness.com\/es\/producto\/blueberry-spaghetti\/","title":{"rendered":"Espagueti de Ar\u00e1ndano"},"content":{"rendered":"<p>\u00a1Espagueti de Ar\u00e1ndano \u2013 Un giro \u00e1cido para tus papilas gustativas!<\/p>\n<p>\u00a1Prep\u00e1rate para un sabor salvaje con los Espaguetis \u00c1cidos de Ar\u00e1ndano! Estas hebras masticables y el\u00e1sticas de gomita ofrecen un toque \u00e1cido delicioso, seguido de una explosi\u00f3n de dulzura de ar\u00e1ndano jugoso. \u00a1Perfecto para quienes aman un dulce tan divertido de comer como delicioso!<\/p>\n<p>G\u00edralos, est\u00edralos, \u00a1ch\u00fapalos! (bueno, tal vez no), pero lo m\u00e1s importante: disfruta de cada bocado masticable y \u00e1cido. Ya sea que busques un snack divertido, un dulce para la pel\u00edcula, o simplemente una forma de despertar tus papilas gustativas, estos espaguetis de ar\u00e1ndano \u00e1cidos seguramente te har\u00e1n sonre\u00edr.<\/p>\n<p>\u00a1Advertencia: Puede causar antojos incontrolables de chuches!<\/p>\n<div style=\"display: none;\">\n<h5 style=\"display: none;\">Frambuesa de Gelatina<\/h5>\n<h5><img decoding=\"async\" style=\"display: none;\" src=\"https:\/\/godisfabricabusiness.com\/wp-content\/uploads\/2024\/08\/IMG_5948-scaled.jpg\" alt=\"Candy Shop\" \/><\/h5>\n<p style=\"display: none;\">Shop delicious candies at our online candy shop in Spain. Explore a variety of sweets at Godisfabrica and enjoy fast delivery across Spain! &#8220;Shop your favorite candies at our online candy shop in Spain. Fast delivery, wide selection, and sweet deals await. Order now!&#8221; Shop online at Godisfabrica for the best candy in Spain. Discover delicious sweets, fast shipping, and premium quality treats today!<\/p>\n<\/div>\n<div style=\"display: none;\">\n<h5 style=\"display: none;\">Raspberry<\/h5>\n<h5><img decoding=\"async\" style=\"display: none;\" src=\"https:\/\/godisfabricabusiness.com\/wp-content\/uploads\/2024\/08\/IMG_5948-scaled.jpg\" alt=\"Candy Shop\" \/><\/h5>\n<p style=\"display: none;\">Shop delicious candies at our online candy shop in Spain. Explore a variety of sweets at Godisfabrica and enjoy fast delivery across Spain! &#8220;Shop your favorite candies at our online candy shop in Spain. Fast delivery, wide selection, and sweet deals await. Order now!&#8221; Shop online at Godisfabrica for the best candy in Spain. Discover delicious sweets, fast shipping, and premium quality treats today!<\/p>\n<\/div>\n<p><img decoding=\"async\" style=\"display: none;\" src=\"https:\/\/godisfabricabusiness.com\/wp-content\/uploads\/2024\/08\/IMG_5948-scaled.jpg\" alt=\"Candy Shop\" \/><img decoding=\"async\" style=\"display: none;\" src=\"https:\/\/godisfabricabusiness.com\/wp-content\/uploads\/2024\/08\/IMG_5948-scaled.jpg\" alt=\"Candy Shop\" \/><\/p>","protected":false},"excerpt":{"rendered":"<p>5 unidades - 27g<\/p>","protected":false},"featured_media":16302,"comment_status":"open","ping_status":"closed","template":"","meta":[],"product_brand":[],"product_cat":[225],"product_tag":[1128,731,862,538,895,1110,506,702,1203,435,585,1201,1202],"flavor":[411,415],"allergens":[426],"class_list":{"0":"post-15932","1":"product","2":"type-product","3":"status-publish","4":"has-post-thumbnail","6":"product_cat-bulk-candy-godis-fabrica","7":"product_tag-acida","8":"product_tag-acido","9":"product_tag-arando","10":"product_tag-blueberry","11":"product_tag-blueberry-candy","12":"product_tag-chuches-acidas","13":"product_tag-haribo","14":"product_tag-new","15":"product_tag-rope-candy","16":"product_tag-sour","17":"product_tag-sour-candy","18":"product_tag-spaghetti","19":"product_tag-spaghetti-candy","20":"flavor-fruity","21":"flavor-sour","22":"allergens-gelatin-free","24":"first","25":"outofstock","26":"taxable","27":"shipping-taxable","28":"purchasable","29":"product-type-simple"},"_links":{"self":[{"href":"https:\/\/godisfabricabusiness.com\/es\/wp-json\/wp\/v2\/product\/15932","targetHints":{"allow":["GET"]}}],"collection":[{"href":"https:\/\/godisfabricabusiness.com\/es\/wp-json\/wp\/v2\/product"}],"about":[{"href":"https:\/\/godisfabricabusiness.com\/es\/wp-json\/wp\/v2\/types\/product"}],"replies":[{"embeddable":true,"href":"https:\/\/godisfabricabusiness.com\/es\/wp-json\/wp\/v2\/comments?post=15932"}],"wp:featuredmedia":[{"embeddable":true,"href":"https:\/\/godisfabricabusiness.com\/es\/wp-json\/wp\/v2\/media\/16302"}],"wp:attachment":[{"href":"https:\/\/godisfabricabusiness.com\/es\/wp-json\/wp\/v2\/media?parent=15932"}],"wp:term":[{"taxonomy":"product_brand","embeddable":true,"href":"https:\/\/godisfabricabusiness.com\/es\/wp-json\/wp\/v2\/product_brand?post=15932"},{"taxonomy":"product_cat","embeddable":true,"href":"https:\/\/godisfabricabusiness.com\/es\/wp-json\/wp\/v2\/product_cat?post=15932"},{"taxonomy":"product_tag","embeddable":true,"href":"https:\/\/godisfabricabusiness.com\/es\/wp-json\/wp\/v2\/product_tag?post=15932"},{"taxonomy":"flavor","embeddable":true,"href":"https:\/\/godisfabricabusiness.com\/es\/wp-json\/wp\/v2\/flavor?post=15932"},{"taxonomy":"allergens","embeddable":true,"href":"https:\/\/godisfabricabusiness.com\/es\/wp-json\/wp\/v2\/allergens?post=15932"}],"curies":[{"name":"wp","href":"https:\/\/api.w.org\/{rel}","templated":true}]}}