{"id":15944,"date":"2025-03-01T12:36:22","date_gmt":"2025-03-01T11:36:22","guid":{"rendered":"https:\/\/godisfabricabusiness.com\/?post_type=product&#038;p=15944"},"modified":"2026-01-10T17:59:22","modified_gmt":"2026-01-10T16:59:22","slug":"pink-marshmallow-tops","status":"publish","type":"product","link":"https:\/\/godisfabricabusiness.com\/es\/producto\/pink-marshmallow-tops\/","title":{"rendered":"Malvavisco Rosa"},"content":{"rendered":"<p>Malvavisco Rosa \u2013 \u00a1Esponjoso, afrutado y bonito en rosa!<\/p>\n<p>Suaves, esponjosos y tan dulces como un sue\u00f1o de fresa, estos malvaviscos rosa con sabor a fresa est\u00e1n aqu\u00ed para darle un toque de suavidad a tus bocaditos. Con su textura ligera y aireada y su delicioso sabor afrutado de fresa, se derriten en tu boca como una nube rosa de felicidad.<\/p>\n<p>\u00a1Perfectos para picar, decorar o simplemente aplastarlos por diversi\u00f3n, estos malvaviscos son un regalo tanto para tu paladar como para tu ni\u00f1o interior! Mete uno en tu boca, cierra los ojos y disfruta de la dicha con sabor a fresa.<\/p>\n<div style=\"display: none;\">\n<h5 style=\"display: none;\">Frambuesa de Gelatina<\/h5>\n<h5><img decoding=\"async\" style=\"display: none;\" src=\"https:\/\/godisfabricabusiness.com\/wp-content\/uploads\/2024\/08\/IMG_5948-scaled.jpg\" alt=\"Candy Shop\" \/><\/h5>\n<p style=\"display: none;\">Shop delicious candies at our online candy shop in Spain. Explore a variety of sweets at Godisfabrica and enjoy fast delivery across Spain! &#8220;Shop your favorite candies at our online candy shop in Spain. Fast delivery, wide selection, and sweet deals await. Order now!&#8221; Shop online at Godisfabrica for the best candy in Spain. Discover delicious sweets, fast shipping, and premium quality treats today!<\/p>\n<\/div>\n<div style=\"display: none;\">\n<h5 style=\"display: none;\">Raspberry<\/h5>\n<h5><img decoding=\"async\" style=\"display: none;\" src=\"https:\/\/godisfabricabusiness.com\/wp-content\/uploads\/2024\/08\/IMG_5948-scaled.jpg\" alt=\"Candy Shop\" \/><\/h5>\n<p style=\"display: none;\">Shop delicious candies at our online candy shop in Spain. Explore a variety of sweets at Godisfabrica and enjoy fast delivery across Spain! &#8220;Shop your favorite candies at our online candy shop in Spain. Fast delivery, wide selection, and sweet deals await. Order now!&#8221; Shop online at Godisfabrica for the best candy in Spain. Discover delicious sweets, fast shipping, and premium quality treats today!<\/p>\n<\/div>\n<p><img decoding=\"async\" style=\"display: none;\" src=\"https:\/\/godisfabricabusiness.com\/wp-content\/uploads\/2024\/08\/IMG_5948-scaled.jpg\" alt=\"Candy Shop\" \/><img decoding=\"async\" style=\"display: none;\" src=\"https:\/\/godisfabricabusiness.com\/wp-content\/uploads\/2024\/08\/IMG_5948-scaled.jpg\" alt=\"Candy Shop\" \/><\/p>","protected":false},"excerpt":{"rendered":"<p>2 unidades \u2013 24g<\/p>","protected":false},"featured_media":16209,"comment_status":"open","ping_status":"closed","template":"","meta":[],"product_brand":[],"product_cat":[225],"product_tag":[629,628,601,736,615,508,540,1205,507,1213,1091,702,1214,522,792],"flavor":[410,411],"allergens":[],"class_list":{"0":"post-15944","1":"product","2":"type-product","3":"status-publish","4":"has-post-thumbnail","6":"product_cat-bulk-candy-godis-fabrica","7":"product_tag-berries","8":"product_tag-berry","9":"product_tag-candy-people","10":"product_tag-espuma","11":"product_tag-fresa","12":"product_tag-fruit","13":"product_tag-fruit-candy","14":"product_tag-fruits","15":"product_tag-fruity","16":"product_tag-frutos","17":"product_tag-marshmallow","18":"product_tag-new","19":"product_tag-nubes","20":"product_tag-strawberry","21":"product_tag-strawberry-foam","22":"flavor-foam","23":"flavor-fruity","25":"first","26":"outofstock","27":"taxable","28":"shipping-taxable","29":"purchasable","30":"product-type-simple"},"_links":{"self":[{"href":"https:\/\/godisfabricabusiness.com\/es\/wp-json\/wp\/v2\/product\/15944","targetHints":{"allow":["GET"]}}],"collection":[{"href":"https:\/\/godisfabricabusiness.com\/es\/wp-json\/wp\/v2\/product"}],"about":[{"href":"https:\/\/godisfabricabusiness.com\/es\/wp-json\/wp\/v2\/types\/product"}],"replies":[{"embeddable":true,"href":"https:\/\/godisfabricabusiness.com\/es\/wp-json\/wp\/v2\/comments?post=15944"}],"wp:featuredmedia":[{"embeddable":true,"href":"https:\/\/godisfabricabusiness.com\/es\/wp-json\/wp\/v2\/media\/16209"}],"wp:attachment":[{"href":"https:\/\/godisfabricabusiness.com\/es\/wp-json\/wp\/v2\/media?parent=15944"}],"wp:term":[{"taxonomy":"product_brand","embeddable":true,"href":"https:\/\/godisfabricabusiness.com\/es\/wp-json\/wp\/v2\/product_brand?post=15944"},{"taxonomy":"product_cat","embeddable":true,"href":"https:\/\/godisfabricabusiness.com\/es\/wp-json\/wp\/v2\/product_cat?post=15944"},{"taxonomy":"product_tag","embeddable":true,"href":"https:\/\/godisfabricabusiness.com\/es\/wp-json\/wp\/v2\/product_tag?post=15944"},{"taxonomy":"flavor","embeddable":true,"href":"https:\/\/godisfabricabusiness.com\/es\/wp-json\/wp\/v2\/flavor?post=15944"},{"taxonomy":"allergens","embeddable":true,"href":"https:\/\/godisfabricabusiness.com\/es\/wp-json\/wp\/v2\/allergens?post=15944"}],"curies":[{"name":"wp","href":"https:\/\/api.w.org\/{rel}","templated":true}]}}