{"id":15946,"date":"2025-03-01T12:51:33","date_gmt":"2025-03-01T11:51:33","guid":{"rendered":"https:\/\/godisfabricabusiness.com\/?post_type=product&#038;p=15946"},"modified":"2026-01-10T17:59:22","modified_gmt":"2026-01-10T16:59:22","slug":"caramel-carpet","status":"publish","type":"product","link":"https:\/\/godisfabricabusiness.com\/es\/producto\/caramel-carpet\/","title":{"rendered":"Alfombra de Caramelo"},"content":{"rendered":"<p>\u00a1Alfombra de Caramelo \u2013 Una deliciosa golosina masticable! \u00a1Despliega la alfombra roja para tus papilas gustativas con Alfombra de Caramelo! Este suave y masticable dulce est\u00e1 lleno de un rico sabor a caramelo mantecoso que se derrite en tu boca con cada bocado. Suave pero lo suficientemente masticable, es el dulce perfecto para los amantes del caramelo. Su textura es como de la regaliz.<\/p>\n<p>Ya sea que lo comas lentamente o mastiques con alegr\u00eda, este delicioso caramelo seguro traer\u00e1 un dulce momento de felicidad a tu d\u00eda. \u00a1Toma un trozo y deja que la magia del caramelo comience!<\/p>","protected":false},"excerpt":{"rendered":"<p>2 unidades - 27g<\/p>","protected":false},"featured_media":16927,"comment_status":"open","ping_status":"closed","template":"","meta":[],"product_brand":[],"product_cat":[225],"product_tag":[1215,227,580,605,1216,841,1011,1012,702,604,697,226,445,607,455],"flavor":[416],"allergens":[426],"class_list":{"0":"post-15946","1":"product","2":"type-product","3":"status-publish","4":"has-post-thumbnail","6":"product_cat-bulk-candy-godis-fabrica","7":"product_tag-alfombra","8":"product_tag-caramel","9":"product_tag-caramelo","10":"product_tag-carpet","11":"product_tag-colour-liquorice","12":"product_tag-liquorice-toffee","13":"product_tag-matta","14":"product_tag-matto","15":"product_tag-new","16":"product_tag-sweet","17":"product_tag-sweet-liquorice","18":"product_tag-toffee","19":"product_tag-vegan-candy","20":"product_tag-vegano","21":"product_tag-vegetarian","22":"flavor-caramel-toffee","23":"allergens-gelatin-free","25":"first","26":"outofstock","27":"sale","28":"taxable","29":"shipping-taxable","30":"purchasable","31":"product-type-simple"},"_links":{"self":[{"href":"https:\/\/godisfabricabusiness.com\/es\/wp-json\/wp\/v2\/product\/15946","targetHints":{"allow":["GET"]}}],"collection":[{"href":"https:\/\/godisfabricabusiness.com\/es\/wp-json\/wp\/v2\/product"}],"about":[{"href":"https:\/\/godisfabricabusiness.com\/es\/wp-json\/wp\/v2\/types\/product"}],"replies":[{"embeddable":true,"href":"https:\/\/godisfabricabusiness.com\/es\/wp-json\/wp\/v2\/comments?post=15946"}],"wp:featuredmedia":[{"embeddable":true,"href":"https:\/\/godisfabricabusiness.com\/es\/wp-json\/wp\/v2\/media\/16927"}],"wp:attachment":[{"href":"https:\/\/godisfabricabusiness.com\/es\/wp-json\/wp\/v2\/media?parent=15946"}],"wp:term":[{"taxonomy":"product_brand","embeddable":true,"href":"https:\/\/godisfabricabusiness.com\/es\/wp-json\/wp\/v2\/product_brand?post=15946"},{"taxonomy":"product_cat","embeddable":true,"href":"https:\/\/godisfabricabusiness.com\/es\/wp-json\/wp\/v2\/product_cat?post=15946"},{"taxonomy":"product_tag","embeddable":true,"href":"https:\/\/godisfabricabusiness.com\/es\/wp-json\/wp\/v2\/product_tag?post=15946"},{"taxonomy":"flavor","embeddable":true,"href":"https:\/\/godisfabricabusiness.com\/es\/wp-json\/wp\/v2\/flavor?post=15946"},{"taxonomy":"allergens","embeddable":true,"href":"https:\/\/godisfabricabusiness.com\/es\/wp-json\/wp\/v2\/allergens?post=15946"}],"curies":[{"name":"wp","href":"https:\/\/api.w.org\/{rel}","templated":true}]}}