{"id":15978,"date":"2025-03-02T16:55:39","date_gmt":"2025-03-02T15:55:39","guid":{"rendered":"https:\/\/godisfabricabusiness.com\/?post_type=product&#038;p=15978"},"modified":"2026-01-10T17:59:22","modified_gmt":"2026-01-10T16:59:22","slug":"super-tag-razzy","status":"publish","type":"product","link":"https:\/\/godisfabricabusiness.com\/es\/producto\/super-tag-razzy\/","title":{"rendered":"Chapa Super Razzy"},"content":{"rendered":"<p>Chapa Super Razzy, tambi\u00e9n conocido como (S-M\u00e4rke), son unos chuches masticables llenos de un delicioso sabor a frambuesa que es a la vez dulce y ligeramente \u00e1cido. El hermoso color rojo\/rosado proviene de agentes colorantes naturales como el concentrado de batata y zanahoria, a\u00f1adiendo un toque de autenticidad al sabor afrutado del caramelo. En cada caramelo hay una \"S\" estampada que representa la experiencia: \u00e1cido, dulce y simplemente super.<\/p>\n<p><em>El fabricante Candy People tiene su sede en Sk\u00e5ne y la empresa se fund\u00f3 en 1982. Simplemente dejaron que los dulces hablaran por s\u00ed solos con el eslogan \"probar para creer\". Con una amplia gama de dulces en enormes cantidades, tienen para todos los gustos, amargos, dulces, \u00e1cidos o una mezcla de todo.<\/em><\/p>","protected":false},"excerpt":{"rendered":"<p>4 unidades \u2013 23g<\/p>","protected":false},"featured_media":16230,"comment_status":"open","ping_status":"closed","template":"","meta":[],"product_brand":[],"product_cat":[225,290],"product_tag":[731,508,540,507,924,587,925,702,956,435,585,926,955,447,552,291],"flavor":[411,419,415],"allergens":[426,425],"class_list":{"0":"post-15978","1":"product","2":"type-product","3":"status-publish","4":"has-post-thumbnail","6":"product_cat-bulk-candy-godis-fabrica","7":"product_cat-vegan-products-godis-fabrica","8":"product_tag-acido","9":"product_tag-fruit","10":"product_tag-fruit-candy","11":"product_tag-fruity","12":"product_tag-hard-candy","13":"product_tag-kirpea","14":"product_tag-muy-acido","15":"product_tag-new","16":"product_tag-s-marke","17":"product_tag-sour","18":"product_tag-sour-candy","19":"product_tag-sour-fruit-candy","20":"product_tag-super","21":"product_tag-super-sour","22":"product_tag-swedish-candy","23":"product_tag-vegan","24":"flavor-fruity","25":"flavor-palm-oil-free","26":"flavor-sour","27":"allergens-gelatin-free","28":"allergens-vegan","30":"first","31":"outofstock","32":"taxable","33":"shipping-taxable","34":"purchasable","35":"product-type-simple"},"_links":{"self":[{"href":"https:\/\/godisfabricabusiness.com\/es\/wp-json\/wp\/v2\/product\/15978","targetHints":{"allow":["GET"]}}],"collection":[{"href":"https:\/\/godisfabricabusiness.com\/es\/wp-json\/wp\/v2\/product"}],"about":[{"href":"https:\/\/godisfabricabusiness.com\/es\/wp-json\/wp\/v2\/types\/product"}],"replies":[{"embeddable":true,"href":"https:\/\/godisfabricabusiness.com\/es\/wp-json\/wp\/v2\/comments?post=15978"}],"wp:featuredmedia":[{"embeddable":true,"href":"https:\/\/godisfabricabusiness.com\/es\/wp-json\/wp\/v2\/media\/16230"}],"wp:attachment":[{"href":"https:\/\/godisfabricabusiness.com\/es\/wp-json\/wp\/v2\/media?parent=15978"}],"wp:term":[{"taxonomy":"product_brand","embeddable":true,"href":"https:\/\/godisfabricabusiness.com\/es\/wp-json\/wp\/v2\/product_brand?post=15978"},{"taxonomy":"product_cat","embeddable":true,"href":"https:\/\/godisfabricabusiness.com\/es\/wp-json\/wp\/v2\/product_cat?post=15978"},{"taxonomy":"product_tag","embeddable":true,"href":"https:\/\/godisfabricabusiness.com\/es\/wp-json\/wp\/v2\/product_tag?post=15978"},{"taxonomy":"flavor","embeddable":true,"href":"https:\/\/godisfabricabusiness.com\/es\/wp-json\/wp\/v2\/flavor?post=15978"},{"taxonomy":"allergens","embeddable":true,"href":"https:\/\/godisfabricabusiness.com\/es\/wp-json\/wp\/v2\/allergens?post=15978"}],"curies":[{"name":"wp","href":"https:\/\/api.w.org\/{rel}","templated":true}]}}