{"id":15980,"date":"2025-03-02T17:17:05","date_gmt":"2025-03-02T16:17:05","guid":{"rendered":"https:\/\/godisfabricabusiness.com\/?post_type=product&#038;p=15980"},"modified":"2026-01-10T17:59:22","modified_gmt":"2026-01-10T16:59:22","slug":"super-tag-fizzy-cola","status":"publish","type":"product","link":"https:\/\/godisfabricabusiness.com\/es\/producto\/super-tag-fizzy-cola\/","title":{"rendered":"Chapa Super Fizzy Cola"},"content":{"rendered":"<p>Chapa Super Fizzy Cola, tambi\u00e9n conocido como (S-M\u00e4rke), son caramelos masticables llenos de un delicioso sabor a cola efervescente que es a la vez dulce y \u00e1cido. En cada caramelo hay una impresi\u00f3n de la \"S\" que representa la experiencia: \u00e1cido, dulce y simplemente s\u00faper.<\/p>\n<p><em>El fabricante Candy People tiene su sede en Sk\u00e5ne y la empresa se fund\u00f3 en 1982. Simplemente dejaron que los dulces hablaran por s\u00ed solos con el eslogan \"probar para creer\". Con una amplia gama de dulces en enormes cantidades, tienen para todos los gustos, amargos, dulces, \u00e1cidos o una mezcla de todo.<\/em><\/p>","protected":false},"excerpt":{"rendered":"<p>4 unidades \u2013 23g<\/p>","protected":false},"featured_media":16870,"comment_status":"open","ping_status":"closed","template":"","meta":[],"product_brand":[],"product_cat":[225,290],"product_tag":[731,1110,817,547,806,816,1228,437,587,925,702,956,1257,435,585,926,955,447,552,1258,291],"flavor":[418,419,415],"allergens":[426,425],"class_list":{"0":"post-15980","1":"product","2":"type-product","3":"status-publish","4":"has-post-thumbnail","6":"product_cat-bulk-candy-godis-fabrica","7":"product_cat-vegan-products-godis-fabrica","8":"product_tag-acido","9":"product_tag-chuches-acidas","10":"product_tag-coca-cola","11":"product_tag-cola","12":"product_tag-cola-candy","13":"product_tag-cola-flavor","14":"product_tag-dizzy","15":"product_tag-fizzy","16":"product_tag-kirpea","17":"product_tag-muy-acido","18":"product_tag-new","19":"product_tag-s-marke","20":"product_tag-sabor-a-cola","21":"product_tag-sour","22":"product_tag-sour-candy","23":"product_tag-sour-fruit-candy","24":"product_tag-super","25":"product_tag-super-sour","26":"product_tag-swedish-candy","27":"product_tag-tag","28":"product_tag-vegan","29":"flavor-cola","30":"flavor-palm-oil-free","31":"flavor-sour","32":"allergens-gelatin-free","33":"allergens-vegan","35":"first","36":"outofstock","37":"taxable","38":"shipping-taxable","39":"purchasable","40":"product-type-simple"},"_links":{"self":[{"href":"https:\/\/godisfabricabusiness.com\/es\/wp-json\/wp\/v2\/product\/15980","targetHints":{"allow":["GET"]}}],"collection":[{"href":"https:\/\/godisfabricabusiness.com\/es\/wp-json\/wp\/v2\/product"}],"about":[{"href":"https:\/\/godisfabricabusiness.com\/es\/wp-json\/wp\/v2\/types\/product"}],"replies":[{"embeddable":true,"href":"https:\/\/godisfabricabusiness.com\/es\/wp-json\/wp\/v2\/comments?post=15980"}],"wp:featuredmedia":[{"embeddable":true,"href":"https:\/\/godisfabricabusiness.com\/es\/wp-json\/wp\/v2\/media\/16870"}],"wp:attachment":[{"href":"https:\/\/godisfabricabusiness.com\/es\/wp-json\/wp\/v2\/media?parent=15980"}],"wp:term":[{"taxonomy":"product_brand","embeddable":true,"href":"https:\/\/godisfabricabusiness.com\/es\/wp-json\/wp\/v2\/product_brand?post=15980"},{"taxonomy":"product_cat","embeddable":true,"href":"https:\/\/godisfabricabusiness.com\/es\/wp-json\/wp\/v2\/product_cat?post=15980"},{"taxonomy":"product_tag","embeddable":true,"href":"https:\/\/godisfabricabusiness.com\/es\/wp-json\/wp\/v2\/product_tag?post=15980"},{"taxonomy":"flavor","embeddable":true,"href":"https:\/\/godisfabricabusiness.com\/es\/wp-json\/wp\/v2\/flavor?post=15980"},{"taxonomy":"allergens","embeddable":true,"href":"https:\/\/godisfabricabusiness.com\/es\/wp-json\/wp\/v2\/allergens?post=15980"}],"curies":[{"name":"wp","href":"https:\/\/api.w.org\/{rel}","templated":true}]}}