{"id":16063,"date":"2025-03-05T17:39:56","date_gmt":"2025-03-05T16:39:56","guid":{"rendered":"https:\/\/godisfabricabusiness.com\/?post_type=product&#038;p=16063"},"modified":"2026-01-10T17:59:21","modified_gmt":"2026-01-10T16:59:21","slug":"sweet-toffee-chews","status":"publish","type":"product","link":"https:\/\/godisfabricabusiness.com\/es\/producto\/sweet-toffee-chews\/","title":{"rendered":"Bolas Masticables de Toffee"},"content":{"rendered":"<p>Bolas Masticables de Toffee \u2013 \u00a1Una deliciosa y maravillosa experiencia masticable!<\/p>\n<p>\u00a1Prep\u00e1rate para hundir los dientes en un para\u00edso de caramelo! Estas Bolas Masticables de Toffee tienen el equilibrio perfecto entre la dulzura cremoso y el delicioso sabor a caramelo, ofreciendo una experiencia suave y fundente en cada bocado. Su irresistible textura masticable y su rico sabor a toffee las hacen peligrosamente adictivas... \u00a1No digas que no te lo advertimos!<\/p>\n<p>\u00a1Perfectas para satisfacer tus antojos de dulce, compartir (si te sientes generoso) o darte un peque\u00f1o capricho masticable, estas chuches est\u00e1n garantizadas para poner una sonrisa en tu rostro y una dosis de az\u00facar en tu energ\u00eda!<\/p>\n<p>\u00a1Advertencia: Puede causar repentinas explosiones de felicidad!<\/p>\n<div style=\"display: none;\">\n<h5 style=\"display: none;\">Frambuesa de Gelatina<\/h5>\n<h5><img decoding=\"async\" style=\"display: none;\" src=\"https:\/\/godisfabricabusiness.com\/wp-content\/uploads\/2024\/08\/IMG_5948-scaled.jpg\" alt=\"Candy Shop\" \/><\/h5>\n<p style=\"display: none;\">Shop delicious candies at our online candy shop in Spain. Explore a variety of sweets at Godisfabrica and enjoy fast delivery across Spain! &#8220;Shop your favorite candies at our online candy shop in Spain. Fast delivery, wide selection, and sweet deals await. Order now!&#8221; Shop online at Godisfabrica for the best candy in Spain. Discover delicious sweets, fast shipping, and premium quality treats today!<\/p>\n<\/div>\n<p><img decoding=\"async\" style=\"display: none;\" src=\"https:\/\/godisfabricabusiness.com\/wp-content\/uploads\/2024\/08\/IMG_5948-scaled.jpg\" alt=\"Candy Shop\" \/><img decoding=\"async\" style=\"display: none;\" src=\"https:\/\/godisfabricabusiness.com\/wp-content\/uploads\/2024\/08\/IMG_5948-scaled.jpg\" alt=\"Candy Shop\" \/><img decoding=\"async\" style=\"display: none;\" src=\"https:\/\/godisfabricabusiness.com\/wp-content\/uploads\/2024\/08\/IMG_5948-scaled.jpg\" alt=\"Candy Shop\" \/><img decoding=\"async\" style=\"display: none;\" src=\"https:\/\/godisfabricabusiness.com\/wp-content\/uploads\/2024\/08\/IMG_5948-scaled.jpg\" alt=\"Candy Shop\" \/><\/p>","protected":false},"excerpt":{"rendered":"<p>4 unidades \u2013 23g<\/p>","protected":false},"featured_media":16202,"comment_status":"open","ping_status":"closed","template":"","meta":[],"product_brand":[],"product_cat":[225],"product_tag":[227,580,583,1218,478,551,1363,877,480,1057,1217,702,1058,1059,226,235],"flavor":[416],"allergens":[],"class_list":{"0":"post-16063","1":"product","2":"type-product","3":"status-publish","4":"has-post-thumbnail","6":"product_cat-bulk-candy-godis-fabrica","7":"product_tag-caramel","8":"product_tag-caramelo","9":"product_tag-chewy","10":"product_tag-chuches-sin-gelatina","11":"product_tag-classic","12":"product_tag-cloetta","13":"product_tag-karamel","14":"product_tag-kinuski","15":"product_tag-lonka","16":"product_tag-lonka-soft-bites","17":"product_tag-masticable","18":"product_tag-new","19":"product_tag-soft","20":"product_tag-soft-bite","21":"product_tag-toffee","22":"product_tag-toffy","23":"flavor-caramel-toffee","25":"first","26":"outofstock","27":"taxable","28":"shipping-taxable","29":"purchasable","30":"product-type-simple"},"_links":{"self":[{"href":"https:\/\/godisfabricabusiness.com\/es\/wp-json\/wp\/v2\/product\/16063","targetHints":{"allow":["GET"]}}],"collection":[{"href":"https:\/\/godisfabricabusiness.com\/es\/wp-json\/wp\/v2\/product"}],"about":[{"href":"https:\/\/godisfabricabusiness.com\/es\/wp-json\/wp\/v2\/types\/product"}],"replies":[{"embeddable":true,"href":"https:\/\/godisfabricabusiness.com\/es\/wp-json\/wp\/v2\/comments?post=16063"}],"wp:featuredmedia":[{"embeddable":true,"href":"https:\/\/godisfabricabusiness.com\/es\/wp-json\/wp\/v2\/media\/16202"}],"wp:attachment":[{"href":"https:\/\/godisfabricabusiness.com\/es\/wp-json\/wp\/v2\/media?parent=16063"}],"wp:term":[{"taxonomy":"product_brand","embeddable":true,"href":"https:\/\/godisfabricabusiness.com\/es\/wp-json\/wp\/v2\/product_brand?post=16063"},{"taxonomy":"product_cat","embeddable":true,"href":"https:\/\/godisfabricabusiness.com\/es\/wp-json\/wp\/v2\/product_cat?post=16063"},{"taxonomy":"product_tag","embeddable":true,"href":"https:\/\/godisfabricabusiness.com\/es\/wp-json\/wp\/v2\/product_tag?post=16063"},{"taxonomy":"flavor","embeddable":true,"href":"https:\/\/godisfabricabusiness.com\/es\/wp-json\/wp\/v2\/flavor?post=16063"},{"taxonomy":"allergens","embeddable":true,"href":"https:\/\/godisfabricabusiness.com\/es\/wp-json\/wp\/v2\/allergens?post=16063"}],"curies":[{"name":"wp","href":"https:\/\/api.w.org\/{rel}","templated":true}]}}