{"id":16065,"date":"2025-03-05T17:52:33","date_gmt":"2025-03-05T16:52:33","guid":{"rendered":"https:\/\/godisfabricabusiness.com\/?post_type=product&#038;p=16065"},"modified":"2026-01-10T17:59:21","modified_gmt":"2026-01-10T16:59:21","slug":"foamy-bananas","status":"publish","type":"product","link":"https:\/\/godisfabricabusiness.com\/es\/producto\/foamy-bananas\/","title":{"rendered":"Pl\u00e1tanos de Espuma"},"content":{"rendered":"<p>\u00a1Pl\u00e1tanos de Espuma \u2013 El snack que vuelve locos a monos y humanos por igual!<\/p>\n<p>Suaves, esponjosos y con la forma de los pl\u00e1tanos m\u00e1s adorables, estos dulces de espuma son como malvaviscos firmes con un toque tropical. Mete uno en tu boca y, de repente, est\u00e1s balance\u00e1ndote por la jungla del sabor dulce a pl\u00e1tano. Perfectos para darle un toque divertido a tu merienda, agregar algo especial a tu alijo de dulces o simplemente demostrar que eres un verdadero amante de los pl\u00e1tanos.<\/p>\n<p>\u00a1Echa unos cuantos Pl\u00e1tanos de Espuma en tu carrito, abre tu bolsa de dulces y deja que comience la locura bananera!<\/p>\n<div style=\"display: none;\">\n<h5 style=\"display: none;\">Pl\u00e1tanos Salados<\/h5>\n<h5><img decoding=\"async\" style=\"display: none;\" src=\"https:\/\/godisfabricabusiness.com\/wp-content\/uploads\/2024\/08\/IMG_5948-scaled.jpg\" alt=\"Candy Shop\" \/><\/h5>\n<p style=\"display: none;\">Shop delicious candies at our online candy shop in Spain. Explore a variety of sweets at Godisfabrica and enjoy fast delivery across Spain! &#8220;Shop your favorite candies at our online candy shop in Spain. Fast delivery, wide selection, and sweet deals await. Order now!&#8221; Shop online at Godisfabrica for the best candy in Spain. Discover delicious sweets, fast shipping, and premium quality treats today!<\/p>\n<\/div>\n<div style=\"display: none;\">\n<h5 style=\"display: none;\">Pl\u00e1tanos Salados<\/h5>\n<h5><img decoding=\"async\" style=\"display: none;\" src=\"https:\/\/godisfabricabusiness.com\/wp-content\/uploads\/2024\/08\/IMG_5948-scaled.jpg\" alt=\"Candy Shop\" \/><\/h5>\n<p style=\"display: none;\">Shop delicious candies at our online candy shop in Spain. Explore a variety of sweets at Godisfabrica and enjoy fast delivery across Spain! &#8220;Shop your favorite candies at our online candy shop in Spain. Fast delivery, wide selection, and sweet deals await. Order now!&#8221; Shop online at Godisfabrica for the best candy in Spain. Discover delicious sweets, fast shipping, and premium quality treats today!<\/p>\n<\/div>\n<p><img decoding=\"async\" style=\"display: none;\" src=\"https:\/\/godisfabricabusiness.com\/wp-content\/uploads\/2024\/08\/IMG_5948-scaled.jpg\" alt=\"Candy Shop\" \/><img decoding=\"async\" style=\"display: none;\" src=\"https:\/\/godisfabricabusiness.com\/wp-content\/uploads\/2024\/08\/IMG_5948-scaled.jpg\" alt=\"Candy Shop\" \/><\/p>\n<p style=\"display: none;\">Shop delicious candies at our online candy shop in Spain. Explore a variety of sweets at Godisfabrica and enjoy fast delivery across Spain! &#8220;Shop your favorite candies at our online candy shop in Spain. Fast delivery, wide selection, and sweet deals await. Order now!&#8221; Shop online at Godisfabrica for the best candy in Spain. Discover delicious sweets, fast shipping, and premium quality treats today!<\/p>","protected":false},"excerpt":{"rendered":"<p>4 unidades \u2013 23g<\/p>","protected":false},"featured_media":16336,"comment_status":"open","ping_status":"closed","template":"","meta":[],"product_brand":[],"product_cat":[225],"product_tag":[613,475,887,1289,478,736,1287,443,738,735,508,507,813,702,1288,610,1290],"flavor":[410,411],"allergens":[],"class_list":{"0":"post-16065","1":"product","2":"type-product","3":"status-publish","4":"has-post-thumbnail","6":"product_cat-bulk-candy-godis-fabrica","7":"product_tag-banaani","8":"product_tag-banana","9":"product_tag-banana-shape","10":"product_tag-chuches-platano","11":"product_tag-classic","12":"product_tag-espuma","13":"product_tag-espuma-firme","14":"product_tag-foam","15":"product_tag-foam-candy","16":"product_tag-foamy","17":"product_tag-fruit","18":"product_tag-fruity","19":"product_tag-fruity-candy","20":"product_tag-new","21":"product_tag-nube","22":"product_tag-platano","23":"product_tag-sabor-platano","24":"flavor-foam","25":"flavor-fruity","27":"first","28":"outofstock","29":"taxable","30":"shipping-taxable","31":"purchasable","32":"product-type-simple"},"_links":{"self":[{"href":"https:\/\/godisfabricabusiness.com\/es\/wp-json\/wp\/v2\/product\/16065","targetHints":{"allow":["GET"]}}],"collection":[{"href":"https:\/\/godisfabricabusiness.com\/es\/wp-json\/wp\/v2\/product"}],"about":[{"href":"https:\/\/godisfabricabusiness.com\/es\/wp-json\/wp\/v2\/types\/product"}],"replies":[{"embeddable":true,"href":"https:\/\/godisfabricabusiness.com\/es\/wp-json\/wp\/v2\/comments?post=16065"}],"wp:featuredmedia":[{"embeddable":true,"href":"https:\/\/godisfabricabusiness.com\/es\/wp-json\/wp\/v2\/media\/16336"}],"wp:attachment":[{"href":"https:\/\/godisfabricabusiness.com\/es\/wp-json\/wp\/v2\/media?parent=16065"}],"wp:term":[{"taxonomy":"product_brand","embeddable":true,"href":"https:\/\/godisfabricabusiness.com\/es\/wp-json\/wp\/v2\/product_brand?post=16065"},{"taxonomy":"product_cat","embeddable":true,"href":"https:\/\/godisfabricabusiness.com\/es\/wp-json\/wp\/v2\/product_cat?post=16065"},{"taxonomy":"product_tag","embeddable":true,"href":"https:\/\/godisfabricabusiness.com\/es\/wp-json\/wp\/v2\/product_tag?post=16065"},{"taxonomy":"flavor","embeddable":true,"href":"https:\/\/godisfabricabusiness.com\/es\/wp-json\/wp\/v2\/flavor?post=16065"},{"taxonomy":"allergens","embeddable":true,"href":"https:\/\/godisfabricabusiness.com\/es\/wp-json\/wp\/v2\/allergens?post=16065"}],"curies":[{"name":"wp","href":"https:\/\/api.w.org\/{rel}","templated":true}]}}