{"id":16067,"date":"2025-03-05T18:38:43","date_gmt":"2025-03-05T17:38:43","guid":{"rendered":"https:\/\/godisfabricabusiness.com\/?post_type=product&#038;p=16067"},"modified":"2026-01-10T17:59:21","modified_gmt":"2026-01-10T16:59:21","slug":"chocolate-corn-balls","status":"publish","type":"product","link":"https:\/\/godisfabricabusiness.com\/es\/producto\/chocolate-corn-balls\/","title":{"rendered":"Bolas de Ma\u00edz y Chocolate"},"content":{"rendered":"<p>Bolas de Ma\u00edz y Chocolate \u2013 \u00a1Un snack tan delicioso que no podr\u00e1s comer solo una!<\/p>\n<p>\u00a1Esos ligeros y crujientes puffs de ma\u00edz est\u00e1n cubiertos generosamente con un suave y cremoso chocolate con leche, creando una armon\u00eda perfecta entre el crujido y la dulzura! Cada bocado de las Bolas de Ma\u00edz y Chocolate ofrece un contraste delicioso entre la textura aireada del puff y la rica capa de chocolate aterciopelado. Ya sea que los disfrutes como un capricho para ti mismo, los compartas con amigos o le a\u00f1adas un toque de indulgencia a tu hora de merienda, \u00a1estos puffs de ma\u00edz cubiertos de chocolate seguro saciar\u00e1n tus antojos!<\/p>\n<p>\u00a1Prep\u00e1rate para un snack que se derrite en tu boca y te deja con ganas de m\u00e1s!<\/p>\n<div style=\"display: none;\">\n<h5 style=\"display: none;\">Frambuesa de Gelatina<\/h5>\n<h5><img decoding=\"async\" style=\"display: none;\" src=\"https:\/\/godisfabricabusiness.com\/wp-content\/uploads\/2024\/08\/IMG_5948-scaled.jpg\" alt=\"Candy Shop\" \/><\/h5>\n<p style=\"display: none;\">Shop delicious candies at our online candy shop in Spain. Explore a variety of sweets at Godisfabrica and enjoy fast delivery across Spain! &#8220;Shop your favorite candies at our online candy shop in Spain. Fast delivery, wide selection, and sweet deals await. Order now!&#8221; Shop online at Godisfabrica for the best candy in Spain. Discover delicious sweets, fast shipping, and premium quality treats today!<\/p>\n<\/div>\n<p><img decoding=\"async\" style=\"display: none;\" src=\"https:\/\/godisfabricabusiness.com\/wp-content\/uploads\/2024\/08\/IMG_5948-scaled.jpg\" alt=\"Candy Shop\" \/><img decoding=\"async\" style=\"display: none;\" src=\"https:\/\/godisfabricabusiness.com\/wp-content\/uploads\/2024\/08\/IMG_5948-scaled.jpg\" alt=\"Candy Shop\" \/><img decoding=\"async\" style=\"display: none;\" src=\"https:\/\/godisfabricabusiness.com\/wp-content\/uploads\/2024\/08\/IMG_5948-scaled.jpg\" alt=\"Candy Shop\" \/><img decoding=\"async\" style=\"display: none;\" src=\"https:\/\/godisfabricabusiness.com\/wp-content\/uploads\/2024\/08\/IMG_5948-scaled.jpg\" alt=\"Candy Shop\" \/><\/p>","protected":false},"excerpt":{"rendered":"<p>3 unidades \u2013 24g<\/p>","protected":false},"featured_media":16194,"comment_status":"open","ping_status":"closed","template":"","meta":[],"product_brand":[],"product_cat":[225,243],"product_tag":[580,1218,478,551,615,701,1093,480,1057,750,1217,702,1058,1059],"flavor":[],"allergens":[],"class_list":{"0":"post-16067","1":"product","2":"type-product","3":"status-publish","4":"has-post-thumbnail","6":"product_cat-bulk-candy-godis-fabrica","7":"product_cat-chocolates-godis-fabrica","8":"product_tag-caramelo","9":"product_tag-chuches-sin-gelatina","10":"product_tag-classic","11":"product_tag-cloetta","12":"product_tag-fresa","13":"product_tag-gelatin-free","14":"product_tag-gluten-free","15":"product_tag-lonka","16":"product_tag-lonka-soft-bites","17":"product_tag-mansikka","18":"product_tag-masticable","19":"product_tag-new","20":"product_tag-soft","21":"product_tag-soft-bite","23":"first","24":"outofstock","25":"taxable","26":"shipping-taxable","27":"purchasable","28":"product-type-simple"},"_links":{"self":[{"href":"https:\/\/godisfabricabusiness.com\/es\/wp-json\/wp\/v2\/product\/16067","targetHints":{"allow":["GET"]}}],"collection":[{"href":"https:\/\/godisfabricabusiness.com\/es\/wp-json\/wp\/v2\/product"}],"about":[{"href":"https:\/\/godisfabricabusiness.com\/es\/wp-json\/wp\/v2\/types\/product"}],"replies":[{"embeddable":true,"href":"https:\/\/godisfabricabusiness.com\/es\/wp-json\/wp\/v2\/comments?post=16067"}],"wp:featuredmedia":[{"embeddable":true,"href":"https:\/\/godisfabricabusiness.com\/es\/wp-json\/wp\/v2\/media\/16194"}],"wp:attachment":[{"href":"https:\/\/godisfabricabusiness.com\/es\/wp-json\/wp\/v2\/media?parent=16067"}],"wp:term":[{"taxonomy":"product_brand","embeddable":true,"href":"https:\/\/godisfabricabusiness.com\/es\/wp-json\/wp\/v2\/product_brand?post=16067"},{"taxonomy":"product_cat","embeddable":true,"href":"https:\/\/godisfabricabusiness.com\/es\/wp-json\/wp\/v2\/product_cat?post=16067"},{"taxonomy":"product_tag","embeddable":true,"href":"https:\/\/godisfabricabusiness.com\/es\/wp-json\/wp\/v2\/product_tag?post=16067"},{"taxonomy":"flavor","embeddable":true,"href":"https:\/\/godisfabricabusiness.com\/es\/wp-json\/wp\/v2\/flavor?post=16067"},{"taxonomy":"allergens","embeddable":true,"href":"https:\/\/godisfabricabusiness.com\/es\/wp-json\/wp\/v2\/allergens?post=16067"}],"curies":[{"name":"wp","href":"https:\/\/api.w.org\/{rel}","templated":true}]}}