{"id":16071,"date":"2025-03-05T22:42:42","date_gmt":"2025-03-05T21:42:42","guid":{"rendered":"https:\/\/godisfabricabusiness.com\/?post_type=product&#038;p=16071"},"modified":"2026-01-10T17:51:00","modified_gmt":"2026-01-10T16:51:00","slug":"toffee-fudge","status":"publish","type":"product","link":"https:\/\/godisfabricabusiness.com\/es\/producto\/toffee-fudge\/","title":{"rendered":"Fudge de Toffee"},"content":{"rendered":"<p>Fudge de Toffee \u2013 \u00a1Un peque\u00f1o cuadrado de felicidad!<\/p>\n<p>Imagina morder una nube masticable de toffee que se derrite en tu boca y lleva tus papilas gustativas a un viaje de primera clase a Dulcelandia. \u00a1Eso es Toffee Fudge! Hecho con la mezcla perfecta de toffee cremoso, susurros de caramelo y la cantidad justa de nostalgia, es m\u00e1s suave que tu mejor frase para ligar y m\u00e1s masticable que tu momento favorito de una comedia rom\u00e1ntica.<\/p>\n<p>\u00bfNecesitas un impulso de \u00e1nimo? \u00bfUn snack para tu alijo secreto de dulces? \u00bfUn regalo para alguien casi tan dulce como este fudge? Te tenemos cubierto. Advertencia: Puede causar alegr\u00eda extrema, antojos repentinos y la incapacidad de comer solo un trozo. Porque, seamos realistas, \u00a1la vida es simplemente mejor con fudge!<\/p>\n<div style=\"display: none;\">\n<h5 style=\"display: none;\">Frambuesa de Gelatina<\/h5>\n<h5><img decoding=\"async\" style=\"display: none;\" src=\"https:\/\/godisfabricabusiness.com\/wp-content\/uploads\/2024\/08\/IMG_5948-scaled.jpg\" alt=\"Candy Shop\" \/><\/h5>\n<p style=\"display: none;\">Shop delicious candies at our online candy shop in Spain. Explore a variety of sweets at Godisfabrica and enjoy fast delivery across Spain! &#8220;Shop your favorite candies at our online candy shop in Spain. Fast delivery, wide selection, and sweet deals await. Order now!&#8221; Shop online at Godisfabrica for the best candy in Spain. Discover delicious sweets, fast shipping, and premium quality treats today!<\/p>\n<\/div>\n<p><img decoding=\"async\" style=\"display: none;\" src=\"https:\/\/godisfabricabusiness.com\/wp-content\/uploads\/2024\/08\/IMG_5948-scaled.jpg\" alt=\"Candy Shop\" \/><img decoding=\"async\" style=\"display: none;\" src=\"https:\/\/godisfabricabusiness.com\/wp-content\/uploads\/2024\/08\/IMG_5948-scaled.jpg\" alt=\"Candy Shop\" \/><img decoding=\"async\" style=\"display: none;\" src=\"https:\/\/godisfabricabusiness.com\/wp-content\/uploads\/2024\/08\/IMG_5948-scaled.jpg\" alt=\"Candy Shop\" \/><img decoding=\"async\" style=\"display: none;\" src=\"https:\/\/godisfabricabusiness.com\/wp-content\/uploads\/2024\/08\/IMG_5948-scaled.jpg\" alt=\"Candy Shop\" \/><\/p>","protected":false},"excerpt":{"rendered":"<p>3 unidades - 25g<\/p>","protected":false},"featured_media":16184,"comment_status":"open","ping_status":"closed","template":"","meta":[],"product_brand":[],"product_cat":[225,294],"product_tag":[227,580,583,478,481,877,997,709,480,1217,702,1058,1059,226,1291],"flavor":[416,423],"allergens":[],"class_list":{"0":"post-16071","1":"product","2":"type-product","3":"status-publish","4":"has-post-thumbnail","6":"product_cat-bulk-candy-godis-fabrica","7":"product_cat-top-50-godis-fabrica","8":"product_tag-caramel","9":"product_tag-caramelo","10":"product_tag-chewy","11":"product_tag-classic","12":"product_tag-fudge","13":"product_tag-kinuski","14":"product_tag-kola","15":"product_tag-kolafabriken","16":"product_tag-lonka","17":"product_tag-masticable","18":"product_tag-new","19":"product_tag-soft","20":"product_tag-soft-bite","21":"product_tag-toffee","22":"product_tag-turron","23":"flavor-caramel-toffee","24":"flavor-fudge","26":"first","27":"outofstock","28":"taxable","29":"shipping-taxable","30":"purchasable","31":"product-type-simple"},"_links":{"self":[{"href":"https:\/\/godisfabricabusiness.com\/es\/wp-json\/wp\/v2\/product\/16071","targetHints":{"allow":["GET"]}}],"collection":[{"href":"https:\/\/godisfabricabusiness.com\/es\/wp-json\/wp\/v2\/product"}],"about":[{"href":"https:\/\/godisfabricabusiness.com\/es\/wp-json\/wp\/v2\/types\/product"}],"replies":[{"embeddable":true,"href":"https:\/\/godisfabricabusiness.com\/es\/wp-json\/wp\/v2\/comments?post=16071"}],"wp:featuredmedia":[{"embeddable":true,"href":"https:\/\/godisfabricabusiness.com\/es\/wp-json\/wp\/v2\/media\/16184"}],"wp:attachment":[{"href":"https:\/\/godisfabricabusiness.com\/es\/wp-json\/wp\/v2\/media?parent=16071"}],"wp:term":[{"taxonomy":"product_brand","embeddable":true,"href":"https:\/\/godisfabricabusiness.com\/es\/wp-json\/wp\/v2\/product_brand?post=16071"},{"taxonomy":"product_cat","embeddable":true,"href":"https:\/\/godisfabricabusiness.com\/es\/wp-json\/wp\/v2\/product_cat?post=16071"},{"taxonomy":"product_tag","embeddable":true,"href":"https:\/\/godisfabricabusiness.com\/es\/wp-json\/wp\/v2\/product_tag?post=16071"},{"taxonomy":"flavor","embeddable":true,"href":"https:\/\/godisfabricabusiness.com\/es\/wp-json\/wp\/v2\/flavor?post=16071"},{"taxonomy":"allergens","embeddable":true,"href":"https:\/\/godisfabricabusiness.com\/es\/wp-json\/wp\/v2\/allergens?post=16071"}],"curies":[{"name":"wp","href":"https:\/\/api.w.org\/{rel}","templated":true}]}}