{"id":16078,"date":"2025-03-06T08:47:26","date_gmt":"2025-03-06T07:47:26","guid":{"rendered":"https:\/\/godisfabricabusiness.com\/?post_type=product&#038;p=16078"},"modified":"2026-01-10T17:51:00","modified_gmt":"2026-01-10T16:51:00","slug":"dipmix-sourcream-onion-estrella","status":"publish","type":"product","link":"https:\/\/godisfabricabusiness.com\/es\/producto\/dipmix-sourcream-onion-estrella\/","title":{"rendered":"Dipmix Crema Agria y Cebolla"},"content":{"rendered":"<p>Dipmix Crema Agria y Cebolla \u2013 \u00a1La salsa que te har\u00e1 flipar!<\/p>\n<p>\u00a1Cremosa, rica y llena del irresistible sabor de crema agria y cebolla, esta mezcla (polvo) para dip est\u00e1 aqu\u00ed para llevar tus snacks al siguiente nivel! Solo m\u00e9zclala en minutos y voil\u00e0: tendr\u00e1s la salsa perfecta para chips, nachos o palitos de verduras frescas.<\/p>\n<p>Advertencia: Dipmix Crema Agria y Cebolla puede causar una adicci\u00f3n extrema al dip. Empezar\u00e1s con chips, pero pronto estar\u00e1s sumergiendo todo lo que encuentres\u2014zanahorias, colines, \u00a1quiz\u00e1s incluso tu cuchara...! No te juzgaremos.<\/p>\n<div style=\"display: none;\">\n<h5 style=\"display: none;\">Frambuesa de Gelatina<\/h5>\n<h5><img decoding=\"async\" style=\"display: none;\" src=\"https:\/\/godisfabricabusiness.com\/wp-content\/uploads\/2024\/08\/IMG_5948-scaled.jpg\" alt=\"Candy Shop\" \/><\/h5>\n<p style=\"display: none;\">Shop delicious candies at our online candy shop in Spain. Explore a variety of sweets at Godisfabrica and enjoy fast delivery across Spain! &#8220;Shop your favorite candies at our online candy shop in Spain. Fast delivery, wide selection, and sweet deals await. Order now!&#8221; Shop online at Godisfabrica for the best candy in Spain. Discover delicious sweets, fast shipping, and premium quality treats today!<\/p>\n<\/div>\n<div style=\"display: none;\">\n<h5 style=\"display: none;\">Raspberry<\/h5>\n<h5><img decoding=\"async\" style=\"display: none;\" src=\"https:\/\/godisfabricabusiness.com\/wp-content\/uploads\/2024\/08\/IMG_5948-scaled.jpg\" alt=\"Candy Shop\" \/><\/h5>\n<p style=\"display: none;\">Shop delicious candies at our online candy shop in Spain. Explore a variety of sweets at Godisfabrica and enjoy fast delivery across Spain! &#8220;Shop your favorite candies at our online candy shop in Spain. Fast delivery, wide selection, and sweet deals await. Order now!&#8221; Shop online at Godisfabrica for the best candy in Spain. Discover delicious sweets, fast shipping, and premium quality treats today!<\/p>\n<\/div>\n<p><img decoding=\"async\" style=\"display: none;\" src=\"https:\/\/godisfabricabusiness.com\/wp-content\/uploads\/2024\/08\/IMG_5948-scaled.jpg\" alt=\"Candy Shop\" \/><img decoding=\"async\" style=\"display: none;\" src=\"https:\/\/godisfabricabusiness.com\/wp-content\/uploads\/2024\/08\/IMG_5948-scaled.jpg\" alt=\"Candy Shop\" \/><\/p>","protected":false},"excerpt":{"rendered":"<p>24g<\/p>","protected":false},"featured_media":17285,"comment_status":"open","ping_status":"closed","template":"","meta":[],"product_brand":[],"product_cat":[292],"product_tag":[634,1309,1311,633,1297,975,1307,702,1308,1294,636,1300,1299,1295,637,1304,1305,1310,1298,1301,1302,976,644,1306],"flavor":[414,415],"allergens":[],"class_list":{"0":"post-16078","1":"product","2":"type-product","3":"status-publish","4":"has-post-thumbnail","6":"product_cat-snacks-godis-fabrica","7":"product_tag-chips","8":"product_tag-dip","9":"product_tag-dipmix","10":"product_tag-estrella","11":"product_tag-estrella-chips","12":"product_tag-finnish-chips","13":"product_tag-garlic","14":"product_tag-new","15":"product_tag-onion","16":"product_tag-papas-frita","17":"product_tag-patatas","18":"product_tag-patatas-chips","19":"product_tag-patatas-fritas","20":"product_tag-potato","21":"product_tag-potato-chips","22":"product_tag-ranch","23":"product_tag-ranch-chips","24":"product_tag-salsa","25":"product_tag-scandi-chips","26":"product_tag-sipsit","27":"product_tag-sourcream-onion","28":"product_tag-swedish-chips","29":"product_tag-taffel","30":"product_tag-tomato","31":"flavor-salty","32":"flavor-sour","34":"first","35":"outofstock","36":"taxable","37":"shipping-taxable","38":"purchasable","39":"product-type-simple"},"_links":{"self":[{"href":"https:\/\/godisfabricabusiness.com\/es\/wp-json\/wp\/v2\/product\/16078","targetHints":{"allow":["GET"]}}],"collection":[{"href":"https:\/\/godisfabricabusiness.com\/es\/wp-json\/wp\/v2\/product"}],"about":[{"href":"https:\/\/godisfabricabusiness.com\/es\/wp-json\/wp\/v2\/types\/product"}],"replies":[{"embeddable":true,"href":"https:\/\/godisfabricabusiness.com\/es\/wp-json\/wp\/v2\/comments?post=16078"}],"wp:featuredmedia":[{"embeddable":true,"href":"https:\/\/godisfabricabusiness.com\/es\/wp-json\/wp\/v2\/media\/17285"}],"wp:attachment":[{"href":"https:\/\/godisfabricabusiness.com\/es\/wp-json\/wp\/v2\/media?parent=16078"}],"wp:term":[{"taxonomy":"product_brand","embeddable":true,"href":"https:\/\/godisfabricabusiness.com\/es\/wp-json\/wp\/v2\/product_brand?post=16078"},{"taxonomy":"product_cat","embeddable":true,"href":"https:\/\/godisfabricabusiness.com\/es\/wp-json\/wp\/v2\/product_cat?post=16078"},{"taxonomy":"product_tag","embeddable":true,"href":"https:\/\/godisfabricabusiness.com\/es\/wp-json\/wp\/v2\/product_tag?post=16078"},{"taxonomy":"flavor","embeddable":true,"href":"https:\/\/godisfabricabusiness.com\/es\/wp-json\/wp\/v2\/flavor?post=16078"},{"taxonomy":"allergens","embeddable":true,"href":"https:\/\/godisfabricabusiness.com\/es\/wp-json\/wp\/v2\/allergens?post=16078"}],"curies":[{"name":"wp","href":"https:\/\/api.w.org\/{rel}","templated":true}]}}