{"id":16080,"date":"2025-03-06T09:04:48","date_gmt":"2025-03-06T08:04:48","guid":{"rendered":"https:\/\/godisfabricabusiness.com\/?post_type=product&#038;p=16080"},"modified":"2026-01-10T17:50:59","modified_gmt":"2026-01-10T16:50:59","slug":"dipmix-dill-chives","status":"publish","type":"product","link":"https:\/\/godisfabricabusiness.com\/es\/producto\/dipmix-dill-chives\/","title":{"rendered":"Dipmix Eneldo y Cebollino"},"content":{"rendered":"<p>Dipmix Eneldo y Cebollino es una deliciosa salsa (polvo) de OLW: \u00a1El puro sabor del verano!<\/p>\n<p>La dip perfecta para acompa\u00f1ar tus papas fritas, pero tambi\u00e9n una fant\u00e1stica salsa para ensaladas o para verduras reci\u00e9n asadas. Ya sea para una acogedora noche de viernes, una fiesta o la cena, todo mejora con un delicioso Dipmix Eneldo y Cebollino. \u00a1Solo m\u00e9zclalo en minutos y voil\u00e0!<\/p>\n<p>Advertencia: Puede causar una intensa adicci\u00f3n al dipeo. Empezar\u00e1s con papas fritas, pero pronto estar\u00e1s sumergiendo todo a tu alcance: zanahorias, palitos de pan, \u00a1tal vez incluso tu cuchara...! No te juzgaremos.<\/p>\n<div style=\"display: none;\">\n<h5 style=\"display: none;\">Frambuesa de Gelatina<\/h5>\n<h5><img decoding=\"async\" style=\"display: none;\" src=\"https:\/\/godisfabricabusiness.com\/wp-content\/uploads\/2024\/08\/IMG_5948-scaled.jpg\" alt=\"Candy Shop\" \/><\/h5>\n<p style=\"display: none;\">Shop delicious candies at our online candy shop in Spain. Explore a variety of sweets at Godisfabrica and enjoy fast delivery across Spain! &#8220;Shop your favorite candies at our online candy shop in Spain. Fast delivery, wide selection, and sweet deals await. Order now!&#8221; Shop online at Godisfabrica for the best candy in Spain. Discover delicious sweets, fast shipping, and premium quality treats today!<\/p>\n<\/div>\n<div style=\"display: none;\">\n<h5 style=\"display: none;\">Raspberry<\/h5>\n<h5><img decoding=\"async\" style=\"display: none;\" src=\"https:\/\/godisfabricabusiness.com\/wp-content\/uploads\/2024\/08\/IMG_5948-scaled.jpg\" alt=\"Candy Shop\" \/><\/h5>\n<p style=\"display: none;\">Shop delicious candies at our online candy shop in Spain. Explore a variety of sweets at Godisfabrica and enjoy fast delivery across Spain! &#8220;Shop your favorite candies at our online candy shop in Spain. Fast delivery, wide selection, and sweet deals await. Order now!&#8221; Shop online at Godisfabrica for the best candy in Spain. Discover delicious sweets, fast shipping, and premium quality treats today!<\/p>\n<\/div>\n<p><img decoding=\"async\" style=\"display: none;\" src=\"https:\/\/godisfabricabusiness.com\/wp-content\/uploads\/2024\/08\/IMG_5948-scaled.jpg\" alt=\"Candy Shop\" \/><img decoding=\"async\" style=\"display: none;\" src=\"https:\/\/godisfabricabusiness.com\/wp-content\/uploads\/2024\/08\/IMG_5948-scaled.jpg\" alt=\"Candy Shop\" \/><\/p>","protected":false},"excerpt":{"rendered":"<p>24g<\/p>","protected":false},"featured_media":17287,"comment_status":"open","ping_status":"closed","template":"","meta":[],"product_brand":[],"product_cat":[292],"product_tag":[634,979,978,1309,1311,633,1297,975,1307,702,1308,1294,636,1300,1299,1295,637,1304,980,1310,1298,1301,1302,976,644,983],"flavor":[414],"allergens":[],"class_list":{"0":"post-16080","1":"product","2":"type-product","3":"status-publish","4":"has-post-thumbnail","6":"product_cat-snacks-godis-fabrica","7":"product_tag-chips","8":"product_tag-chives","9":"product_tag-dill","10":"product_tag-dip","11":"product_tag-dipmix","12":"product_tag-estrella","13":"product_tag-estrella-chips","14":"product_tag-finnish-chips","15":"product_tag-garlic","16":"product_tag-new","17":"product_tag-onion","18":"product_tag-papas-frita","19":"product_tag-patatas","20":"product_tag-patatas-chips","21":"product_tag-patatas-fritas","22":"product_tag-potato","23":"product_tag-potato-chips","24":"product_tag-ranch","25":"product_tag-ruohosipuli","26":"product_tag-salsa","27":"product_tag-scandi-chips","28":"product_tag-sipsit","29":"product_tag-sourcream-onion","30":"product_tag-swedish-chips","31":"product_tag-taffel","32":"product_tag-tilli","33":"flavor-salty","35":"first","36":"outofstock","37":"taxable","38":"shipping-taxable","39":"purchasable","40":"product-type-simple"},"_links":{"self":[{"href":"https:\/\/godisfabricabusiness.com\/es\/wp-json\/wp\/v2\/product\/16080","targetHints":{"allow":["GET"]}}],"collection":[{"href":"https:\/\/godisfabricabusiness.com\/es\/wp-json\/wp\/v2\/product"}],"about":[{"href":"https:\/\/godisfabricabusiness.com\/es\/wp-json\/wp\/v2\/types\/product"}],"replies":[{"embeddable":true,"href":"https:\/\/godisfabricabusiness.com\/es\/wp-json\/wp\/v2\/comments?post=16080"}],"wp:featuredmedia":[{"embeddable":true,"href":"https:\/\/godisfabricabusiness.com\/es\/wp-json\/wp\/v2\/media\/17287"}],"wp:attachment":[{"href":"https:\/\/godisfabricabusiness.com\/es\/wp-json\/wp\/v2\/media?parent=16080"}],"wp:term":[{"taxonomy":"product_brand","embeddable":true,"href":"https:\/\/godisfabricabusiness.com\/es\/wp-json\/wp\/v2\/product_brand?post=16080"},{"taxonomy":"product_cat","embeddable":true,"href":"https:\/\/godisfabricabusiness.com\/es\/wp-json\/wp\/v2\/product_cat?post=16080"},{"taxonomy":"product_tag","embeddable":true,"href":"https:\/\/godisfabricabusiness.com\/es\/wp-json\/wp\/v2\/product_tag?post=16080"},{"taxonomy":"flavor","embeddable":true,"href":"https:\/\/godisfabricabusiness.com\/es\/wp-json\/wp\/v2\/flavor?post=16080"},{"taxonomy":"allergens","embeddable":true,"href":"https:\/\/godisfabricabusiness.com\/es\/wp-json\/wp\/v2\/allergens?post=16080"}],"curies":[{"name":"wp","href":"https:\/\/api.w.org\/{rel}","templated":true}]}}