{"id":16082,"date":"2025-03-06T10:27:15","date_gmt":"2025-03-06T09:27:15","guid":{"rendered":"https:\/\/godisfabricabusiness.com\/?post_type=product&#038;p=16082"},"modified":"2026-01-10T17:50:59","modified_gmt":"2026-01-10T16:50:59","slug":"tutti-frutti-sour-fruits","status":"publish","type":"product","link":"https:\/\/godisfabricabusiness.com\/es\/producto\/tutti-frutti-sour-fruits\/","title":{"rendered":"Tutti Frutti Frutas \u00c1cidas"},"content":{"rendered":"<p>Tutti Frutti Frutas \u00c1cidas \u2013 \u00a1Una fiesta \u00e1cida en tu boca!<\/p>\n<p>\u00a1Prep\u00e1rate para un viaje salvaje de diversi\u00f3n afrutada! Las golosinas Tutti Frutti Frutas \u00c1cidas te ofrecen la mezcla perfecta de frambuesa, pera, lim\u00f3n y m\u00e1s, \u00a1todo con un toque \u00e1cido para mantener a tus papilas gustativas alerta! Estos peque\u00f1os estallidos de alegr\u00eda de Fazer est\u00e1n hechos con colores naturales, sin gelatina y son completamente aptos para veganos. \u00a1Eso significa que puedes disfrutar de ellas sin culpa mientras haces tu cara \u00e1cida para que todo el mundo la vea!<\/p>\n<p>Disfruta tus Tutti Frutti Frutas \u00c1cidas solo o comp\u00e1rtelas con un amigo, \u00a1porque la felicidad (y un poco de travesura \u00e1cida) se disfruta mejor cuando se comparte!<\/p>\n<div style=\"display: none;\">\n<h5 style=\"display: none;\">Frambuesa de Gelatina<\/h5>\n<h5><img decoding=\"async\" style=\"display: none;\" src=\"https:\/\/godisfabricabusiness.com\/wp-content\/uploads\/2024\/08\/IMG_5948-scaled.jpg\" alt=\"Candy Shop\" \/><\/h5>\n<p style=\"display: none;\">Shop delicious candies at our online candy shop in Spain. Explore a variety of sweets at Godisfabrica and enjoy fast delivery across Spain! &#8220;Shop your favorite candies at our online candy shop in Spain. Fast delivery, wide selection, and sweet deals await. Order now!&#8221; Shop online at Godisfabrica for the best candy in Spain. Discover delicious sweets, fast shipping, and premium quality treats today!<\/p>\n<\/div>\n<div style=\"display: none;\">\n<h5 style=\"display: none;\">Raspberry<\/h5>\n<h5><img decoding=\"async\" style=\"display: none;\" src=\"https:\/\/godisfabricabusiness.com\/wp-content\/uploads\/2024\/08\/IMG_5948-scaled.jpg\" alt=\"Candy Shop\" \/><\/h5>\n<p style=\"display: none;\">Shop delicious candies at our online candy shop in Spain. Explore a variety of sweets at Godisfabrica and enjoy fast delivery across Spain! &#8220;Shop your favorite candies at our online candy shop in Spain. Fast delivery, wide selection, and sweet deals await. Order now!&#8221; Shop online at Godisfabrica for the best candy in Spain. Discover delicious sweets, fast shipping, and premium quality treats today!<\/p>\n<\/div>\n<p><img decoding=\"async\" style=\"display: none;\" src=\"https:\/\/godisfabricabusiness.com\/wp-content\/uploads\/2024\/08\/IMG_5948-scaled.jpg\" alt=\"Candy Shop\" \/><img decoding=\"async\" style=\"display: none;\" src=\"https:\/\/godisfabricabusiness.com\/wp-content\/uploads\/2024\/08\/IMG_5948-scaled.jpg\" alt=\"Candy Shop\" \/><\/p>","protected":false},"excerpt":{"rendered":"<p>6 unidades \u2013 25g<\/p>","protected":false},"featured_media":16225,"comment_status":"open","ping_status":"closed","template":"","meta":[],"product_brand":[],"product_cat":[225,290],"product_tag":[1128,731,1275,629,628,1110,537,229,1107,508,540,1205,507,1276,1213,968,520,702,1313,1222,543,1312,291,445,607],"flavor":[411,415],"allergens":[426,425],"class_list":{"0":"post-16082","1":"product","2":"type-product","3":"status-publish","4":"has-post-thumbnail","6":"product_cat-bulk-candy-godis-fabrica","7":"product_cat-vegan-products-godis-fabrica","8":"product_tag-acida","9":"product_tag-acido","10":"product_tag-baya","11":"product_tag-berries","12":"product_tag-berry","13":"product_tag-chuches-acidas","14":"product_tag-chuches-veganas","15":"product_tag-fazer","16":"product_tag-fazer-candy","17":"product_tag-fruit","18":"product_tag-fruit-candy","19":"product_tag-fruits","20":"product_tag-fruity","21":"product_tag-frutal","22":"product_tag-frutos","23":"product_tag-golosinas-veganas","24":"product_tag-melon","25":"product_tag-new","26":"product_tag-sin-gelatin","27":"product_tag-sin-gelatina","28":"product_tag-tutti-frutti","29":"product_tag-tutti-frutti-sour","30":"product_tag-vegan","31":"product_tag-vegan-candy","32":"product_tag-vegano","33":"flavor-fruity","34":"flavor-sour","35":"allergens-gelatin-free","36":"allergens-vegan","38":"first","39":"outofstock","40":"taxable","41":"shipping-taxable","42":"purchasable","43":"product-type-simple"},"_links":{"self":[{"href":"https:\/\/godisfabricabusiness.com\/es\/wp-json\/wp\/v2\/product\/16082","targetHints":{"allow":["GET"]}}],"collection":[{"href":"https:\/\/godisfabricabusiness.com\/es\/wp-json\/wp\/v2\/product"}],"about":[{"href":"https:\/\/godisfabricabusiness.com\/es\/wp-json\/wp\/v2\/types\/product"}],"replies":[{"embeddable":true,"href":"https:\/\/godisfabricabusiness.com\/es\/wp-json\/wp\/v2\/comments?post=16082"}],"wp:featuredmedia":[{"embeddable":true,"href":"https:\/\/godisfabricabusiness.com\/es\/wp-json\/wp\/v2\/media\/16225"}],"wp:attachment":[{"href":"https:\/\/godisfabricabusiness.com\/es\/wp-json\/wp\/v2\/media?parent=16082"}],"wp:term":[{"taxonomy":"product_brand","embeddable":true,"href":"https:\/\/godisfabricabusiness.com\/es\/wp-json\/wp\/v2\/product_brand?post=16082"},{"taxonomy":"product_cat","embeddable":true,"href":"https:\/\/godisfabricabusiness.com\/es\/wp-json\/wp\/v2\/product_cat?post=16082"},{"taxonomy":"product_tag","embeddable":true,"href":"https:\/\/godisfabricabusiness.com\/es\/wp-json\/wp\/v2\/product_tag?post=16082"},{"taxonomy":"flavor","embeddable":true,"href":"https:\/\/godisfabricabusiness.com\/es\/wp-json\/wp\/v2\/flavor?post=16082"},{"taxonomy":"allergens","embeddable":true,"href":"https:\/\/godisfabricabusiness.com\/es\/wp-json\/wp\/v2\/allergens?post=16082"}],"curies":[{"name":"wp","href":"https:\/\/api.w.org\/{rel}","templated":true}]}}