{"id":16086,"date":"2025-03-06T11:02:46","date_gmt":"2025-03-06T10:02:46","guid":{"rendered":"https:\/\/godisfabricabusiness.com\/?post_type=product&#038;p=16086"},"modified":"2026-01-10T17:50:59","modified_gmt":"2026-01-10T16:50:59","slug":"foamy-chocolate-bananas","status":"publish","type":"product","link":"https:\/\/godisfabricabusiness.com\/es\/producto\/foamy-chocolate-bananas\/","title":{"rendered":"Espuma de Pl\u00e1tano y Chocolate"},"content":{"rendered":"<p>Espuma de Pl\u00e1tano y Chocolate \u2013 \u00a1El snack por el que tanto los monos como los humanos se vuelven locos!<\/p>\n<p>Suaves, esponjosas y con forma de las bananitas m\u00e1s adorables, estas golosinas cubiertas de chocolate son como malvaviscos firmes con un toque tropical de pl\u00e1tano. \u00a1P\u00f3ntelas en la boca y de repente estar\u00e1s balance\u00e1ndote en una jungla de dulce y deliciosa esencia a pl\u00e1tano! Las Espumas de Pl\u00e1tano y Chocolate son perfectas para divertirte en la hora de la merienda, a\u00f1adir un toque divertido a tu colecci\u00f3n de golosinas o simplemente para demostrar que eres un verdadero amante del pl\u00e1tano.<\/p>\n<p>\u00a1Pon algunas Espumas de Pl\u00e1tano y Chocolate en tu carrito de compras, abre tu bolsa de chuches Pick&amp;Mix y deja que comience la locura de chocolate y espuma!<\/p>\n<div style=\"display: none;\">\n<h5 style=\"display: none;\">Pl\u00e1tanos Salados<\/h5>\n<h5><img decoding=\"async\" style=\"display: none;\" src=\"https:\/\/godisfabricabusiness.com\/wp-content\/uploads\/2024\/08\/IMG_5948-scaled.jpg\" alt=\"Candy Shop\" \/><\/h5>\n<p style=\"display: none;\">Shop delicious candies at our online candy shop in Spain. Explore a variety of sweets at Godisfabrica and enjoy fast delivery across Spain! &#8220;Shop your favorite candies at our online candy shop in Spain. Fast delivery, wide selection, and sweet deals await. Order now!&#8221; Shop online at Godisfabrica for the best candy in Spain. Discover delicious sweets, fast shipping, and premium quality treats today!<\/p>\n<\/div>\n<div style=\"display: none;\">\n<h5 style=\"display: none;\">Pl\u00e1tanos Salados<\/h5>\n<h5><img decoding=\"async\" style=\"display: none;\" src=\"https:\/\/godisfabricabusiness.com\/wp-content\/uploads\/2024\/08\/IMG_5948-scaled.jpg\" alt=\"Candy Shop\" \/><\/h5>\n<p style=\"display: none;\">Shop delicious candies at our online candy shop in Spain. Explore a variety of sweets at Godisfabrica and enjoy fast delivery across Spain! &#8220;Shop your favorite candies at our online candy shop in Spain. Fast delivery, wide selection, and sweet deals await. Order now!&#8221; Shop online at Godisfabrica for the best candy in Spain. Discover delicious sweets, fast shipping, and premium quality treats today!<\/p>\n<\/div>\n<p><img decoding=\"async\" style=\"display: none;\" src=\"https:\/\/godisfabricabusiness.com\/wp-content\/uploads\/2024\/08\/IMG_5948-scaled.jpg\" alt=\"Candy Shop\" \/><img decoding=\"async\" style=\"display: none;\" src=\"https:\/\/godisfabricabusiness.com\/wp-content\/uploads\/2024\/08\/IMG_5948-scaled.jpg\" alt=\"Candy Shop\" \/><\/p>\n<p style=\"display: none;\">Shop delicious candies at our online candy shop in Spain. Explore a variety of sweets at Godisfabrica and enjoy fast delivery across Spain! &#8220;Shop your favorite candies at our online candy shop in Spain. Fast delivery, wide selection, and sweet deals await. Order now!&#8221; Shop online at Godisfabrica for the best candy in Spain. Discover delicious sweets, fast shipping, and premium quality treats today!<\/p>","protected":false},"excerpt":{"rendered":"<p>2 unidades - 30g<\/p>","protected":false},"featured_media":16186,"comment_status":"open","ping_status":"closed","template":"","meta":[],"product_brand":[],"product_cat":[225,243],"product_tag":[613,475,887,230,1315,651,1289,478,1314,736,1287,443,738,735,508,507,813,702,1288,610,1290,1316],"flavor":[412,410,411],"allergens":[],"class_list":{"0":"post-16086","1":"product","2":"type-product","3":"status-publish","4":"has-post-thumbnail","6":"product_cat-bulk-candy-godis-fabrica","7":"product_cat-chocolates-godis-fabrica","8":"product_tag-banaani","9":"product_tag-banana","10":"product_tag-banana-shape","11":"product_tag-chocolate","12":"product_tag-chocolate-banana","13":"product_tag-chocolate-cover","14":"product_tag-chuches-platano","15":"product_tag-classic","16":"product_tag-cubierto-chocolate","17":"product_tag-espuma","18":"product_tag-espuma-firme","19":"product_tag-foam","20":"product_tag-foam-candy","21":"product_tag-foamy","22":"product_tag-fruit","23":"product_tag-fruity","24":"product_tag-fruity-candy","25":"product_tag-new","26":"product_tag-nube","27":"product_tag-platano","28":"product_tag-sabor-platano","29":"product_tag-suklaa-banaani","30":"flavor-chocolate","31":"flavor-foam","32":"flavor-fruity","34":"first","35":"outofstock","36":"taxable","37":"shipping-taxable","38":"purchasable","39":"product-type-simple"},"_links":{"self":[{"href":"https:\/\/godisfabricabusiness.com\/es\/wp-json\/wp\/v2\/product\/16086","targetHints":{"allow":["GET"]}}],"collection":[{"href":"https:\/\/godisfabricabusiness.com\/es\/wp-json\/wp\/v2\/product"}],"about":[{"href":"https:\/\/godisfabricabusiness.com\/es\/wp-json\/wp\/v2\/types\/product"}],"replies":[{"embeddable":true,"href":"https:\/\/godisfabricabusiness.com\/es\/wp-json\/wp\/v2\/comments?post=16086"}],"wp:featuredmedia":[{"embeddable":true,"href":"https:\/\/godisfabricabusiness.com\/es\/wp-json\/wp\/v2\/media\/16186"}],"wp:attachment":[{"href":"https:\/\/godisfabricabusiness.com\/es\/wp-json\/wp\/v2\/media?parent=16086"}],"wp:term":[{"taxonomy":"product_brand","embeddable":true,"href":"https:\/\/godisfabricabusiness.com\/es\/wp-json\/wp\/v2\/product_brand?post=16086"},{"taxonomy":"product_cat","embeddable":true,"href":"https:\/\/godisfabricabusiness.com\/es\/wp-json\/wp\/v2\/product_cat?post=16086"},{"taxonomy":"product_tag","embeddable":true,"href":"https:\/\/godisfabricabusiness.com\/es\/wp-json\/wp\/v2\/product_tag?post=16086"},{"taxonomy":"flavor","embeddable":true,"href":"https:\/\/godisfabricabusiness.com\/es\/wp-json\/wp\/v2\/flavor?post=16086"},{"taxonomy":"allergens","embeddable":true,"href":"https:\/\/godisfabricabusiness.com\/es\/wp-json\/wp\/v2\/allergens?post=16086"}],"curies":[{"name":"wp","href":"https:\/\/api.w.org\/{rel}","templated":true}]}}