{"id":16090,"date":"2025-03-06T11:38:48","date_gmt":"2025-03-06T10:38:48","guid":{"rendered":"https:\/\/godisfabricabusiness.com\/?post_type=product&#038;p=16090"},"modified":"2026-01-10T17:50:59","modified_gmt":"2026-01-10T16:50:59","slug":"orange-cola-bottles","status":"publish","type":"product","link":"https:\/\/godisfabricabusiness.com\/es\/producto\/orange-cola-bottles\/","title":{"rendered":"Botellas de Cola y Naranja"},"content":{"rendered":"<p>\u00a1Botellas de Cola y Naranja \u2013 Un giro \u00e1cido al caramelo cl\u00e1sico!<\/p>\n<p>\u00a1Prep\u00e1rate para llevar tus papilas gustativas a una monta\u00f1a rusa de diversi\u00f3n con cola, \u00e1cido y burbujeas de sabor! Estas botellas de cola y naranja masticables est\u00e1n llenas del d\u00fao de sabores definitivo, \u00a1como una fiesta de soda y ponche de frutas en tu boca! Cada botella est\u00e1 cubierta con una generosa capa de az\u00facar \u00e1cido, lo que las convierte en el dulce perfecto para aquellos que prefieren sus golosinas con un toque de chispa. Mete una de tus Botellas de Cola y Naranja y experimenta la explosi\u00f3n de sabor que te har\u00e1 decir: \u201c\u00bfPor qu\u00e9 esto es tan deliciosamente adictivo?\u201d<\/p>\n<p>Conf\u00eda en nosotros, \u00a1una sola botella no ser\u00e1 suficiente! Te enganchar\u00e1s m\u00e1s r\u00e1pido de lo que una lata de soda dice \"\u00a1pop!\"<\/p>\n<div style=\"display: none;\">\n<h5 style=\"display: none;\">Frambuesa de Gelatina<\/h5>\n<h5><img decoding=\"async\" style=\"display: none;\" src=\"https:\/\/godisfabricabusiness.com\/wp-content\/uploads\/2024\/08\/IMG_5948-scaled.jpg\" alt=\"Candy Shop\" \/><\/h5>\n<p style=\"display: none;\">Shop delicious candies at our online candy shop in Spain. Explore a variety of sweets at Godisfabrica and enjoy fast delivery across Spain! &#8220;Shop your favorite candies at our online candy shop in Spain. Fast delivery, wide selection, and sweet deals await. Order now!&#8221; Shop online at Godisfabrica for the best candy in Spain. Discover delicious sweets, fast shipping, and premium quality treats today!<\/p>\n<\/div>\n<div style=\"display: none;\">\n<h5 style=\"display: none;\">Raspberry<\/h5>\n<h5><img decoding=\"async\" style=\"display: none;\" src=\"https:\/\/godisfabricabusiness.com\/wp-content\/uploads\/2024\/08\/IMG_5948-scaled.jpg\" alt=\"Candy Shop\" \/><\/h5>\n<p style=\"display: none;\">Shop delicious candies at our online candy shop in Spain. Explore a variety of sweets at Godisfabrica and enjoy fast delivery across Spain! &#8220;Shop your favorite candies at our online candy shop in Spain. Fast delivery, wide selection, and sweet deals await. Order now!&#8221; Shop online at Godisfabrica for the best candy in Spain. Discover delicious sweets, fast shipping, and premium quality treats today!<\/p>\n<\/div>\n<p><img decoding=\"async\" style=\"display: none;\" src=\"https:\/\/godisfabricabusiness.com\/wp-content\/uploads\/2024\/08\/IMG_5948-scaled.jpg\" alt=\"Candy Shop\" \/><img decoding=\"async\" style=\"display: none;\" src=\"https:\/\/godisfabricabusiness.com\/wp-content\/uploads\/2024\/08\/IMG_5948-scaled.jpg\" alt=\"Candy Shop\" \/><\/p>","protected":false},"excerpt":{"rendered":"<p>4 unidades - 24g<\/p>","protected":false},"featured_media":16199,"comment_status":"open","ping_status":"closed","template":"","meta":[],"product_brand":[],"product_cat":[225],"product_tag":[1128,731,1320,574,628,1319,1318,1110,817,547,816,1317,508,540,1205,507,1276,1213,573,702,572],"flavor":[418,411,415],"allergens":[428],"class_list":{"0":"post-16090","1":"product","2":"type-product","3":"status-publish","4":"has-post-thumbnail","6":"product_cat-bulk-candy-godis-fabrica","7":"product_tag-acida","8":"product_tag-acido","9":"product_tag-apelsin","10":"product_tag-appelsiini","11":"product_tag-berry","12":"product_tag-black-orange","13":"product_tag-black-orange-bottle","14":"product_tag-chuches-acidas","15":"product_tag-coca-cola","16":"product_tag-cola","17":"product_tag-cola-flavor","18":"product_tag-cola-orange-bottle","19":"product_tag-fruit","20":"product_tag-fruit-candy","21":"product_tag-fruits","22":"product_tag-fruity","23":"product_tag-frutal","24":"product_tag-frutos","25":"product_tag-naranja","26":"product_tag-new","27":"product_tag-orange","28":"flavor-cola","29":"flavor-fruity","30":"flavor-sour","31":"allergens-gluten-free","33":"first","34":"outofstock","35":"taxable","36":"shipping-taxable","37":"purchasable","38":"product-type-simple"},"_links":{"self":[{"href":"https:\/\/godisfabricabusiness.com\/es\/wp-json\/wp\/v2\/product\/16090","targetHints":{"allow":["GET"]}}],"collection":[{"href":"https:\/\/godisfabricabusiness.com\/es\/wp-json\/wp\/v2\/product"}],"about":[{"href":"https:\/\/godisfabricabusiness.com\/es\/wp-json\/wp\/v2\/types\/product"}],"replies":[{"embeddable":true,"href":"https:\/\/godisfabricabusiness.com\/es\/wp-json\/wp\/v2\/comments?post=16090"}],"wp:featuredmedia":[{"embeddable":true,"href":"https:\/\/godisfabricabusiness.com\/es\/wp-json\/wp\/v2\/media\/16199"}],"wp:attachment":[{"href":"https:\/\/godisfabricabusiness.com\/es\/wp-json\/wp\/v2\/media?parent=16090"}],"wp:term":[{"taxonomy":"product_brand","embeddable":true,"href":"https:\/\/godisfabricabusiness.com\/es\/wp-json\/wp\/v2\/product_brand?post=16090"},{"taxonomy":"product_cat","embeddable":true,"href":"https:\/\/godisfabricabusiness.com\/es\/wp-json\/wp\/v2\/product_cat?post=16090"},{"taxonomy":"product_tag","embeddable":true,"href":"https:\/\/godisfabricabusiness.com\/es\/wp-json\/wp\/v2\/product_tag?post=16090"},{"taxonomy":"flavor","embeddable":true,"href":"https:\/\/godisfabricabusiness.com\/es\/wp-json\/wp\/v2\/flavor?post=16090"},{"taxonomy":"allergens","embeddable":true,"href":"https:\/\/godisfabricabusiness.com\/es\/wp-json\/wp\/v2\/allergens?post=16090"}],"curies":[{"name":"wp","href":"https:\/\/api.w.org\/{rel}","templated":true}]}}