{"id":16092,"date":"2025-03-06T12:02:43","date_gmt":"2025-03-06T11:02:43","guid":{"rendered":"https:\/\/godisfabricabusiness.com\/?post_type=product&#038;p=16092"},"modified":"2026-01-10T17:50:59","modified_gmt":"2026-01-10T16:50:59","slug":"sour-pear-bottles","status":"publish","type":"product","link":"https:\/\/godisfabricabusiness.com\/es\/producto\/sour-pear-bottles\/","title":{"rendered":"Botellas \u00c1cidas de Pera"},"content":{"rendered":"<p>\u00a1Botellas \u00c1cidas de Pera \u2013 \u00a1Como unas vacaciones de verano en cada mordisco!<\/p>\n<p>\u00a1Prep\u00e1rate para una explosi\u00f3n de perfecci\u00f3n de pera en cada bocado! Estas botellas de soda \u00e1cidas y masticables son como unas dulces vacaciones de verano. Con un sabor refrescante de pera que tiene justo el toque de acidez, \u00a1es como tener una fiesta de helado Piggelin sin el desorden! As\u00ed que si eres fan de ese ic\u00f3nico helado sueco, estas peque\u00f1as Botellas \u00c1cidas de Pera ser\u00e1n tu nuevo mejor amigo.<\/p>\n<p>\u00a1Adelante, pon una de tus Botellas \u00c1cidas de Pera en la boca y deja que comience la diversi\u00f3n PER-fecta!<\/p>\n<div style=\"display: none;\">\n<h5 style=\"display: none;\">Frambuesa de Gelatina<\/h5>\n<h5><img decoding=\"async\" style=\"display: none;\" src=\"https:\/\/godisfabricabusiness.com\/wp-content\/uploads\/2024\/08\/IMG_5948-scaled.jpg\" alt=\"Candy Shop\" \/><\/h5>\n<p style=\"display: none;\">Shop delicious candies at our online candy shop in Spain. Explore a variety of sweets at Godisfabrica and enjoy fast delivery across Spain! &#8220;Shop your favorite candies at our online candy shop in Spain. Fast delivery, wide selection, and sweet deals await. Order now!&#8221; Shop online at Godisfabrica for the best candy in Spain. Discover delicious sweets, fast shipping, and premium quality treats today!<\/p>\n<\/div>\n<div style=\"display: none;\">\n<h5 style=\"display: none;\">Raspberry<\/h5>\n<h5><img decoding=\"async\" style=\"display: none;\" src=\"https:\/\/godisfabricabusiness.com\/wp-content\/uploads\/2024\/08\/IMG_5948-scaled.jpg\" alt=\"Candy Shop\" \/><\/h5>\n<p style=\"display: none;\">Shop delicious candies at our online candy shop in Spain. Explore a variety of sweets at Godisfabrica and enjoy fast delivery across Spain! &#8220;Shop your favorite candies at our online candy shop in Spain. Fast delivery, wide selection, and sweet deals await. Order now!&#8221; Shop online at Godisfabrica for the best candy in Spain. Discover delicious sweets, fast shipping, and premium quality treats today!<\/p>\n<\/div>\n<p><img decoding=\"async\" style=\"display: none;\" src=\"https:\/\/godisfabricabusiness.com\/wp-content\/uploads\/2024\/08\/IMG_5948-scaled.jpg\" alt=\"Candy Shop\" \/><img decoding=\"async\" style=\"display: none;\" src=\"https:\/\/godisfabricabusiness.com\/wp-content\/uploads\/2024\/08\/IMG_5948-scaled.jpg\" alt=\"Candy Shop\" \/><\/p>","protected":false},"excerpt":{"rendered":"<p>4 unidades - 24g<\/p>","protected":false},"featured_media":16200,"comment_status":"open","ping_status":"closed","template":"","meta":[],"product_brand":[],"product_cat":[225],"product_tag":[1128,731,1319,1110,508,540,1205,507,1324,1276,1213,702,614,1322,680,1321,1323,552],"flavor":[411,415],"allergens":[428],"class_list":{"0":"post-16092","1":"product","2":"type-product","3":"status-publish","4":"has-post-thumbnail","6":"product_cat-bulk-candy-godis-fabrica","7":"product_tag-acida","8":"product_tag-acido","9":"product_tag-black-orange","10":"product_tag-chuches-acidas","11":"product_tag-fruit","12":"product_tag-fruit-candy","13":"product_tag-fruits","14":"product_tag-fruity","15":"product_tag-fruity-sour-candy","16":"product_tag-frutal","17":"product_tag-frutos","18":"product_tag-new","19":"product_tag-pear","20":"product_tag-pear-bottles","21":"product_tag-pera","22":"product_tag-pera-botella","23":"product_tag-sour-bottle","24":"product_tag-swedish-candy","25":"flavor-fruity","26":"flavor-sour","27":"allergens-gluten-free","29":"first","30":"outofstock","31":"taxable","32":"shipping-taxable","33":"purchasable","34":"product-type-simple"},"_links":{"self":[{"href":"https:\/\/godisfabricabusiness.com\/es\/wp-json\/wp\/v2\/product\/16092","targetHints":{"allow":["GET"]}}],"collection":[{"href":"https:\/\/godisfabricabusiness.com\/es\/wp-json\/wp\/v2\/product"}],"about":[{"href":"https:\/\/godisfabricabusiness.com\/es\/wp-json\/wp\/v2\/types\/product"}],"replies":[{"embeddable":true,"href":"https:\/\/godisfabricabusiness.com\/es\/wp-json\/wp\/v2\/comments?post=16092"}],"wp:featuredmedia":[{"embeddable":true,"href":"https:\/\/godisfabricabusiness.com\/es\/wp-json\/wp\/v2\/media\/16200"}],"wp:attachment":[{"href":"https:\/\/godisfabricabusiness.com\/es\/wp-json\/wp\/v2\/media?parent=16092"}],"wp:term":[{"taxonomy":"product_brand","embeddable":true,"href":"https:\/\/godisfabricabusiness.com\/es\/wp-json\/wp\/v2\/product_brand?post=16092"},{"taxonomy":"product_cat","embeddable":true,"href":"https:\/\/godisfabricabusiness.com\/es\/wp-json\/wp\/v2\/product_cat?post=16092"},{"taxonomy":"product_tag","embeddable":true,"href":"https:\/\/godisfabricabusiness.com\/es\/wp-json\/wp\/v2\/product_tag?post=16092"},{"taxonomy":"flavor","embeddable":true,"href":"https:\/\/godisfabricabusiness.com\/es\/wp-json\/wp\/v2\/flavor?post=16092"},{"taxonomy":"allergens","embeddable":true,"href":"https:\/\/godisfabricabusiness.com\/es\/wp-json\/wp\/v2\/allergens?post=16092"}],"curies":[{"name":"wp","href":"https:\/\/api.w.org\/{rel}","templated":true}]}}