{"id":16102,"date":"2025-03-06T15:28:49","date_gmt":"2025-03-06T14:28:49","guid":{"rendered":"https:\/\/godisfabricabusiness.com\/?post_type=product&#038;p=16102"},"modified":"2026-01-10T17:50:59","modified_gmt":"2026-01-10T16:50:59","slug":"fried-eggs","status":"publish","type":"product","link":"https:\/\/godisfabricabusiness.com\/es\/producto\/fried-eggs\/","title":{"rendered":"Huevos Fritos"},"content":{"rendered":"<p>Huevos Fritos \u2013 \u00a1Empieza tu d\u00eda de la manera m\u00e1s dulce!<\/p>\n<p>Con los caramelos Huevos Fritos, no necesitas sart\u00e9n. Estas peque\u00f1as golosinas parecen huevos fritos de verdad, pero saben mucho mejor (a menos que te guste el caramelo con sabor a huevo, en cuyo caso\u2026 no juzgamos).<\/p>\n<p>Con una textura suave y esponjosa y un bocado perfectamente dulce, son ideales para picar, compartir o confundir a tus amigos amantes del desayuno. Ll\u00e9valos a una fiesta, reg\u00e1laselos a un conocedor de golosinas o disfr\u00fatalos directamente de la bolsa como la leyenda del snack que eres.<\/p>\n<p>Porque, \u00bfqui\u00e9n necesita huevos de verdad cuando puedes tener huevos de golosina?<\/p>\n<div style=\"display: none;\">\n<h5 style=\"display: none;\">Frambuesa de Gelatina<\/h5>\n<h5><img decoding=\"async\" style=\"display: none;\" src=\"https:\/\/godisfabricabusiness.com\/wp-content\/uploads\/2024\/08\/IMG_5948-scaled.jpg\" alt=\"Candy Shop\" \/><\/h5>\n<p style=\"display: none;\">Shop delicious candies at our online candy shop in Spain. Explore a variety of sweets at Godisfabrica and enjoy fast delivery across Spain! &#8220;Shop your favorite candies at our online candy shop in Spain. Fast delivery, wide selection, and sweet deals await. Order now!&#8221; Shop online at Godisfabrica for the best candy in Spain. Discover delicious sweets, fast shipping, and premium quality treats today!<\/p>\n<\/div>\n<div style=\"display: none;\">\n<h5 style=\"display: none;\">Raspberry<\/h5>\n<h5><img decoding=\"async\" style=\"display: none;\" src=\"https:\/\/godisfabricabusiness.com\/wp-content\/uploads\/2024\/08\/IMG_5948-scaled.jpg\" alt=\"Candy Shop\" \/><\/h5>\n<p style=\"display: none;\">Shop delicious candies at our online candy shop in Spain. Explore a variety of sweets at Godisfabrica and enjoy fast delivery across Spain! &#8220;Shop your favorite candies at our online candy shop in Spain. Fast delivery, wide selection, and sweet deals await. Order now!&#8221; Shop online at Godisfabrica for the best candy in Spain. Discover delicious sweets, fast shipping, and premium quality treats today!<\/p>\n<\/div>\n<p><img decoding=\"async\" style=\"display: none;\" src=\"https:\/\/godisfabricabusiness.com\/wp-content\/uploads\/2024\/08\/IMG_5948-scaled.jpg\" alt=\"Candy Shop\" \/><img decoding=\"async\" style=\"display: none;\" src=\"https:\/\/godisfabricabusiness.com\/wp-content\/uploads\/2024\/08\/IMG_5948-scaled.jpg\" alt=\"Candy Shop\" \/><\/p>","protected":false},"excerpt":{"rendered":"<p>5 unidades - 25g<\/p>","protected":false},"featured_media":16182,"comment_status":"open","ping_status":"closed","template":"","meta":[],"product_brand":[],"product_cat":[225],"product_tag":[1335,1081,1332,1330,736,738,735,1331,508,540,1205,507,1276,1213,1084,1334,801,702,1333,552],"flavor":[410,411,417],"allergens":[],"class_list":{"0":"post-16102","1":"product","2":"type-product","3":"status-publish","4":"has-post-thumbnail","6":"product_cat-bulk-candy-godis-fabrica","7":"product_tag-chuche-de-huevo","8":"product_tag-egg","9":"product_tag-egg-candy","10":"product_tag-eggs","11":"product_tag-espuma","12":"product_tag-foam-candy","13":"product_tag-foamy","14":"product_tag-fried-eggs","15":"product_tag-fruit","16":"product_tag-fruit-candy","17":"product_tag-fruits","18":"product_tag-fruity","19":"product_tag-frutal","20":"product_tag-frutos","21":"product_tag-huevo","22":"product_tag-huevos-rotos","23":"product_tag-jelly-candy","24":"product_tag-new","25":"product_tag-scrumbled-eggs","26":"product_tag-swedish-candy","27":"flavor-foam","28":"flavor-fruity","29":"flavor-jelly","31":"first","32":"outofstock","33":"taxable","34":"shipping-taxable","35":"purchasable","36":"product-type-simple"},"_links":{"self":[{"href":"https:\/\/godisfabricabusiness.com\/es\/wp-json\/wp\/v2\/product\/16102","targetHints":{"allow":["GET"]}}],"collection":[{"href":"https:\/\/godisfabricabusiness.com\/es\/wp-json\/wp\/v2\/product"}],"about":[{"href":"https:\/\/godisfabricabusiness.com\/es\/wp-json\/wp\/v2\/types\/product"}],"replies":[{"embeddable":true,"href":"https:\/\/godisfabricabusiness.com\/es\/wp-json\/wp\/v2\/comments?post=16102"}],"wp:featuredmedia":[{"embeddable":true,"href":"https:\/\/godisfabricabusiness.com\/es\/wp-json\/wp\/v2\/media\/16182"}],"wp:attachment":[{"href":"https:\/\/godisfabricabusiness.com\/es\/wp-json\/wp\/v2\/media?parent=16102"}],"wp:term":[{"taxonomy":"product_brand","embeddable":true,"href":"https:\/\/godisfabricabusiness.com\/es\/wp-json\/wp\/v2\/product_brand?post=16102"},{"taxonomy":"product_cat","embeddable":true,"href":"https:\/\/godisfabricabusiness.com\/es\/wp-json\/wp\/v2\/product_cat?post=16102"},{"taxonomy":"product_tag","embeddable":true,"href":"https:\/\/godisfabricabusiness.com\/es\/wp-json\/wp\/v2\/product_tag?post=16102"},{"taxonomy":"flavor","embeddable":true,"href":"https:\/\/godisfabricabusiness.com\/es\/wp-json\/wp\/v2\/flavor?post=16102"},{"taxonomy":"allergens","embeddable":true,"href":"https:\/\/godisfabricabusiness.com\/es\/wp-json\/wp\/v2\/allergens?post=16102"}],"curies":[{"name":"wp","href":"https:\/\/api.w.org\/{rel}","templated":true}]}}