{"id":16104,"date":"2025-03-06T15:49:44","date_gmt":"2025-03-06T14:49:44","guid":{"rendered":"https:\/\/godisfabricabusiness.com\/?post_type=product&#038;p=16104"},"modified":"2026-01-10T17:50:59","modified_gmt":"2026-01-10T16:50:59","slug":"marshmallow-ice-cream","status":"publish","type":"product","link":"https:\/\/godisfabricabusiness.com\/es\/producto\/marshmallow-ice-cream\/","title":{"rendered":"Helados de Espuma"},"content":{"rendered":"<p>Helado de Espuma \u2013 \u00a1Esponjoso, afrutado y bonito!<\/p>\n<p>\u00a1Saca un poco de diversi\u00f3n con estos adorables Dulces de Helado de Malvavisco! Con forma de peque\u00f1os conos de helado y remolinados en tonos so\u00f1ados de rosa, azul y blanco, son tan lindos que casi sentir\u00e1s pena de comerlos... casi. Suaves, esponjosos y m\u00e1s dulces que una doble bola de helado en un caluroso d\u00eda de verano\u2014sin el l\u00edo de que se derrita.<\/p>\n<p>\u00a1Este Helado de Espuma es perfecto para picar, decorar o pretender que est\u00e1s en una helader\u00eda sin riesgo de derrames!<\/p>\n<div style=\"display: none;\">\n<h5 style=\"display: none;\">Frambuesa de Gelatina<\/h5>\n<h5><img decoding=\"async\" style=\"display: none;\" src=\"https:\/\/godisfabricabusiness.com\/wp-content\/uploads\/2024\/08\/IMG_5948-scaled.jpg\" alt=\"Candy Shop\" \/><\/h5>\n<p style=\"display: none;\">Shop delicious candies at our online candy shop in Spain. Explore a variety of sweets at Godisfabrica and enjoy fast delivery across Spain! &#8220;Shop your favorite candies at our online candy shop in Spain. Fast delivery, wide selection, and sweet deals await. Order now!&#8221; Shop online at Godisfabrica for the best candy in Spain. Discover delicious sweets, fast shipping, and premium quality treats today!<\/p>\n<\/div>\n<div style=\"display: none;\">\n<h5 style=\"display: none;\">Raspberry<\/h5>\n<h5><img decoding=\"async\" style=\"display: none;\" src=\"https:\/\/godisfabricabusiness.com\/wp-content\/uploads\/2024\/08\/IMG_5948-scaled.jpg\" alt=\"Candy Shop\" \/><\/h5>\n<p style=\"display: none;\">Shop delicious candies at our online candy shop in Spain. Explore a variety of sweets at Godisfabrica and enjoy fast delivery across Spain! &#8220;Shop your favorite candies at our online candy shop in Spain. Fast delivery, wide selection, and sweet deals await. Order now!&#8221; Shop online at Godisfabrica for the best candy in Spain. Discover delicious sweets, fast shipping, and premium quality treats today!<\/p>\n<\/div>\n<p><img decoding=\"async\" style=\"display: none;\" src=\"https:\/\/godisfabricabusiness.com\/wp-content\/uploads\/2024\/08\/IMG_5948-scaled.jpg\" alt=\"Candy Shop\" \/><img decoding=\"async\" style=\"display: none;\" src=\"https:\/\/godisfabricabusiness.com\/wp-content\/uploads\/2024\/08\/IMG_5948-scaled.jpg\" alt=\"Candy Shop\" \/><\/p>","protected":false},"excerpt":{"rendered":"<p>4 unidades - 26g<\/p>","protected":false},"featured_media":16208,"comment_status":"open","ping_status":"closed","template":"","meta":[],"product_brand":[],"product_cat":[225],"product_tag":[1338,736,738,735,540,1205,507,1213,1336,960,1337,962,961,1091,702,1214,522,792],"flavor":[410,411],"allergens":[],"class_list":{"0":"post-16104","1":"product","2":"type-product","3":"status-publish","4":"has-post-thumbnail","6":"product_cat-bulk-candy-godis-fabrica","7":"product_tag-cono","8":"product_tag-espuma","9":"product_tag-foam-candy","10":"product_tag-foamy","11":"product_tag-fruit-candy","12":"product_tag-fruits","13":"product_tag-fruity","14":"product_tag-frutos","15":"product_tag-haugen-group-ab","16":"product_tag-helado","17":"product_tag-ice-cream","18":"product_tag-ice-cream-candy","19":"product_tag-jaatelo","20":"product_tag-marshmallow","21":"product_tag-new","22":"product_tag-nubes","23":"product_tag-strawberry","24":"product_tag-strawberry-foam","25":"flavor-foam","26":"flavor-fruity","28":"first","29":"outofstock","30":"taxable","31":"shipping-taxable","32":"purchasable","33":"product-type-simple"},"_links":{"self":[{"href":"https:\/\/godisfabricabusiness.com\/es\/wp-json\/wp\/v2\/product\/16104","targetHints":{"allow":["GET"]}}],"collection":[{"href":"https:\/\/godisfabricabusiness.com\/es\/wp-json\/wp\/v2\/product"}],"about":[{"href":"https:\/\/godisfabricabusiness.com\/es\/wp-json\/wp\/v2\/types\/product"}],"replies":[{"embeddable":true,"href":"https:\/\/godisfabricabusiness.com\/es\/wp-json\/wp\/v2\/comments?post=16104"}],"wp:featuredmedia":[{"embeddable":true,"href":"https:\/\/godisfabricabusiness.com\/es\/wp-json\/wp\/v2\/media\/16208"}],"wp:attachment":[{"href":"https:\/\/godisfabricabusiness.com\/es\/wp-json\/wp\/v2\/media?parent=16104"}],"wp:term":[{"taxonomy":"product_brand","embeddable":true,"href":"https:\/\/godisfabricabusiness.com\/es\/wp-json\/wp\/v2\/product_brand?post=16104"},{"taxonomy":"product_cat","embeddable":true,"href":"https:\/\/godisfabricabusiness.com\/es\/wp-json\/wp\/v2\/product_cat?post=16104"},{"taxonomy":"product_tag","embeddable":true,"href":"https:\/\/godisfabricabusiness.com\/es\/wp-json\/wp\/v2\/product_tag?post=16104"},{"taxonomy":"flavor","embeddable":true,"href":"https:\/\/godisfabricabusiness.com\/es\/wp-json\/wp\/v2\/flavor?post=16104"},{"taxonomy":"allergens","embeddable":true,"href":"https:\/\/godisfabricabusiness.com\/es\/wp-json\/wp\/v2\/allergens?post=16104"}],"curies":[{"name":"wp","href":"https:\/\/api.w.org\/{rel}","templated":true}]}}