{"id":16118,"date":"2025-03-06T22:06:55","date_gmt":"2025-03-06T21:06:55","guid":{"rendered":"https:\/\/godisfabricabusiness.com\/?post_type=product&#038;p=16118"},"modified":"2026-01-10T17:50:58","modified_gmt":"2026-01-10T16:50:58","slug":"yoghurt-cashew","status":"publish","type":"product","link":"https:\/\/godisfabricabusiness.com\/es\/producto\/yoghurt-cashew\/","title":{"rendered":"Anacardos con Yogur"},"content":{"rendered":"<p>Anacardos con Yogur \u2013 \u00a1Una combinaci\u00f3n hecha en el para\u00edso de los snacks!<\/p>\n<p>\u00a1Estos anacardos crujientes han sido ba\u00f1ados en una capa cremosa de yogur que har\u00e1 que tus papilas gustativas hagan un baile de felicidad! Es como si el yogur se fuera de spa y regresara convertido en un snack: suave, \u00e1cido y con el toque perfecto de crujido. Perfecto para cuando necesitas un poquito de dulce, un poquito de salado y mucho sabor en tu vida.<\/p>\n<p>\u00a1Ya sea que est\u00e9s picando solo o compartiendo con amigos (pero seamos realistas, probablemente los guardar\u00e1s todos para ti), los Anacardos con Yogur est\u00e1n aqu\u00ed para hacer que tu juego de snacks sea mucho m\u00e1s delicioso!<\/p>\n<div style=\"display: none;\">\n<h5 style=\"display: none;\">Frambuesa de Gelatina<\/h5>\n<h5><img decoding=\"async\" style=\"display: none;\" src=\"https:\/\/godisfabricabusiness.com\/wp-content\/uploads\/2024\/08\/IMG_5948-scaled.jpg\" alt=\"Candy Shop\" \/><\/h5>\n<p style=\"display: none;\">Shop delicious candies at our online candy shop in Spain. Explore a variety of sweets at Godisfabrica and enjoy fast delivery across Spain! &#8220;Shop your favorite candies at our online candy shop in Spain. Fast delivery, wide selection, and sweet deals await. Order now!&#8221; Shop online at Godisfabrica for the best candy in Spain. Discover delicious sweets, fast shipping, and premium quality treats today!<\/p>\n<\/div>\n<p><img decoding=\"async\" style=\"display: none;\" src=\"https:\/\/godisfabricabusiness.com\/wp-content\/uploads\/2024\/08\/IMG_5948-scaled.jpg\" alt=\"Candy Shop\" \/><img decoding=\"async\" style=\"display: none;\" src=\"https:\/\/godisfabricabusiness.com\/wp-content\/uploads\/2024\/08\/IMG_5948-scaled.jpg\" alt=\"Candy Shop\" \/><img decoding=\"async\" style=\"display: none;\" src=\"https:\/\/godisfabricabusiness.com\/wp-content\/uploads\/2024\/08\/IMG_5948-scaled.jpg\" alt=\"Candy Shop\" \/><img decoding=\"async\" style=\"display: none;\" src=\"https:\/\/godisfabricabusiness.com\/wp-content\/uploads\/2024\/08\/IMG_5948-scaled.jpg\" alt=\"Candy Shop\" \/><\/p>","protected":false},"excerpt":{"rendered":"<p>4 unidades - 25g<\/p>","protected":false},"featured_media":16280,"comment_status":"open","ping_status":"closed","template":"","meta":[],"product_brand":[],"product_cat":[292,225],"product_tag":[1346,634,786,1205,1347,1349,1348,702,1345,635,563,1344],"flavor":[412,414],"allergens":[],"class_list":{"0":"post-16118","1":"product","2":"type-product","3":"status-publish","4":"has-post-thumbnail","6":"product_cat-snacks-godis-fabrica","7":"product_cat-bulk-candy-godis-fabrica","8":"product_tag-cashew","9":"product_tag-chips","10":"product_tag-chocolate-blanco","11":"product_tag-fruits","12":"product_tag-frutos-secos","13":"product_tag-healthy","14":"product_tag-natural","15":"product_tag-new","16":"product_tag-nueces","17":"product_tag-snacks","18":"product_tag-yoghurt","19":"product_tag-yoghurt-nuts","20":"flavor-chocolate","21":"flavor-salty","23":"first","24":"outofstock","25":"sale","26":"taxable","27":"shipping-taxable","28":"purchasable","29":"product-type-simple"},"_links":{"self":[{"href":"https:\/\/godisfabricabusiness.com\/es\/wp-json\/wp\/v2\/product\/16118","targetHints":{"allow":["GET"]}}],"collection":[{"href":"https:\/\/godisfabricabusiness.com\/es\/wp-json\/wp\/v2\/product"}],"about":[{"href":"https:\/\/godisfabricabusiness.com\/es\/wp-json\/wp\/v2\/types\/product"}],"replies":[{"embeddable":true,"href":"https:\/\/godisfabricabusiness.com\/es\/wp-json\/wp\/v2\/comments?post=16118"}],"wp:featuredmedia":[{"embeddable":true,"href":"https:\/\/godisfabricabusiness.com\/es\/wp-json\/wp\/v2\/media\/16280"}],"wp:attachment":[{"href":"https:\/\/godisfabricabusiness.com\/es\/wp-json\/wp\/v2\/media?parent=16118"}],"wp:term":[{"taxonomy":"product_brand","embeddable":true,"href":"https:\/\/godisfabricabusiness.com\/es\/wp-json\/wp\/v2\/product_brand?post=16118"},{"taxonomy":"product_cat","embeddable":true,"href":"https:\/\/godisfabricabusiness.com\/es\/wp-json\/wp\/v2\/product_cat?post=16118"},{"taxonomy":"product_tag","embeddable":true,"href":"https:\/\/godisfabricabusiness.com\/es\/wp-json\/wp\/v2\/product_tag?post=16118"},{"taxonomy":"flavor","embeddable":true,"href":"https:\/\/godisfabricabusiness.com\/es\/wp-json\/wp\/v2\/flavor?post=16118"},{"taxonomy":"allergens","embeddable":true,"href":"https:\/\/godisfabricabusiness.com\/es\/wp-json\/wp\/v2\/allergens?post=16118"}],"curies":[{"name":"wp","href":"https:\/\/api.w.org\/{rel}","templated":true}]}}