{"id":16126,"date":"2025-03-06T23:06:00","date_gmt":"2025-03-06T22:06:00","guid":{"rendered":"https:\/\/godisfabricabusiness.com\/?post_type=product&#038;p=16126"},"modified":"2026-01-10T17:50:58","modified_gmt":"2026-01-10T16:50:58","slug":"salty-diamonds","status":"publish","type":"product","link":"https:\/\/godisfabricabusiness.com\/es\/producto\/salty-diamonds\/","title":{"rendered":"Diamantes Salados"},"content":{"rendered":"<p>Diamantes Salados \u2013 \u00a1Lujo salado para tus d\u00edas!<\/p>\n<p>Prep\u00e1rate para brillar con Diamantes Salados de Regaliz. Estas joyas son la combinaci\u00f3n perfecta de un intenso salmiak salado y el rico sabor cl\u00e1sico del regaliz. Son como la versi\u00f3n de lujo de los dulces de tu infancia, pero con un toque salado que har\u00e1 que tus papilas gustativas resplandezcan de alegr\u00eda.<\/p>\n<p>Perfectos para aquellos que prefieren sus dulces con un poco de car\u00e1cter\u2026 porque, \u00bfqui\u00e9n dijo que los diamantes no pueden ser salados?<\/p>\n<div style=\"display: none;\">\n<h5 style=\"display: none;\">Frambuesa de Gelatina<\/h5>\n<h5><img decoding=\"async\" style=\"display: none;\" src=\"https:\/\/godisfabricabusiness.com\/wp-content\/uploads\/2024\/08\/IMG_5948-scaled.jpg\" alt=\"Candy Shop\" \/><\/h5>\n<p style=\"display: none;\">Shop delicious candies at our online candy shop in Spain. Explore a variety of sweets at Godisfabrica and enjoy fast delivery across Spain! &#8220;Shop your favorite candies at our online candy shop in Spain. Fast delivery, wide selection, and sweet deals await. Order now!&#8221; Shop online at Godisfabrica for the best candy in Spain. Discover delicious sweets, fast shipping, and premium quality treats today!<\/p>\n<\/div>\n<div style=\"display: none;\">\n<h5 style=\"display: none;\">Raspberry<\/h5>\n<h5><img decoding=\"async\" style=\"display: none;\" src=\"https:\/\/godisfabricabusiness.com\/wp-content\/uploads\/2024\/08\/IMG_5948-scaled.jpg\" alt=\"Candy Shop\" \/><\/h5>\n<p style=\"display: none;\">Shop delicious candies at our online candy shop in Spain. Explore a variety of sweets at Godisfabrica and enjoy fast delivery across Spain! &#8220;Shop your favorite candies at our online candy shop in Spain. Fast delivery, wide selection, and sweet deals await. Order now!&#8221; Shop online at Godisfabrica for the best candy in Spain. Discover delicious sweets, fast shipping, and premium quality treats today!<\/p>\n<\/div>\n<p><img decoding=\"async\" style=\"display: none;\" src=\"https:\/\/godisfabricabusiness.com\/wp-content\/uploads\/2024\/08\/IMG_5948-scaled.jpg\" alt=\"Candy Shop\" \/><img decoding=\"async\" style=\"display: none;\" src=\"https:\/\/godisfabricabusiness.com\/wp-content\/uploads\/2024\/08\/IMG_5948-scaled.jpg\" alt=\"Candy Shop\" \/><\/p>","protected":false},"excerpt":{"rendered":"<p>2 unicades \u2013 22g<\/p>","protected":false},"featured_media":16298,"comment_status":"open","ping_status":"closed","template":"","meta":[],"product_brand":[],"product_cat":[225],"product_tag":[1353,1361,1360,1352,1328,725,236,529,702,1355,1354,677,1362,732,1032,561,923,552],"flavor":[413,414],"allergens":[],"class_list":{"0":"post-16126","1":"product","2":"type-product","3":"status-publish","4":"has-post-thumbnail","6":"product_cat-bulk-candy-godis-fabrica","7":"product_tag-bold-licorice","8":"product_tag-diamante","9":"product_tag-diamond","10":"product_tag-finnish-candy","11":"product_tag-finnish-liquorice","12":"product_tag-karkki","13":"product_tag-licorice","14":"product_tag-liquorice","15":"product_tag-new","16":"product_tag-pure","17":"product_tag-real-liquorice","18":"product_tag-regaliz","19":"product_tag-regaliz-salado","20":"product_tag-salado","21":"product_tag-salta","22":"product_tag-salty","23":"product_tag-salty-liquorice","24":"product_tag-swedish-candy","25":"flavor-liquorice","26":"flavor-salty","28":"first","29":"outofstock","30":"taxable","31":"shipping-taxable","32":"purchasable","33":"product-type-simple"},"_links":{"self":[{"href":"https:\/\/godisfabricabusiness.com\/es\/wp-json\/wp\/v2\/product\/16126","targetHints":{"allow":["GET"]}}],"collection":[{"href":"https:\/\/godisfabricabusiness.com\/es\/wp-json\/wp\/v2\/product"}],"about":[{"href":"https:\/\/godisfabricabusiness.com\/es\/wp-json\/wp\/v2\/types\/product"}],"replies":[{"embeddable":true,"href":"https:\/\/godisfabricabusiness.com\/es\/wp-json\/wp\/v2\/comments?post=16126"}],"wp:featuredmedia":[{"embeddable":true,"href":"https:\/\/godisfabricabusiness.com\/es\/wp-json\/wp\/v2\/media\/16298"}],"wp:attachment":[{"href":"https:\/\/godisfabricabusiness.com\/es\/wp-json\/wp\/v2\/media?parent=16126"}],"wp:term":[{"taxonomy":"product_brand","embeddable":true,"href":"https:\/\/godisfabricabusiness.com\/es\/wp-json\/wp\/v2\/product_brand?post=16126"},{"taxonomy":"product_cat","embeddable":true,"href":"https:\/\/godisfabricabusiness.com\/es\/wp-json\/wp\/v2\/product_cat?post=16126"},{"taxonomy":"product_tag","embeddable":true,"href":"https:\/\/godisfabricabusiness.com\/es\/wp-json\/wp\/v2\/product_tag?post=16126"},{"taxonomy":"flavor","embeddable":true,"href":"https:\/\/godisfabricabusiness.com\/es\/wp-json\/wp\/v2\/flavor?post=16126"},{"taxonomy":"allergens","embeddable":true,"href":"https:\/\/godisfabricabusiness.com\/es\/wp-json\/wp\/v2\/allergens?post=16126"}],"curies":[{"name":"wp","href":"https:\/\/api.w.org\/{rel}","templated":true}]}}