{"id":16130,"date":"2025-03-07T22:21:19","date_gmt":"2025-03-07T21:21:19","guid":{"rendered":"https:\/\/godisfabricabusiness.com\/?post_type=product&#038;p=16130"},"modified":"2026-01-10T17:50:58","modified_gmt":"2026-01-10T16:50:58","slug":"jelly-forest-berries","status":"publish","type":"product","link":"https:\/\/godisfabricabusiness.com\/es\/producto\/jelly-forest-berries\/","title":{"rendered":"Frutos del Bosque Gelatina"},"content":{"rendered":"<p>Frutos del Bosque Gelatina \u2013 \u00a1Un viaje sin az\u00facar al bosque!<\/p>\n<p>Chuches de goma sin az\u00facar con un refrescante sabor a frutos del bosque. \u00bfQui\u00e9n dijo que no se puede disfrutar sin el subid\u00f3n de az\u00facar? Estas peque\u00f1as joyas masticables est\u00e1n llenas del sabor salvaje de los frutos del bosque frescos, brind\u00e1ndote una experiencia de \u201cpaseo por la naturaleza en tu boca\u201d sin ninguna culpa. El dulce perfecto para los amantes de las bayas que quieren todo el sabor, pero sin el az\u00facar.<\/p>\n<p>\u00a1Adelante, agarra un pu\u00f1ado de Frutos del Bosque Gelatina \u2014 tus papilas gustativas te lo agradecer\u00e1n!<\/p>\n<div style=\"display: none;\">\n<h5 style=\"display: none;\">Frambuesa de Gelatina<\/h5>\n<h5><img decoding=\"async\" style=\"display: none;\" src=\"https:\/\/godisfabricabusiness.com\/wp-content\/uploads\/2024\/08\/IMG_5948-scaled.jpg\" alt=\"Candy Shop\" \/><\/h5>\n<p style=\"display: none;\">Shop delicious candies at our online candy shop in Spain. Explore a variety of sweets at Godisfabrica and enjoy fast delivery across Spain! &#8220;Shop your favorite candies at our online candy shop in Spain. Fast delivery, wide selection, and sweet deals await. Order now!&#8221; Shop online at Godisfabrica for the best candy in Spain. Discover delicious sweets, fast shipping, and premium quality treats today!<\/p>\n<\/div>\n<div style=\"display: none;\">\n<h5 style=\"display: none;\">Raspberry<\/h5>\n<h5><img decoding=\"async\" style=\"display: none;\" src=\"https:\/\/godisfabricabusiness.com\/wp-content\/uploads\/2024\/08\/IMG_5948-scaled.jpg\" alt=\"Candy Shop\" \/><\/h5>\n<p style=\"display: none;\">Shop delicious candies at our online candy shop in Spain. Explore a variety of sweets at Godisfabrica and enjoy fast delivery across Spain! &#8220;Shop your favorite candies at our online candy shop in Spain. Fast delivery, wide selection, and sweet deals await. Order now!&#8221; Shop online at Godisfabrica for the best candy in Spain. Discover delicious sweets, fast shipping, and premium quality treats today!<\/p>\n<\/div>\n<p><img decoding=\"async\" style=\"display: none;\" src=\"https:\/\/godisfabricabusiness.com\/wp-content\/uploads\/2024\/08\/IMG_5948-scaled.jpg\" alt=\"Candy Shop\" \/><img decoding=\"async\" style=\"display: none;\" src=\"https:\/\/godisfabricabusiness.com\/wp-content\/uploads\/2024\/08\/IMG_5948-scaled.jpg\" alt=\"Candy Shop\" \/><\/p>","protected":false},"excerpt":{"rendered":"<p>8 unidades - 27g<\/p>","protected":false},"featured_media":16218,"comment_status":"open","ping_status":"closed","template":"","meta":[],"product_brand":[],"product_cat":[225],"product_tag":[1275,629,628,1340,1366,897,615,508,540,1205,507,1276,1213,1341,440,579,702,1365,522,1364],"flavor":[411,417,1269],"allergens":[],"class_list":{"0":"post-16130","1":"product","2":"type-product","3":"status-publish","4":"has-post-thumbnail","6":"product_cat-bulk-candy-godis-fabrica","7":"product_tag-baya","8":"product_tag-berries","9":"product_tag-berry","10":"product_tag-chuches-fresa","11":"product_tag-chuches-sin-azucar","12":"product_tag-forest-berries","13":"product_tag-fresa","14":"product_tag-fruit","15":"product_tag-fruit-candy","16":"product_tag-fruits","17":"product_tag-fruity","18":"product_tag-frutal","19":"product_tag-frutos","20":"product_tag-gel-candy","21":"product_tag-jelly","22":"product_tag-malaco","23":"product_tag-new","24":"product_tag-sin-azucar","25":"product_tag-strawberry","26":"product_tag-sugar-free","27":"flavor-fruity","28":"flavor-jelly","29":"flavor-sugar-free","31":"first","32":"outofstock","33":"taxable","34":"shipping-taxable","35":"purchasable","36":"product-type-simple"},"_links":{"self":[{"href":"https:\/\/godisfabricabusiness.com\/es\/wp-json\/wp\/v2\/product\/16130","targetHints":{"allow":["GET"]}}],"collection":[{"href":"https:\/\/godisfabricabusiness.com\/es\/wp-json\/wp\/v2\/product"}],"about":[{"href":"https:\/\/godisfabricabusiness.com\/es\/wp-json\/wp\/v2\/types\/product"}],"replies":[{"embeddable":true,"href":"https:\/\/godisfabricabusiness.com\/es\/wp-json\/wp\/v2\/comments?post=16130"}],"wp:featuredmedia":[{"embeddable":true,"href":"https:\/\/godisfabricabusiness.com\/es\/wp-json\/wp\/v2\/media\/16218"}],"wp:attachment":[{"href":"https:\/\/godisfabricabusiness.com\/es\/wp-json\/wp\/v2\/media?parent=16130"}],"wp:term":[{"taxonomy":"product_brand","embeddable":true,"href":"https:\/\/godisfabricabusiness.com\/es\/wp-json\/wp\/v2\/product_brand?post=16130"},{"taxonomy":"product_cat","embeddable":true,"href":"https:\/\/godisfabricabusiness.com\/es\/wp-json\/wp\/v2\/product_cat?post=16130"},{"taxonomy":"product_tag","embeddable":true,"href":"https:\/\/godisfabricabusiness.com\/es\/wp-json\/wp\/v2\/product_tag?post=16130"},{"taxonomy":"flavor","embeddable":true,"href":"https:\/\/godisfabricabusiness.com\/es\/wp-json\/wp\/v2\/flavor?post=16130"},{"taxonomy":"allergens","embeddable":true,"href":"https:\/\/godisfabricabusiness.com\/es\/wp-json\/wp\/v2\/allergens?post=16130"}],"curies":[{"name":"wp","href":"https:\/\/api.w.org\/{rel}","templated":true}]}}