{"id":16167,"date":"2025-03-12T11:40:00","date_gmt":"2025-03-12T10:40:00","guid":{"rendered":"https:\/\/godisfabricabusiness.com\/?post_type=product&#038;p=16167"},"modified":"2026-01-10T17:50:57","modified_gmt":"2026-01-10T16:50:57","slug":"vanilla-foam-rabbit","status":"publish","type":"product","link":"https:\/\/godisfabricabusiness.com\/es\/producto\/vanilla-foam-rabbit\/","title":{"rendered":"Conejo de Espuma Vainilla"},"content":{"rendered":"<p>Conejo de Espuma de Vainilla \u2013 \u00a1El conejito m\u00e1s dulce que jam\u00e1s morder\u00e1s!<\/p>\n<p>\u00a1Olv\u00eddate de perseguir conejos de verdad\u2014este no saltar\u00e1! Nuestro Conejo de Espuma de Vainilla es un caramelo de espuma firme y masticable con forma de adorable conejito y un delicioso sabor a vainilla cremosa. Es suave, dulce y perfecto para las cestas de Pascua, los antojos primaverales o simplemente para demostrar que los conejos tambi\u00e9n pueden ser deliciosos.<\/p>\n<p>Advertencia: Puede causar un impulso incontrolable de empezar una colecci\u00f3n de conejitos\u2026 o de morderle las orejas primero. \u00a1No juzgaremos!<\/p>\n<div style=\"display: none;\">\n<h5 style=\"display: none;\">Frambuesa de Gelatina<\/h5>\n<h5><img decoding=\"async\" style=\"display: none;\" src=\"https:\/\/godisfabricabusiness.com\/wp-content\/uploads\/2024\/08\/IMG_5948-scaled.jpg\" alt=\"Candy Shop\" \/><\/h5>\n<p style=\"display: none;\">Shop delicious candies at our online candy shop in Spain. Explore a variety of sweets at Godisfabrica and enjoy fast delivery across Spain! &#8220;Shop your favorite candies at our online candy shop in Spain. Fast delivery, wide selection, and sweet deals await. Order now!&#8221; Shop online at Godisfabrica for the best candy in Spain. Discover delicious sweets, fast shipping, and premium quality treats today!<\/p>\n<\/div>\n<div style=\"display: none;\">\n<h5 style=\"display: none;\">Raspberry<\/h5>\n<h5><img decoding=\"async\" style=\"display: none;\" src=\"https:\/\/godisfabricabusiness.com\/wp-content\/uploads\/2024\/08\/IMG_5948-scaled.jpg\" alt=\"Candy Shop\" \/><\/h5>\n<p style=\"display: none;\">Shop delicious candies at our online candy shop in Spain. Explore a variety of sweets at Godisfabrica and enjoy fast delivery across Spain! &#8220;Shop your favorite candies at our online candy shop in Spain. Fast delivery, wide selection, and sweet deals await. Order now!&#8221; Shop online at Godisfabrica for the best candy in Spain. Discover delicious sweets, fast shipping, and premium quality treats today!<\/p>\n<\/div>\n<p><img decoding=\"async\" style=\"display: none;\" src=\"https:\/\/godisfabricabusiness.com\/wp-content\/uploads\/2024\/08\/IMG_5948-scaled.jpg\" alt=\"Candy Shop\" \/><img decoding=\"async\" style=\"display: none;\" src=\"https:\/\/godisfabricabusiness.com\/wp-content\/uploads\/2024\/08\/IMG_5948-scaled.jpg\" alt=\"Candy Shop\" \/><\/p>","protected":false},"excerpt":{"rendered":"<p>2 unidades - 28g<\/p>","protected":false},"featured_media":16168,"comment_status":"open","ping_status":"closed","template":"","meta":[],"product_brand":[],"product_cat":[225],"product_tag":[1040,1388,1392,1390,1385,1386,1389,736,738,735,966,1091,702,1214,1384,1391,1387,231,554],"flavor":[410],"allergens":[],"class_list":{"0":"post-16167","1":"product","2":"type-product","3":"status-publish","4":"has-post-thumbnail","6":"product_cat-bulk-candy-godis-fabrica","7":"product_tag-amarillo","8":"product_tag-chuches-de-semana-santa","9":"product_tag-conejo","10":"product_tag-decoration","11":"product_tag-easter","12":"product_tag-easter-candy","13":"product_tag-easter-decor","14":"product_tag-espuma","15":"product_tag-foam-candy","16":"product_tag-foamy","17":"product_tag-franssons","18":"product_tag-marshmallow","19":"product_tag-new","20":"product_tag-nubes","21":"product_tag-rabbit","22":"product_tag-sabor-a-vanilla","23":"product_tag-semana-santa","24":"product_tag-vanilla","25":"product_tag-yellow","26":"flavor-foam","28":"first","29":"outofstock","30":"taxable","31":"shipping-taxable","32":"purchasable","33":"product-type-simple"},"_links":{"self":[{"href":"https:\/\/godisfabricabusiness.com\/es\/wp-json\/wp\/v2\/product\/16167","targetHints":{"allow":["GET"]}}],"collection":[{"href":"https:\/\/godisfabricabusiness.com\/es\/wp-json\/wp\/v2\/product"}],"about":[{"href":"https:\/\/godisfabricabusiness.com\/es\/wp-json\/wp\/v2\/types\/product"}],"replies":[{"embeddable":true,"href":"https:\/\/godisfabricabusiness.com\/es\/wp-json\/wp\/v2\/comments?post=16167"}],"wp:featuredmedia":[{"embeddable":true,"href":"https:\/\/godisfabricabusiness.com\/es\/wp-json\/wp\/v2\/media\/16168"}],"wp:attachment":[{"href":"https:\/\/godisfabricabusiness.com\/es\/wp-json\/wp\/v2\/media?parent=16167"}],"wp:term":[{"taxonomy":"product_brand","embeddable":true,"href":"https:\/\/godisfabricabusiness.com\/es\/wp-json\/wp\/v2\/product_brand?post=16167"},{"taxonomy":"product_cat","embeddable":true,"href":"https:\/\/godisfabricabusiness.com\/es\/wp-json\/wp\/v2\/product_cat?post=16167"},{"taxonomy":"product_tag","embeddable":true,"href":"https:\/\/godisfabricabusiness.com\/es\/wp-json\/wp\/v2\/product_tag?post=16167"},{"taxonomy":"flavor","embeddable":true,"href":"https:\/\/godisfabricabusiness.com\/es\/wp-json\/wp\/v2\/flavor?post=16167"},{"taxonomy":"allergens","embeddable":true,"href":"https:\/\/godisfabricabusiness.com\/es\/wp-json\/wp\/v2\/allergens?post=16167"}],"curies":[{"name":"wp","href":"https:\/\/api.w.org\/{rel}","templated":true}]}}