{"id":16290,"date":"2025-03-21T12:56:50","date_gmt":"2025-03-21T11:56:50","guid":{"rendered":"https:\/\/godisfabricabusiness.com\/?post_type=product&#038;p=16290"},"modified":"2026-01-10T17:50:57","modified_gmt":"2026-01-10T16:50:57","slug":"strawberry-chocolate-liquorice-balls","status":"publish","type":"product","link":"https:\/\/godisfabricabusiness.com\/es\/producto\/strawberry-chocolate-liquorice-balls\/","title":{"rendered":"Bolitas de Regaliz Chocolate y Fresa"},"content":{"rendered":"<p>Bolitas de Regaliz Chocolate y Fresa \u2013 \u00a1Una historia de amor entre lo dulce y lo salado!<\/p>\n<p>Conoce al nuevo (y posiblemente m\u00e1s dram\u00e1tico) miembro de la familia Godis Fabrica Choco &amp; Regaliz. Este caramelo es b\u00e1sicamente una monta\u00f1a rusa para tus papilas gustativas: primero, el dulce y cremoso chocolate blanco se derrite en tu boca, seguido de una explosi\u00f3n de jugoso sabor a fresa. Justo cuando crees que todo es dulzura y felicidad\u2026 \u00a1BAM! El intenso y salado regaliz aparece como un giro inesperado en una pel\u00edcula de suspense.<\/p>\n<p>Las Bolitas de Regaliz Chocolate y Fresa son dulces, saladas y, literalmente, todo lo que nunca supiste que necesitabas en un solo bocado. Pero cuidado: una vez que empieces, detenerte no ser\u00e1 una opci\u00f3n.<\/p>\n<div style=\"display: none;\">\n<h5 style=\"display: none;\">Frambuesa de Gelatina<\/h5>\n<h5><img decoding=\"async\" style=\"display: none;\" src=\"https:\/\/godisfabricabusiness.com\/wp-content\/uploads\/2024\/08\/IMG_5948-scaled.jpg\" alt=\"Candy Shop\" \/><\/h5>\n<p style=\"display: none;\">Shop delicious candies at our online candy shop in Spain. Explore a variety of sweets at Godisfabrica and enjoy fast delivery across Spain! &#8220;Shop your favorite candies at our online candy shop in Spain. Fast delivery, wide selection, and sweet deals await. Order now!&#8221; Shop online at Godisfabrica for the best candy in Spain. Discover delicious sweets, fast shipping, and premium quality treats today!<\/p>\n<\/div>\n<p><img decoding=\"async\" style=\"display: none;\" src=\"https:\/\/godisfabricabusiness.com\/wp-content\/uploads\/2024\/08\/IMG_5948-scaled.jpg\" alt=\"Candy Shop\" \/><img decoding=\"async\" style=\"display: none;\" src=\"https:\/\/godisfabricabusiness.com\/wp-content\/uploads\/2024\/08\/IMG_5948-scaled.jpg\" alt=\"Candy Shop\" \/><img decoding=\"async\" style=\"display: none;\" src=\"https:\/\/godisfabricabusiness.com\/wp-content\/uploads\/2024\/08\/IMG_5948-scaled.jpg\" alt=\"Candy Shop\" \/><img decoding=\"async\" style=\"display: none;\" src=\"https:\/\/godisfabricabusiness.com\/wp-content\/uploads\/2024\/08\/IMG_5948-scaled.jpg\" alt=\"Candy Shop\" \/><\/p>","protected":false},"excerpt":{"rendered":"<p>3 unidades - 20g<\/p>","protected":false},"featured_media":16267,"comment_status":"open","ping_status":"closed","template":"","meta":[],"product_brand":[],"product_cat":[225,243],"product_tag":[230,786,615,236,529,1282,1031,1351,750,1348,702,677,1350,522,1060,485,563],"flavor":[412,411,413],"allergens":[],"class_list":{"0":"post-16290","1":"product","2":"type-product","3":"status-publish","4":"has-post-thumbnail","6":"product_cat-bulk-candy-godis-fabrica","7":"product_cat-chocolates-godis-fabrica","8":"product_tag-chocolate","9":"product_tag-chocolate-blanco","10":"product_tag-fresa","11":"product_tag-licorice","12":"product_tag-liquorice","13":"product_tag-liquorice-ball","14":"product_tag-liquorice-chocolate","15":"product_tag-liquorice-with-chocolate","16":"product_tag-mansikka","17":"product_tag-natural","18":"product_tag-new","19":"product_tag-regaliz","20":"product_tag-regaliz-con-chocolate","21":"product_tag-strawberry","22":"product_tag-strawberry-candy","23":"product_tag-white-chocolate","24":"product_tag-yoghurt","25":"flavor-chocolate","26":"flavor-fruity","27":"flavor-liquorice","29":"first","30":"outofstock","31":"taxable","32":"shipping-taxable","33":"purchasable","34":"product-type-simple"},"_links":{"self":[{"href":"https:\/\/godisfabricabusiness.com\/es\/wp-json\/wp\/v2\/product\/16290","targetHints":{"allow":["GET"]}}],"collection":[{"href":"https:\/\/godisfabricabusiness.com\/es\/wp-json\/wp\/v2\/product"}],"about":[{"href":"https:\/\/godisfabricabusiness.com\/es\/wp-json\/wp\/v2\/types\/product"}],"replies":[{"embeddable":true,"href":"https:\/\/godisfabricabusiness.com\/es\/wp-json\/wp\/v2\/comments?post=16290"}],"wp:featuredmedia":[{"embeddable":true,"href":"https:\/\/godisfabricabusiness.com\/es\/wp-json\/wp\/v2\/media\/16267"}],"wp:attachment":[{"href":"https:\/\/godisfabricabusiness.com\/es\/wp-json\/wp\/v2\/media?parent=16290"}],"wp:term":[{"taxonomy":"product_brand","embeddable":true,"href":"https:\/\/godisfabricabusiness.com\/es\/wp-json\/wp\/v2\/product_brand?post=16290"},{"taxonomy":"product_cat","embeddable":true,"href":"https:\/\/godisfabricabusiness.com\/es\/wp-json\/wp\/v2\/product_cat?post=16290"},{"taxonomy":"product_tag","embeddable":true,"href":"https:\/\/godisfabricabusiness.com\/es\/wp-json\/wp\/v2\/product_tag?post=16290"},{"taxonomy":"flavor","embeddable":true,"href":"https:\/\/godisfabricabusiness.com\/es\/wp-json\/wp\/v2\/flavor?post=16290"},{"taxonomy":"allergens","embeddable":true,"href":"https:\/\/godisfabricabusiness.com\/es\/wp-json\/wp\/v2\/allergens?post=16290"}],"curies":[{"name":"wp","href":"https:\/\/api.w.org\/{rel}","templated":true}]}}