{"id":16291,"date":"2025-03-21T13:28:59","date_gmt":"2025-03-21T12:28:59","guid":{"rendered":"https:\/\/godisfabricabusiness.com\/?post_type=product&#038;p=16291"},"modified":"2026-01-10T17:50:57","modified_gmt":"2026-01-10T16:50:57","slug":"jelly-beans","status":"publish","type":"product","link":"https:\/\/godisfabricabusiness.com\/es\/producto\/jelly-beans\/","title":{"rendered":"Jelly Beans"},"content":{"rendered":"<p>Jelly Beans \u2013 \u00a1Peque\u00f1as bolitas con una gran actitud!<\/p>\n<p>No dejes que su peque\u00f1o tama\u00f1o te enga\u00f1e: \u00a1estas gominolas est\u00e1n llenas de intensos sabores afrutados que har\u00e1n que tus papilas gustativas bailen de felicidad! Cada bocado es una dulce aventura, con una mezcla de jugosidad y masticabilidad que te mantendr\u00e1 adivinando. \u00bfQu\u00e9 pel\u00edcula hizo tan populares a estos chuches? \u00a1S\u00ed, Harry Potter, por supuesto!<\/p>\n<p>Perfecto para picar, compartir (si te sientes generoso) o intentar organizarlos por color antes de comerlos todos de todos modos. Advertencia: Puede causar estallidos repentinos de alegr\u00eda, h\u00e1bitos de picoteo coordinados por colores y una irresistible necesidad de tomar \"solo uno m\u00e1s\".<\/p>\n<div style=\"display: none;\">\n<h5 style=\"display: none;\">Frambuesa de Gelatina<\/h5>\n<h5><img decoding=\"async\" style=\"display: none;\" src=\"https:\/\/godisfabricabusiness.com\/wp-content\/uploads\/2024\/08\/IMG_5948-scaled.jpg\" alt=\"Candy Shop\" \/><\/h5>\n<p style=\"display: none;\">Shop delicious candies at our online candy shop in Spain. Explore a variety of sweets at Godisfabrica and enjoy fast delivery across Spain! &#8220;Shop your favorite candies at our online candy shop in Spain. Fast delivery, wide selection, and sweet deals await. Order now!&#8221; Shop online at Godisfabrica for the best candy in Spain. Discover delicious sweets, fast shipping, and premium quality treats today!<\/p>\n<\/div>\n<div style=\"display: none;\">\n<h5 style=\"display: none;\">Raspberry<\/h5>\n<h5><img decoding=\"async\" style=\"display: none;\" src=\"https:\/\/godisfabricabusiness.com\/wp-content\/uploads\/2024\/08\/IMG_5948-scaled.jpg\" alt=\"Candy Shop\" \/><\/h5>\n<p style=\"display: none;\">Shop delicious candies at our online candy shop in Spain. Explore a variety of sweets at Godisfabrica and enjoy fast delivery across Spain! &#8220;Shop your favorite candies at our online candy shop in Spain. Fast delivery, wide selection, and sweet deals await. Order now!&#8221; Shop online at Godisfabrica for the best candy in Spain. Discover delicious sweets, fast shipping, and premium quality treats today!<\/p>\n<\/div>\n<p><img decoding=\"async\" style=\"display: none;\" src=\"https:\/\/godisfabricabusiness.com\/wp-content\/uploads\/2024\/08\/IMG_5948-scaled.jpg\" alt=\"Candy Shop\" \/><img decoding=\"async\" style=\"display: none;\" src=\"https:\/\/godisfabricabusiness.com\/wp-content\/uploads\/2024\/08\/IMG_5948-scaled.jpg\" alt=\"Candy Shop\" \/><\/p>","protected":false},"excerpt":{"rendered":"<p>20 units &#8211; 25g<\/p>","protected":false},"featured_media":16286,"comment_status":"open","ping_status":"closed","template":"","meta":[],"product_brand":[],"product_cat":[225],"product_tag":[1408,1401,1402,583,1239,1405,1407,1352,508,540,1205,507,1276,1213,1403,1404,440,1400,1217,1406],"flavor":[411,417],"allergens":[],"class_list":{"0":"post-16291","1":"product","2":"type-product","3":"status-publish","4":"has-post-thumbnail","6":"product_cat-bulk-candy-godis-fabrica","7":"product_tag-afrutado","8":"product_tag-bean","9":"product_tag-beans","10":"product_tag-chewy","11":"product_tag-chewy-candy","12":"product_tag-chuches-harry-potter","13":"product_tag-chuches-jelly","14":"product_tag-finnish-candy","15":"product_tag-fruit","16":"product_tag-fruit-candy","17":"product_tag-fruits","18":"product_tag-fruity","19":"product_tag-frutal","20":"product_tag-frutos","21":"product_tag-harry-potter","22":"product_tag-harry-potter-candy","23":"product_tag-jelly","24":"product_tag-jelly-beans","25":"product_tag-masticable","26":"product_tag-pelicula","27":"flavor-fruity","28":"flavor-jelly","30":"first","31":"outofstock","32":"taxable","33":"shipping-taxable","34":"purchasable","35":"product-type-simple"},"_links":{"self":[{"href":"https:\/\/godisfabricabusiness.com\/es\/wp-json\/wp\/v2\/product\/16291","targetHints":{"allow":["GET"]}}],"collection":[{"href":"https:\/\/godisfabricabusiness.com\/es\/wp-json\/wp\/v2\/product"}],"about":[{"href":"https:\/\/godisfabricabusiness.com\/es\/wp-json\/wp\/v2\/types\/product"}],"replies":[{"embeddable":true,"href":"https:\/\/godisfabricabusiness.com\/es\/wp-json\/wp\/v2\/comments?post=16291"}],"wp:featuredmedia":[{"embeddable":true,"href":"https:\/\/godisfabricabusiness.com\/es\/wp-json\/wp\/v2\/media\/16286"}],"wp:attachment":[{"href":"https:\/\/godisfabricabusiness.com\/es\/wp-json\/wp\/v2\/media?parent=16291"}],"wp:term":[{"taxonomy":"product_brand","embeddable":true,"href":"https:\/\/godisfabricabusiness.com\/es\/wp-json\/wp\/v2\/product_brand?post=16291"},{"taxonomy":"product_cat","embeddable":true,"href":"https:\/\/godisfabricabusiness.com\/es\/wp-json\/wp\/v2\/product_cat?post=16291"},{"taxonomy":"product_tag","embeddable":true,"href":"https:\/\/godisfabricabusiness.com\/es\/wp-json\/wp\/v2\/product_tag?post=16291"},{"taxonomy":"flavor","embeddable":true,"href":"https:\/\/godisfabricabusiness.com\/es\/wp-json\/wp\/v2\/flavor?post=16291"},{"taxonomy":"allergens","embeddable":true,"href":"https:\/\/godisfabricabusiness.com\/es\/wp-json\/wp\/v2\/allergens?post=16291"}],"curies":[{"name":"wp","href":"https:\/\/api.w.org\/{rel}","templated":true}]}}