{"id":16292,"date":"2025-03-21T13:43:57","date_gmt":"2025-03-21T12:43:57","guid":{"rendered":"https:\/\/godisfabricabusiness.com\/?post_type=product&#038;p=16292"},"modified":"2026-01-10T17:50:57","modified_gmt":"2026-01-10T16:50:57","slug":"bubs-raspberry-skull-mini","status":"publish","type":"product","link":"https:\/\/godisfabricabusiness.com\/es\/producto\/bubs-raspberry-skull-mini\/","title":{"rendered":"Bubs Calavera de Frambuesa Mini"},"content":{"rendered":"<p>Bubs Calavera de Frambuesa Mini \u2013 \u00a1Por el amor de las frambuesas!<\/p>\n<p>Conoce tu nuevo dulce favorito... Si amas las frambuesas, te entendemos completamente: \u00a1son simplemente irresistibles! Por eso Bubs cre\u00f3 esta calavera rosa llena del sabor de frambuesas reci\u00e9n recogidas. Con su textura perfectamente masticable, cada bocado es un peque\u00f1o toque de para\u00edso.<\/p>\n<p>\u00bfY la mejor parte? Cada pieza de Bubs Calavera de Frambuesa Mini est\u00e1 certificada por Fairtrade, completamente libre de gelatina y otros aditivos animales. \u00a1As\u00ed que adelante, date un gusto con este dulce lleno de frutas, sin culpa!<\/p>\n<div style=\"display: none;\">\n<h5 style=\"display: none;\">Frambuesa de Gelatina<\/h5>\n<h5><img decoding=\"async\" style=\"display: none;\" src=\"https:\/\/godisfabricabusiness.com\/wp-content\/uploads\/2024\/08\/IMG_5948-scaled.jpg\" alt=\"Candy Shop\" \/><\/h5>\n<p style=\"display: none;\">Shop delicious candies at our online candy shop in Spain. Explore a variety of sweets at Godisfabrica and enjoy fast delivery across Spain! &#8220;Shop your favorite candies at our online candy shop in Spain. Fast delivery, wide selection, and sweet deals await. Order now!&#8221; Shop online at Godisfabrica for the best candy in Spain. Discover delicious sweets, fast shipping, and premium quality treats today!<\/p>\n<\/div>\n<div style=\"display: none;\">\n<h5 style=\"display: none;\">Raspberry<\/h5>\n<h5><img decoding=\"async\" style=\"display: none;\" src=\"https:\/\/godisfabricabusiness.com\/wp-content\/uploads\/2024\/08\/IMG_5948-scaled.jpg\" alt=\"Candy Shop\" \/><\/h5>\n<p style=\"display: none;\">Shop delicious candies at our online candy shop in Spain. Explore a variety of sweets at Godisfabrica and enjoy fast delivery across Spain! &#8220;Shop your favorite candies at our online candy shop in Spain. Fast delivery, wide selection, and sweet deals await. Order now!&#8221; Shop online at Godisfabrica for the best candy in Spain. Discover delicious sweets, fast shipping, and premium quality treats today!<\/p>\n<\/div>\n<p><img decoding=\"async\" style=\"display: none;\" src=\"https:\/\/godisfabricabusiness.com\/wp-content\/uploads\/2024\/08\/IMG_5948-scaled.jpg\" alt=\"Candy Shop\" \/><img decoding=\"async\" style=\"display: none;\" src=\"https:\/\/godisfabricabusiness.com\/wp-content\/uploads\/2024\/08\/IMG_5948-scaled.jpg\" alt=\"Candy Shop\" \/><\/p>","protected":false},"excerpt":{"rendered":"<p>6 units &#8211; 19g<\/p>","protected":false},"featured_media":16278,"comment_status":"open","ping_status":"closed","template":"","meta":[],"product_brand":[],"product_cat":[290,225],"product_tag":[434,1090,1368,682,1410,1156,1409,537,443,735,631,508,540,1205,507,1276,1213,968,702,446,842,239,552,291,445,607],"flavor":[410,411],"allergens":[426,425],"class_list":{"0":"post-16292","1":"product","2":"type-product","3":"status-publish","4":"has-post-thumbnail","6":"product_cat-vegan-products-godis-fabrica","7":"product_cat-bulk-candy-godis-fabrica","8":"product_tag-bubs","9":"product_tag-bubs-candy","10":"product_tag-bubs-godis","11":"product_tag-bubs-mini","12":"product_tag-bubs-raspberry-skull-mini","13":"product_tag-bubsgodis","14":"product_tag-calavera","15":"product_tag-chuches-veganas","16":"product_tag-foam","17":"product_tag-foamy","18":"product_tag-frambuesa","19":"product_tag-fruit","20":"product_tag-fruit-candy","21":"product_tag-fruits","22":"product_tag-fruity","23":"product_tag-frutal","24":"product_tag-frutos","25":"product_tag-golosinas-veganas","26":"product_tag-new","27":"product_tag-raspberry","28":"product_tag-raspberry-taste","29":"product_tag-skull","30":"product_tag-swedish-candy","31":"product_tag-vegan","32":"product_tag-vegan-candy","33":"product_tag-vegano","34":"flavor-foam","35":"flavor-fruity","36":"allergens-gelatin-free","37":"allergens-vegan","39":"first","40":"outofstock","41":"taxable","42":"shipping-taxable","43":"purchasable","44":"product-type-simple"},"_links":{"self":[{"href":"https:\/\/godisfabricabusiness.com\/es\/wp-json\/wp\/v2\/product\/16292","targetHints":{"allow":["GET"]}}],"collection":[{"href":"https:\/\/godisfabricabusiness.com\/es\/wp-json\/wp\/v2\/product"}],"about":[{"href":"https:\/\/godisfabricabusiness.com\/es\/wp-json\/wp\/v2\/types\/product"}],"replies":[{"embeddable":true,"href":"https:\/\/godisfabricabusiness.com\/es\/wp-json\/wp\/v2\/comments?post=16292"}],"wp:featuredmedia":[{"embeddable":true,"href":"https:\/\/godisfabricabusiness.com\/es\/wp-json\/wp\/v2\/media\/16278"}],"wp:attachment":[{"href":"https:\/\/godisfabricabusiness.com\/es\/wp-json\/wp\/v2\/media?parent=16292"}],"wp:term":[{"taxonomy":"product_brand","embeddable":true,"href":"https:\/\/godisfabricabusiness.com\/es\/wp-json\/wp\/v2\/product_brand?post=16292"},{"taxonomy":"product_cat","embeddable":true,"href":"https:\/\/godisfabricabusiness.com\/es\/wp-json\/wp\/v2\/product_cat?post=16292"},{"taxonomy":"product_tag","embeddable":true,"href":"https:\/\/godisfabricabusiness.com\/es\/wp-json\/wp\/v2\/product_tag?post=16292"},{"taxonomy":"flavor","embeddable":true,"href":"https:\/\/godisfabricabusiness.com\/es\/wp-json\/wp\/v2\/flavor?post=16292"},{"taxonomy":"allergens","embeddable":true,"href":"https:\/\/godisfabricabusiness.com\/es\/wp-json\/wp\/v2\/allergens?post=16292"}],"curies":[{"name":"wp","href":"https:\/\/api.w.org\/{rel}","templated":true}]}}