{"id":16293,"date":"2025-03-21T17:45:04","date_gmt":"2025-03-21T16:45:04","guid":{"rendered":"https:\/\/godisfabricabusiness.com\/?post_type=product&#038;p=16293"},"modified":"2026-01-10T17:50:57","modified_gmt":"2026-01-10T16:50:57","slug":"salmiak-fruit-alphabet","status":"publish","type":"product","link":"https:\/\/godisfabricabusiness.com\/es\/producto\/salmiak-fruit-alphabet\/","title":{"rendered":"Alfabeto de Salmiak y Fruta"},"content":{"rendered":"<p>Alfabeto de Salmiak y Fruta \u2013 \u00a1Aprender nunca fue tan delicioso!<\/p>\n<p>\u00bfQui\u00e9n dijo que el abecedario solo es para ni\u00f1os? \u00a1Con el Alfabeto de Salmiak y Fruta, puedes disfrutar del ABC de una manera deliciosa\u2014al estilo finland\u00e9s! Estas chuches de regaliz y fruta con forma de diamante han estado haciendo sonrisas (y tal vez alg\u00fan gesto de sorpresa) desde 1970, combinando el audaz toque salado del salmiak con la dulzura de la fruta. \u00a1Una explosi\u00f3n de sabor que te har\u00e1 querer aprender el abecedario una y otra vez!<\/p>\n<p>\u00a1Escribe tu nombre, deja mensajes cr\u00edpticos con caramelos o simplemente dev\u00f3ralos en un orden aleatorio! Lo que es seguro es que, una vez que empieces a picar, no querr\u00e1s graduarte de esta deliciosa lecci\u00f3n. \u00a1El sabor es tan irresistible que querr\u00e1s repetir una y otra vez!<\/p>\n<div><\/div>","protected":false},"excerpt":{"rendered":"<p>6 unidades - 24g<\/p>","protected":false},"featured_media":16282,"comment_status":"open","ping_status":"closed","template":"","meta":[],"product_brand":[],"product_cat":[225],"product_tag":[1411,583,1239,551,1352,508,540,883,1205,507,1276,1213,1341,440,236,529,702,677,1413,517,516,1412],"flavor":[411,417,413,414],"allergens":[428,427],"class_list":{"0":"post-16293","1":"product","2":"type-product","3":"status-publish","4":"has-post-thumbnail","6":"product_cat-bulk-candy-godis-fabrica","7":"product_tag-aakkoset","8":"product_tag-chewy","9":"product_tag-chewy-candy","10":"product_tag-cloetta","11":"product_tag-finnish-candy","12":"product_tag-fruit","13":"product_tag-fruit-candy","14":"product_tag-fruit-licorice","15":"product_tag-fruits","16":"product_tag-fruity","17":"product_tag-frutal","18":"product_tag-frutos","19":"product_tag-gel-candy","20":"product_tag-jelly","21":"product_tag-licorice","22":"product_tag-liquorice","23":"product_tag-new","24":"product_tag-regaliz","25":"product_tag-salmiac","26":"product_tag-salmiak","27":"product_tag-salmiakki","28":"product_tag-sirkus-aakkoset","29":"flavor-fruity","30":"flavor-jelly","31":"flavor-liquorice","32":"flavor-salty","33":"allergens-gluten-free","34":"allergens-lactose-free","36":"first","37":"outofstock","38":"taxable","39":"shipping-taxable","40":"purchasable","41":"product-type-simple"},"_links":{"self":[{"href":"https:\/\/godisfabricabusiness.com\/es\/wp-json\/wp\/v2\/product\/16293","targetHints":{"allow":["GET"]}}],"collection":[{"href":"https:\/\/godisfabricabusiness.com\/es\/wp-json\/wp\/v2\/product"}],"about":[{"href":"https:\/\/godisfabricabusiness.com\/es\/wp-json\/wp\/v2\/types\/product"}],"replies":[{"embeddable":true,"href":"https:\/\/godisfabricabusiness.com\/es\/wp-json\/wp\/v2\/comments?post=16293"}],"wp:featuredmedia":[{"embeddable":true,"href":"https:\/\/godisfabricabusiness.com\/es\/wp-json\/wp\/v2\/media\/16282"}],"wp:attachment":[{"href":"https:\/\/godisfabricabusiness.com\/es\/wp-json\/wp\/v2\/media?parent=16293"}],"wp:term":[{"taxonomy":"product_brand","embeddable":true,"href":"https:\/\/godisfabricabusiness.com\/es\/wp-json\/wp\/v2\/product_brand?post=16293"},{"taxonomy":"product_cat","embeddable":true,"href":"https:\/\/godisfabricabusiness.com\/es\/wp-json\/wp\/v2\/product_cat?post=16293"},{"taxonomy":"product_tag","embeddable":true,"href":"https:\/\/godisfabricabusiness.com\/es\/wp-json\/wp\/v2\/product_tag?post=16293"},{"taxonomy":"flavor","embeddable":true,"href":"https:\/\/godisfabricabusiness.com\/es\/wp-json\/wp\/v2\/flavor?post=16293"},{"taxonomy":"allergens","embeddable":true,"href":"https:\/\/godisfabricabusiness.com\/es\/wp-json\/wp\/v2\/allergens?post=16293"}],"curies":[{"name":"wp","href":"https:\/\/api.w.org\/{rel}","templated":true}]}}