{"id":16295,"date":"2025-03-21T18:37:31","date_gmt":"2025-03-21T17:37:31","guid":{"rendered":"https:\/\/godisfabricabusiness.com\/?post_type=product&#038;p=16295"},"modified":"2026-01-10T17:50:57","modified_gmt":"2026-01-10T16:50:57","slug":"croquante-balls","status":"publish","type":"product","link":"https:\/\/godisfabricabusiness.com\/es\/producto\/croquante-balls\/","title":{"rendered":"Bolas de Crocante"},"content":{"rendered":"<p>Disfruta del irresistible crujido y la suave delicia del chocolate con las cl\u00e1sicas Bolas de Crocante y Chocolate de Mormor Lisas. Cada bocado ofrece una armon\u00eda perfecta entre el chocolate aterciopelado y la avena crujiente, creando un dulce que es tanto rico como deliciosamente crujiente.<\/p>\n<p>Ya sea que las uses para llenar cuencos de dulces, darle un toque especial a tus postres o simplemente darte un capricho, estas delicias aseguran que siempre haya suficiente para compartir. Elaboradas con el cari\u00f1o y la tradici\u00f3n de la reposter\u00eda sueca, las Bolas Crocantes de Mormor Lisas ofrecen un crujido chocolate que es simplemente irresistible.<\/p>","protected":false},"excerpt":{"rendered":"<p>2 unidades - 27g<\/p>","protected":false},"featured_media":16205,"comment_status":"open","ping_status":"closed","template":"","meta":[],"product_brand":[],"product_cat":[225,243],"product_tag":[1118,230,777,578,1418,779,1416,773,831,1119,837,1417,836,1415,1414,468,552],"flavor":[412],"allergens":[],"class_list":{"0":"post-16295","1":"product","2":"type-product","3":"status-publish","4":"has-post-thumbnail","6":"product_cat-bulk-candy-godis-fabrica","7":"product_cat-chocolates-godis-fabrica","8":"product_tag-abuela","9":"product_tag-chocolate","10":"product_tag-chocolate-balls","11":"product_tag-creamy","12":"product_tag-crujente","13":"product_tag-crunchy-cereals","14":"product_tag-crunhy","15":"product_tag-dark-chocolate","16":"product_tag-famous","17":"product_tag-granma","18":"product_tag-lisas","19":"product_tag-mormor-lisa","20":"product_tag-mormor-lisas","21":"product_tag-oat","22":"product_tag-oats","23":"product_tag-original","24":"product_tag-swedish-candy","25":"flavor-chocolate","27":"first","28":"outofstock","29":"taxable","30":"shipping-taxable","31":"purchasable","32":"product-type-simple"},"_links":{"self":[{"href":"https:\/\/godisfabricabusiness.com\/es\/wp-json\/wp\/v2\/product\/16295","targetHints":{"allow":["GET"]}}],"collection":[{"href":"https:\/\/godisfabricabusiness.com\/es\/wp-json\/wp\/v2\/product"}],"about":[{"href":"https:\/\/godisfabricabusiness.com\/es\/wp-json\/wp\/v2\/types\/product"}],"replies":[{"embeddable":true,"href":"https:\/\/godisfabricabusiness.com\/es\/wp-json\/wp\/v2\/comments?post=16295"}],"wp:featuredmedia":[{"embeddable":true,"href":"https:\/\/godisfabricabusiness.com\/es\/wp-json\/wp\/v2\/media\/16205"}],"wp:attachment":[{"href":"https:\/\/godisfabricabusiness.com\/es\/wp-json\/wp\/v2\/media?parent=16295"}],"wp:term":[{"taxonomy":"product_brand","embeddable":true,"href":"https:\/\/godisfabricabusiness.com\/es\/wp-json\/wp\/v2\/product_brand?post=16295"},{"taxonomy":"product_cat","embeddable":true,"href":"https:\/\/godisfabricabusiness.com\/es\/wp-json\/wp\/v2\/product_cat?post=16295"},{"taxonomy":"product_tag","embeddable":true,"href":"https:\/\/godisfabricabusiness.com\/es\/wp-json\/wp\/v2\/product_tag?post=16295"},{"taxonomy":"flavor","embeddable":true,"href":"https:\/\/godisfabricabusiness.com\/es\/wp-json\/wp\/v2\/flavor?post=16295"},{"taxonomy":"allergens","embeddable":true,"href":"https:\/\/godisfabricabusiness.com\/es\/wp-json\/wp\/v2\/allergens?post=16295"}],"curies":[{"name":"wp","href":"https:\/\/api.w.org\/{rel}","templated":true}]}}