{"id":16333,"date":"2025-03-23T11:49:33","date_gmt":"2025-03-23T10:49:33","guid":{"rendered":"https:\/\/godisfabricabusiness.com\/?post_type=product&#038;p=16333"},"modified":"2026-01-10T17:50:57","modified_gmt":"2026-01-10T16:50:57","slug":"taffel-hearts-chips","status":"publish","type":"product","link":"https:\/\/godisfabricabusiness.com\/es\/producto\/taffel-hearts-chips\/","title":{"rendered":"Chips Taffel Coraz\u00f3nes"},"content":{"rendered":"<p>Chips Taffel Corazones \u2013 \u00a1S\u00faper crujientes, s\u00faper quesudas, s\u00faper adorables!<\/p>\n<p>Enam\u00f3rate con cada bocado de Chips Taffel Corazones \u2013 los irresistiblemente crujientes bocaditos en forma de coraz\u00f3n cubiertos con un rico y \"\u00e1cido\" sabor a queso nacho. Perfectos para fiestas, noches de cine o cuando te ataque el antojo, estos dorados bocados de felicidad te har\u00e1n ver corazones en un abrir y cerrar de ojos. \u00a1Toma una bolsa, comparte el amor (o gu\u00e1rdalos todos para ti\u2014nosotros no lo juzgamos) y disfruta de la experiencia definitiva de un snack con queso! \u00a1Crujientes, sabrosos y absolutamente irresistibles!<\/p>\n<div style=\"display: none;\">\n<h5 style=\"display: none;\">Frambuesa de Gelatina<\/h5>\n<h5><img decoding=\"async\" style=\"display: none;\" src=\"https:\/\/godisfabricabusiness.com\/wp-content\/uploads\/2024\/08\/IMG_5948-scaled.jpg\" alt=\"Candy Shop\" \/><\/h5>\n<p style=\"display: none;\">Shop delicious candies at our online candy shop in Spain. Explore a variety of sweets at Godisfabrica and enjoy fast delivery across Spain! &#8220;Shop your favorite candies at our online candy shop in Spain. Fast delivery, wide selection, and sweet deals await. Order now!&#8221; Shop online at Godisfabrica for the best candy in Spain. Discover delicious sweets, fast shipping, and premium quality treats today!<\/p>\n<\/div>\n<div style=\"display: none;\">\n<h5 style=\"display: none;\">Raspberry<\/h5>\n<h5><img decoding=\"async\" style=\"display: none;\" src=\"https:\/\/godisfabricabusiness.com\/wp-content\/uploads\/2024\/08\/IMG_5948-scaled.jpg\" alt=\"Candy Shop\" \/><\/h5>\n<p style=\"display: none;\">Shop delicious candies at our online candy shop in Spain. Explore a variety of sweets at Godisfabrica and enjoy fast delivery across Spain! &#8220;Shop your favorite candies at our online candy shop in Spain. Fast delivery, wide selection, and sweet deals await. Order now!&#8221; Shop online at Godisfabrica for the best candy in Spain. Discover delicious sweets, fast shipping, and premium quality treats today!<\/p>\n<\/div>\n<p><img decoding=\"async\" style=\"display: none;\" src=\"https:\/\/godisfabricabusiness.com\/wp-content\/uploads\/2024\/08\/IMG_5948-scaled.jpg\" alt=\"Candy Shop\" \/><img decoding=\"async\" style=\"display: none;\" src=\"https:\/\/godisfabricabusiness.com\/wp-content\/uploads\/2024\/08\/IMG_5948-scaled.jpg\" alt=\"Candy Shop\" \/><\/p>","protected":false},"excerpt":{"rendered":"<p>60g<\/p>","protected":false},"featured_media":16334,"comment_status":"open","ping_status":"closed","template":"","meta":[],"product_brand":[],"product_cat":[292],"product_tag":[634,441,975,439,1433,1294,636,1300,1435,1299,1295,637,1298,1434,1301,976,644,645,1436],"flavor":[414],"allergens":[],"class_list":{"0":"post-16333","1":"product","2":"type-product","3":"status-publish","4":"has-post-thumbnail","6":"product_cat-snacks-godis-fabrica","7":"product_tag-chips","8":"product_tag-corazon","9":"product_tag-finnish-chips","10":"product_tag-hearts","11":"product_tag-hearts-sipsit","12":"product_tag-papas-frita","13":"product_tag-patatas","14":"product_tag-patatas-chips","15":"product_tag-patatas-corazon","16":"product_tag-patatas-fritas","17":"product_tag-potato","18":"product_tag-potato-chips","19":"product_tag-scandi-chips","20":"product_tag-sipsi","21":"product_tag-sipsit","22":"product_tag-swedish-chips","23":"product_tag-taffel","24":"product_tag-taffel-chips","25":"product_tag-taffel-suomi","26":"flavor-salty","28":"first","29":"outofstock","30":"taxable","31":"shipping-taxable","32":"purchasable","33":"product-type-simple"},"_links":{"self":[{"href":"https:\/\/godisfabricabusiness.com\/es\/wp-json\/wp\/v2\/product\/16333","targetHints":{"allow":["GET"]}}],"collection":[{"href":"https:\/\/godisfabricabusiness.com\/es\/wp-json\/wp\/v2\/product"}],"about":[{"href":"https:\/\/godisfabricabusiness.com\/es\/wp-json\/wp\/v2\/types\/product"}],"replies":[{"embeddable":true,"href":"https:\/\/godisfabricabusiness.com\/es\/wp-json\/wp\/v2\/comments?post=16333"}],"wp:featuredmedia":[{"embeddable":true,"href":"https:\/\/godisfabricabusiness.com\/es\/wp-json\/wp\/v2\/media\/16334"}],"wp:attachment":[{"href":"https:\/\/godisfabricabusiness.com\/es\/wp-json\/wp\/v2\/media?parent=16333"}],"wp:term":[{"taxonomy":"product_brand","embeddable":true,"href":"https:\/\/godisfabricabusiness.com\/es\/wp-json\/wp\/v2\/product_brand?post=16333"},{"taxonomy":"product_cat","embeddable":true,"href":"https:\/\/godisfabricabusiness.com\/es\/wp-json\/wp\/v2\/product_cat?post=16333"},{"taxonomy":"product_tag","embeddable":true,"href":"https:\/\/godisfabricabusiness.com\/es\/wp-json\/wp\/v2\/product_tag?post=16333"},{"taxonomy":"flavor","embeddable":true,"href":"https:\/\/godisfabricabusiness.com\/es\/wp-json\/wp\/v2\/flavor?post=16333"},{"taxonomy":"allergens","embeddable":true,"href":"https:\/\/godisfabricabusiness.com\/es\/wp-json\/wp\/v2\/allergens?post=16333"}],"curies":[{"name":"wp","href":"https:\/\/api.w.org\/{rel}","templated":true}]}}