{"id":16871,"date":"2025-05-05T13:02:08","date_gmt":"2025-05-05T11:02:08","guid":{"rendered":"https:\/\/godisfabricabusiness.com\/?post_type=product&#038;p=16871"},"modified":"2026-01-10T17:50:56","modified_gmt":"2026-01-10T16:50:56","slug":"raspberry-boats","status":"publish","type":"product","link":"https:\/\/godisfabricabusiness.com\/es\/producto\/raspberry-boats\/","title":{"rendered":"Barquitos de Frambuesa"},"content":{"rendered":"<p class=\"\" data-start=\"84\" data-end=\"443\">Barquitos de Frambuesa \u2013 \u00a1Zarpa hacia la dulzura!<\/p>\n<p class=\"\" data-start=\"84\" data-end=\"443\">\u00a1Ahoy, capitanes de chuches! Los Barquitos de Frambuesa son un dulce sueco que todos, desde los m\u00e1s peque\u00f1os hasta las abuelas, querr\u00e1n apoderarse. Estas peque\u00f1as chuches en forma de barco, de color rojo, est\u00e1n llenas de un delicioso sabor a frambuesa y listas para zarpar directamente hacia tu boca.<\/p>\n<p class=\"\" data-start=\"445\" data-end=\"654\">Perfectos para zarpar directamente hacia tu boca durante una noche de pel\u00edcula, misiones de snacks furtivos o cuando te est\u00e9s haciendo pasar por un vikingo amante del az\u00facar. No necesitas ser un pirata, pero podr\u00edas gritar \u201c\u00a1Qu\u00e9 rico!\u201d lo suficientemente fuerte como para asustar a los vecinos. Olv\u00eddate de los cruceros\u2014este es el verdadero viaje dulce.<\/p>","protected":false},"excerpt":{"rendered":"<p>5 unidades \u2013 21g<\/p>","protected":false},"featured_media":16936,"comment_status":"open","ping_status":"closed","template":"","meta":[],"product_brand":[],"product_cat":[225],"product_tag":[740,739,631,507,729,741,440,1448,446,842,568],"flavor":[411,417],"allergens":[428],"class_list":{"0":"post-16871","1":"product","2":"type-product","3":"status-publish","4":"has-post-thumbnail","6":"product_cat-bulk-candy-godis-fabrica","7":"product_tag-batmix","8":"product_tag-boats","9":"product_tag-frambuesa","10":"product_tag-fruity","11":"product_tag-hallon","12":"product_tag-hallonbatar","13":"product_tag-jelly","14":"product_tag-jelly-cnady","15":"product_tag-raspberry","16":"product_tag-raspberry-taste","17":"product_tag-vadelma","18":"flavor-fruity","19":"flavor-jelly","20":"allergens-gluten-free","22":"first","23":"outofstock","24":"taxable","25":"shipping-taxable","26":"purchasable","27":"product-type-simple"},"_links":{"self":[{"href":"https:\/\/godisfabricabusiness.com\/es\/wp-json\/wp\/v2\/product\/16871","targetHints":{"allow":["GET"]}}],"collection":[{"href":"https:\/\/godisfabricabusiness.com\/es\/wp-json\/wp\/v2\/product"}],"about":[{"href":"https:\/\/godisfabricabusiness.com\/es\/wp-json\/wp\/v2\/types\/product"}],"replies":[{"embeddable":true,"href":"https:\/\/godisfabricabusiness.com\/es\/wp-json\/wp\/v2\/comments?post=16871"}],"wp:featuredmedia":[{"embeddable":true,"href":"https:\/\/godisfabricabusiness.com\/es\/wp-json\/wp\/v2\/media\/16936"}],"wp:attachment":[{"href":"https:\/\/godisfabricabusiness.com\/es\/wp-json\/wp\/v2\/media?parent=16871"}],"wp:term":[{"taxonomy":"product_brand","embeddable":true,"href":"https:\/\/godisfabricabusiness.com\/es\/wp-json\/wp\/v2\/product_brand?post=16871"},{"taxonomy":"product_cat","embeddable":true,"href":"https:\/\/godisfabricabusiness.com\/es\/wp-json\/wp\/v2\/product_cat?post=16871"},{"taxonomy":"product_tag","embeddable":true,"href":"https:\/\/godisfabricabusiness.com\/es\/wp-json\/wp\/v2\/product_tag?post=16871"},{"taxonomy":"flavor","embeddable":true,"href":"https:\/\/godisfabricabusiness.com\/es\/wp-json\/wp\/v2\/flavor?post=16871"},{"taxonomy":"allergens","embeddable":true,"href":"https:\/\/godisfabricabusiness.com\/es\/wp-json\/wp\/v2\/allergens?post=16871"}],"curies":[{"name":"wp","href":"https:\/\/api.w.org\/{rel}","templated":true}]}}