{"id":16922,"date":"2025-05-07T18:05:34","date_gmt":"2025-05-07T16:05:34","guid":{"rendered":"https:\/\/godisfabricabusiness.com\/?post_type=product&#038;p=16922"},"modified":"2026-01-10T17:50:56","modified_gmt":"2026-01-10T16:50:56","slug":"banana-bubs","status":"publish","type":"product","link":"https:\/\/godisfabricabusiness.com\/es\/producto\/banana-bubs\/","title":{"rendered":"Bubs de Pl\u00e1tano"},"content":{"rendered":"<p class=\"\" data-start=\"91\" data-end=\"160\"><strong data-start=\"91\" data-end=\"160\">Bubs de Pl\u00e1tano \u2013 \u00a1La golosina que todos secretamente adoran!<\/strong><\/p>\n<p class=\"\" data-start=\"162\" data-end=\"429\">Conoce a los legendarios Bubs de Pl\u00e1tano: la golosina espumosa con sabor a pl\u00e1tano, caramelo y toffee que b\u00e1sicamente es la Beyonc\u00e9 del mundo Bubs. Esto no es solo un chuche, es un \u00edcono. Si a\u00fan no has probado los famos\u00edsimos <strong data-start=\"91\" data-end=\"160\">Bubs de Pl\u00e1tano <\/strong>, est\u00e1s legalmente obligado a sentir FOMO.<\/p>\n<p class=\"\" data-start=\"431\" data-end=\"763\">Suaves, dulces y sospechosamente con forma de una mini nave espacial de pl\u00e1tano, estas delicias veganas tienen una sola misi\u00f3n: invadir tu boca y no marcharse jam\u00e1s. Todo el mundo las ama. \u00bfTu abuela? Obsesionada. \u00bfEse barista guay? Se las zampa a escondidas detr\u00e1s de la barra. Incluso tu dentista probablemente se come unas cuantas cuando nadie mira. Tambi\u00e9n disponibles en versi\u00f3n Mini... pero estas son las <em data-start=\"807\" data-end=\"818\">de verdad<\/em>.<\/p>\n<p class=\"\" data-start=\"446\" data-end=\"569\">Bubs de Pl\u00e1tano no contiene gelatina ni ning\u00fan ingrediente de origen animal \u2013 una chuche 100% vegana que todos pueden disfrutar.<\/p>\n<div style=\"display: none;\">\n<h5 style=\"display: none;\">Frambuesa de Gelatina<\/h5>\n<h5><img decoding=\"async\" style=\"display: none;\" src=\"https:\/\/godisfabricabusiness.com\/wp-content\/uploads\/2024\/08\/IMG_5948-scaled.jpg\" alt=\"Candy Shop\" \/><\/h5>\n<p style=\"display: none;\">Shop delicious candies at our online candy shop in Spain. Explore a variety of sweets at Godisfabrica and enjoy fast delivery across Spain! &#8220;Shop your favorite candies at our online candy shop in Spain. Fast delivery, wide selection, and sweet deals await. Order now!&#8221; Shop online at Godisfabrica for the best candy in Spain. Discover delicious sweets, fast shipping, and premium quality treats today!<\/p>\n<\/div>\n<div style=\"display: none;\">\n<h5 style=\"display: none;\">Raspberry<\/h5>\n<h5><img decoding=\"async\" style=\"display: none;\" src=\"https:\/\/godisfabricabusiness.com\/wp-content\/uploads\/2024\/08\/IMG_5948-scaled.jpg\" alt=\"Candy Shop\" \/><\/h5>\n<p style=\"display: none;\">Shop delicious candies at our online candy shop in Spain. Explore a variety of sweets at Godisfabrica and enjoy fast delivery across Spain! &#8220;Shop your favorite candies at our online candy shop in Spain. Fast delivery, wide selection, and sweet deals await. Order now!&#8221; Shop online at Godisfabrica for the best candy in Spain. Discover delicious sweets, fast shipping, and premium quality treats today!<\/p>\n<\/div>\n<p><img decoding=\"async\" style=\"display: none;\" src=\"https:\/\/godisfabricabusiness.com\/wp-content\/uploads\/2024\/08\/IMG_5948-scaled.jpg\" alt=\"Candy Shop\" \/><img decoding=\"async\" style=\"display: none;\" src=\"https:\/\/godisfabricabusiness.com\/wp-content\/uploads\/2024\/08\/IMG_5948-scaled.jpg\" alt=\"Candy Shop\" \/><\/p>","protected":false},"excerpt":{"rendered":"<p>2 unidades - 27g<\/p>","protected":false},"featured_media":16914,"comment_status":"open","ping_status":"closed","template":"","meta":[],"product_brand":[],"product_cat":[225,290],"product_tag":[475,609,434,1090,1368,1462,1459,227,580,537,735,508,540,1463,702,1461,1457,1458,610,1290,1467,552,226,291,445,607],"flavor":[416,410,411],"allergens":[426,428,427,425],"class_list":{"0":"post-16922","1":"product","2":"type-product","3":"status-publish","4":"has-post-thumbnail","6":"product_cat-bulk-candy-godis-fabrica","7":"product_cat-vegan-products-godis-fabrica","8":"product_tag-banana","9":"product_tag-bananas","10":"product_tag-bubs","11":"product_tag-bubs-candy","12":"product_tag-bubs-godis","13":"product_tag-bubs-karkki","14":"product_tag-bubs-oval","15":"product_tag-caramel","16":"product_tag-caramelo","17":"product_tag-chuches-veganas","18":"product_tag-foamy","19":"product_tag-fruit","20":"product_tag-fruit-candy","21":"product_tag-godis","22":"product_tag-new","23":"product_tag-ovaali","24":"product_tag-oval","25":"product_tag-ovals","26":"product_tag-platano","27":"product_tag-sabor-platano","28":"product_tag-soft-candy","29":"product_tag-swedish-candy","30":"product_tag-toffee","31":"product_tag-vegan","32":"product_tag-vegan-candy","33":"product_tag-vegano","34":"flavor-caramel-toffee","35":"flavor-foam","36":"flavor-fruity","37":"allergens-gelatin-free","38":"allergens-gluten-free","39":"allergens-lactose-free","40":"allergens-vegan","42":"first","43":"outofstock","44":"taxable","45":"shipping-taxable","46":"purchasable","47":"product-type-simple"},"_links":{"self":[{"href":"https:\/\/godisfabricabusiness.com\/es\/wp-json\/wp\/v2\/product\/16922","targetHints":{"allow":["GET"]}}],"collection":[{"href":"https:\/\/godisfabricabusiness.com\/es\/wp-json\/wp\/v2\/product"}],"about":[{"href":"https:\/\/godisfabricabusiness.com\/es\/wp-json\/wp\/v2\/types\/product"}],"replies":[{"embeddable":true,"href":"https:\/\/godisfabricabusiness.com\/es\/wp-json\/wp\/v2\/comments?post=16922"}],"wp:featuredmedia":[{"embeddable":true,"href":"https:\/\/godisfabricabusiness.com\/es\/wp-json\/wp\/v2\/media\/16914"}],"wp:attachment":[{"href":"https:\/\/godisfabricabusiness.com\/es\/wp-json\/wp\/v2\/media?parent=16922"}],"wp:term":[{"taxonomy":"product_brand","embeddable":true,"href":"https:\/\/godisfabricabusiness.com\/es\/wp-json\/wp\/v2\/product_brand?post=16922"},{"taxonomy":"product_cat","embeddable":true,"href":"https:\/\/godisfabricabusiness.com\/es\/wp-json\/wp\/v2\/product_cat?post=16922"},{"taxonomy":"product_tag","embeddable":true,"href":"https:\/\/godisfabricabusiness.com\/es\/wp-json\/wp\/v2\/product_tag?post=16922"},{"taxonomy":"flavor","embeddable":true,"href":"https:\/\/godisfabricabusiness.com\/es\/wp-json\/wp\/v2\/flavor?post=16922"},{"taxonomy":"allergens","embeddable":true,"href":"https:\/\/godisfabricabusiness.com\/es\/wp-json\/wp\/v2\/allergens?post=16922"}],"curies":[{"name":"wp","href":"https:\/\/api.w.org\/{rel}","templated":true}]}}