{"id":17272,"date":"2025-06-15T10:07:46","date_gmt":"2025-06-15T08:07:46","guid":{"rendered":"https:\/\/godisfabricabusiness.com\/?post_type=product&#038;p=17272"},"modified":"2026-01-10T17:50:55","modified_gmt":"2026-01-10T16:50:55","slug":"pear-lollipop","status":"publish","type":"product","link":"https:\/\/godisfabricabusiness.com\/es\/producto\/pear-lollipop\/","title":{"rendered":"Pirul\u00ed de Pera"},"content":{"rendered":"<p data-start=\"112\" data-end=\"171\">Pirul\u00ed de Pera \u2013 \u00a1Un capricho sabroso y retorcido de Choco Bako!<\/p>\n<p data-start=\"173\" data-end=\"541\">\u00a1Prep\u00e1rate para una dulce sorpresa de pera con este divertido pirul\u00ed artesanal! Est\u00e1 hecho al estilo tradicional sueco, siguiendo una receta de hace m\u00e1s de 100 a\u00f1os. Cada uno se cocina lentamente en un caldero de cobre sobre llama de gas\u2014como se hac\u00eda antes, a la antigua usanza. Despu\u00e9s, cada pirul\u00ed se corta a mano con tijeras y se envuelve con mimo. Sin m\u00e1quinas, sin atajos\u2014\u00a1solo aut\u00e9ntica magia de caramelo!<\/p>\n<p data-start=\"543\" data-end=\"654\">Pirul\u00ed de Pera, ponlo en el carrito, rel\u00e1jate y disfruta de un remolino de sabor afrutado lleno de encanto y buen gusto.<\/p>\n<div style=\"display: none;\">\n<h5 style=\"display: none;\">Frambuesa de Gelatina<\/h5>\n<h5><img decoding=\"async\" style=\"display: none;\" src=\"https:\/\/godisfabricabusiness.com\/wp-content\/uploads\/2024\/08\/IMG_5948-scaled.jpg\" alt=\"Candy Shop\" \/><\/h5>\n<p style=\"display: none;\">Shop delicious candies at our online candy shop in Spain. Explore a variety of sweets at Godisfabrica and enjoy fast delivery across Spain! &#8220;Shop your favorite candies at our online candy shop in Spain. Fast delivery, wide selection, and sweet deals await. Order now!&#8221; Shop online at Godisfabrica for the best candy in Spain. Discover delicious sweets, fast shipping, and premium quality treats today!<\/p>\n<\/div>\n<div style=\"display: none;\">\n<h5 style=\"display: none;\">Raspberry<\/h5>\n<h5><img decoding=\"async\" style=\"display: none;\" src=\"https:\/\/godisfabricabusiness.com\/wp-content\/uploads\/2024\/08\/IMG_5948-scaled.jpg\" alt=\"Candy Shop\" \/><\/h5>\n<p style=\"display: none;\">Shop delicious candies at our online candy shop in Spain. Explore a variety of sweets at Godisfabrica and enjoy fast delivery across Spain! &#8220;Shop your favorite candies at our online candy shop in Spain. Fast delivery, wide selection, and sweet deals await. Order now!&#8221; Shop online at Godisfabrica for the best candy in Spain. Discover delicious sweets, fast shipping, and premium quality treats today!<\/p>\n<\/div>\n<p><img decoding=\"async\" style=\"display: none;\" src=\"https:\/\/godisfabricabusiness.com\/wp-content\/uploads\/2024\/08\/IMG_5948-scaled.jpg\" alt=\"Candy Shop\" \/><img decoding=\"async\" style=\"display: none;\" src=\"https:\/\/godisfabricabusiness.com\/wp-content\/uploads\/2024\/08\/IMG_5948-scaled.jpg\" alt=\"Candy Shop\" \/><\/p>","protected":false},"excerpt":{"rendered":"<p>1 unidad \u2013 50g<\/p>","protected":false},"featured_media":17363,"comment_status":"open","ping_status":"closed","template":"","meta":[],"product_brand":[],"product_cat":[293],"product_tag":[1193,580,1189,1188,478,1383,507,701,1219,555,1191,1192,1190,1187,702,614,680,1485,1482,1195,1196,1484,1206,1483],"flavor":[411,1327,421,422],"allergens":[],"class_list":{"0":"post-17272","1":"product","2":"type-product","3":"status-publish","4":"has-post-thumbnail","6":"product_cat-candy-bags-godis-fabrica","7":"product_tag-art","8":"product_tag-caramelo","9":"product_tag-chupar","10":"product_tag-chupete","11":"product_tag-classic","12":"product_tag-espirulina","13":"product_tag-fruity","14":"product_tag-gelatin-free","15":"product_tag-gelatin-free-candy","16":"product_tag-green","17":"product_tag-handmade","18":"product_tag-hecho-a-mano","19":"product_tag-lick","20":"product_tag-lollipop","21":"product_tag-new","22":"product_tag-pear","23":"product_tag-pera","24":"product_tag-pirulin","25":"product_tag-sabor-a-pera","26":"product_tag-spiral","27":"product_tag-spiral-lollipop","28":"product_tag-tikkari","29":"product_tag-verde","30":"product_tag-vihrea","31":"flavor-fruity","32":"flavor-hard-candy","33":"flavor-lollipop","34":"flavor-wrapped","36":"first","37":"outofstock","38":"taxable","39":"shipping-taxable","40":"purchasable","41":"product-type-simple"},"_links":{"self":[{"href":"https:\/\/godisfabricabusiness.com\/es\/wp-json\/wp\/v2\/product\/17272","targetHints":{"allow":["GET"]}}],"collection":[{"href":"https:\/\/godisfabricabusiness.com\/es\/wp-json\/wp\/v2\/product"}],"about":[{"href":"https:\/\/godisfabricabusiness.com\/es\/wp-json\/wp\/v2\/types\/product"}],"replies":[{"embeddable":true,"href":"https:\/\/godisfabricabusiness.com\/es\/wp-json\/wp\/v2\/comments?post=17272"}],"wp:featuredmedia":[{"embeddable":true,"href":"https:\/\/godisfabricabusiness.com\/es\/wp-json\/wp\/v2\/media\/17363"}],"wp:attachment":[{"href":"https:\/\/godisfabricabusiness.com\/es\/wp-json\/wp\/v2\/media?parent=17272"}],"wp:term":[{"taxonomy":"product_brand","embeddable":true,"href":"https:\/\/godisfabricabusiness.com\/es\/wp-json\/wp\/v2\/product_brand?post=17272"},{"taxonomy":"product_cat","embeddable":true,"href":"https:\/\/godisfabricabusiness.com\/es\/wp-json\/wp\/v2\/product_cat?post=17272"},{"taxonomy":"product_tag","embeddable":true,"href":"https:\/\/godisfabricabusiness.com\/es\/wp-json\/wp\/v2\/product_tag?post=17272"},{"taxonomy":"flavor","embeddable":true,"href":"https:\/\/godisfabricabusiness.com\/es\/wp-json\/wp\/v2\/flavor?post=17272"},{"taxonomy":"allergens","embeddable":true,"href":"https:\/\/godisfabricabusiness.com\/es\/wp-json\/wp\/v2\/allergens?post=17272"}],"curies":[{"name":"wp","href":"https:\/\/api.w.org\/{rel}","templated":true}]}}