{"id":17278,"date":"2025-06-15T10:45:23","date_gmt":"2025-06-15T08:45:23","guid":{"rendered":"https:\/\/godisfabricabusiness.com\/?post_type=product&#038;p=17278"},"modified":"2026-01-10T17:50:55","modified_gmt":"2026-01-10T16:50:55","slug":"blueberry-lemon-lollipop","status":"publish","type":"product","link":"https:\/\/godisfabricabusiness.com\/es\/producto\/blueberry-lemon-lollipop\/","title":{"rendered":"Pirul\u00ed de Ar\u00e1ndano y Lim\u00f3n"},"content":{"rendered":"<p data-start=\"145\" data-end=\"214\">Pirul\u00ed de Ar\u00e1ndano y Lim\u00f3n \u2013 \u00a1Un remolino afrutado y refrescante!<\/p>\n<p data-start=\"216\" data-end=\"427\">Prep\u00e1rate para una explosi\u00f3n de jugoso ar\u00e1ndano y \u00e1cido lim\u00f3n con este pirul\u00ed artesanal, retorcido y vegano. Es la mezcla perfecta de dulce y \u00e1cido, como si el sol y las bayas del bosque se unieran para montar una fiesta de sabores en tu boca. Hecho a la manera tradicional sueca, siguiendo una receta de m\u00e1s de 100 a\u00f1os, cada pirul\u00ed se cocina lentamente en un caldero de cobre sobre una llama de gas real. Luego se corta a mano con tijeras y se envuelve con cuidado\u2014porque la verdadera magia del caramelo no sale de m\u00e1quinas.<\/p>\n<p data-start=\"681\" data-end=\"794\">Desenvuelve un pirul\u00ed de ar\u00e1ndano y lim\u00f3n y date un capricho con un remolino de sabor afrutado y atrevido.<\/p>\n<div style=\"display: none;\">\n<h5 style=\"display: none;\">Frambuesa de Gelatina<\/h5>\n<h5><img decoding=\"async\" style=\"display: none;\" src=\"https:\/\/godisfabricabusiness.com\/wp-content\/uploads\/2024\/08\/IMG_5948-scaled.jpg\" alt=\"Candy Shop\" \/><\/h5>\n<p style=\"display: none;\">Shop delicious candies at our online candy shop in Spain. Explore a variety of sweets at Godisfabrica and enjoy fast delivery across Spain! &#8220;Shop your favorite candies at our online candy shop in Spain. Fast delivery, wide selection, and sweet deals await. Order now!&#8221; Shop online at Godisfabrica for the best candy in Spain. Discover delicious sweets, fast shipping, and premium quality treats today!<\/p>\n<\/div>\n<div style=\"display: none;\">\n<h5 style=\"display: none;\">Raspberry<\/h5>\n<h5><img decoding=\"async\" style=\"display: none;\" src=\"https:\/\/godisfabricabusiness.com\/wp-content\/uploads\/2024\/08\/IMG_5948-scaled.jpg\" alt=\"Candy Shop\" \/><\/h5>\n<p style=\"display: none;\">Shop delicious candies at our online candy shop in Spain. Explore a variety of sweets at Godisfabrica and enjoy fast delivery across Spain! &#8220;Shop your favorite candies at our online candy shop in Spain. Fast delivery, wide selection, and sweet deals await. Order now!&#8221; Shop online at Godisfabrica for the best candy in Spain. Discover delicious sweets, fast shipping, and premium quality treats today!<\/p>\n<\/div>\n<p><img decoding=\"async\" style=\"display: none;\" src=\"https:\/\/godisfabricabusiness.com\/wp-content\/uploads\/2024\/08\/IMG_5948-scaled.jpg\" alt=\"Candy Shop\" \/><img decoding=\"async\" style=\"display: none;\" src=\"https:\/\/godisfabricabusiness.com\/wp-content\/uploads\/2024\/08\/IMG_5948-scaled.jpg\" alt=\"Candy Shop\" \/><\/p>","protected":false},"excerpt":{"rendered":"<p>1 unidad \u2013 50g<\/p>","protected":false},"featured_media":17364,"comment_status":"open","ping_status":"closed","template":"","meta":[],"product_brand":[],"product_cat":[293,290],"product_tag":[862,1193,538,895,580,1189,1188,1038,478,1383,701,1219,1191,924,1192,546,1190,668,1187,702,1195,1196,291],"flavor":[411,1327,421,419,422],"allergens":[426,425],"class_list":{"0":"post-17278","1":"product","2":"type-product","3":"status-publish","4":"has-post-thumbnail","6":"product_cat-candy-bags-godis-fabrica","7":"product_cat-vegan-products-godis-fabrica","8":"product_tag-arando","9":"product_tag-art","10":"product_tag-blueberry","11":"product_tag-blueberry-candy","12":"product_tag-caramelo","13":"product_tag-chupar","14":"product_tag-chupete","15":"product_tag-citrus","16":"product_tag-classic","17":"product_tag-espirulina","18":"product_tag-gelatin-free","19":"product_tag-gelatin-free-candy","20":"product_tag-handmade","21":"product_tag-hard-candy","22":"product_tag-hecho-a-mano","23":"product_tag-lemon","24":"product_tag-lick","25":"product_tag-limon","26":"product_tag-lollipop","27":"product_tag-new","28":"product_tag-spiral","29":"product_tag-spiral-lollipop","30":"product_tag-vegan","31":"flavor-fruity","32":"flavor-hard-candy","33":"flavor-lollipop","34":"flavor-palm-oil-free","35":"flavor-wrapped","36":"allergens-gelatin-free","37":"allergens-vegan","39":"first","40":"outofstock","41":"taxable","42":"shipping-taxable","43":"purchasable","44":"product-type-simple"},"_links":{"self":[{"href":"https:\/\/godisfabricabusiness.com\/es\/wp-json\/wp\/v2\/product\/17278","targetHints":{"allow":["GET"]}}],"collection":[{"href":"https:\/\/godisfabricabusiness.com\/es\/wp-json\/wp\/v2\/product"}],"about":[{"href":"https:\/\/godisfabricabusiness.com\/es\/wp-json\/wp\/v2\/types\/product"}],"replies":[{"embeddable":true,"href":"https:\/\/godisfabricabusiness.com\/es\/wp-json\/wp\/v2\/comments?post=17278"}],"wp:featuredmedia":[{"embeddable":true,"href":"https:\/\/godisfabricabusiness.com\/es\/wp-json\/wp\/v2\/media\/17364"}],"wp:attachment":[{"href":"https:\/\/godisfabricabusiness.com\/es\/wp-json\/wp\/v2\/media?parent=17278"}],"wp:term":[{"taxonomy":"product_brand","embeddable":true,"href":"https:\/\/godisfabricabusiness.com\/es\/wp-json\/wp\/v2\/product_brand?post=17278"},{"taxonomy":"product_cat","embeddable":true,"href":"https:\/\/godisfabricabusiness.com\/es\/wp-json\/wp\/v2\/product_cat?post=17278"},{"taxonomy":"product_tag","embeddable":true,"href":"https:\/\/godisfabricabusiness.com\/es\/wp-json\/wp\/v2\/product_tag?post=17278"},{"taxonomy":"flavor","embeddable":true,"href":"https:\/\/godisfabricabusiness.com\/es\/wp-json\/wp\/v2\/flavor?post=17278"},{"taxonomy":"allergens","embeddable":true,"href":"https:\/\/godisfabricabusiness.com\/es\/wp-json\/wp\/v2\/allergens?post=17278"}],"curies":[{"name":"wp","href":"https:\/\/api.w.org\/{rel}","templated":true}]}}