{"id":17308,"date":"2025-06-20T21:25:45","date_gmt":"2025-06-20T19:25:45","guid":{"rendered":"https:\/\/godisfabricabusiness.com\/?post_type=product&#038;p=17308"},"modified":"2026-01-10T17:50:55","modified_gmt":"2026-01-10T16:50:55","slug":"fizzy-mushrooms","status":"publish","type":"product","link":"https:\/\/godisfabricabusiness.com\/es\/producto\/fizzy-mushrooms\/","title":{"rendered":"Setas Burbujeantes"},"content":{"rendered":"<p>Setas Burbujeantes \u2013 El viaje al bosque m\u00e1s extra\u00f1o que jam\u00e1s har\u00e1s.<\/p>\n<p>Estas setas no son m\u00e1gicas\u2026 pero son efervescentes, espumosas y tremendamente deliciosas. Las Setas Burbujeantes parecen salidos de un cuento de hadas dulce: peque\u00f1as golosinas con forma de seta y sabor a chicle con burbujas. Muerde el centro suave y esponjoso y recibe una mezcla \u00e1cida y dulce que es igual de \u201c\u00a1wow!\u201d que de \u201c\u00bfqu\u00e9 acaba de pasar en mi boca?\u201d. Es como un fizzy \"trip\" de caramelo (pero legal y apto para ni\u00f1os).<\/p>\n<p>Perfectos para amantes de lo efervescente, aventureros de los snacks y cualquiera que haya so\u00f1ado alguna vez con un caramelo con forma de seta y textura de nube esponjosa. Comparte los Setas Burbujeantes (Fizzy) con tus amigos\u2026 o guarda la diversi\u00f3n del bosque solo para ti. No te juzgaremos.<\/p>\n<div style=\"display: none;\">\n<h5 style=\"display: none;\">Anillos de Fruta \u00c1cidas<\/h5>\n<h5><img decoding=\"async\" style=\"display: none;\" src=\"https:\/\/godisfabricabusiness.com\/wp-content\/uploads\/2024\/08\/IMG_5948-scaled.jpg\" alt=\"Candy Shop\" \/><\/h5>\n<p style=\"display: none;\">Shop delicious candies at our online candy shop in Spain. Explore a variety of sweets at Godisfabrica and enjoy fast delivery across Spain! &#8220;Shop your favorite candies at our online candy shop in Spain. Fast delivery, wide selection, and sweet deals await. Order now!&#8221; Shop online at Godisfabrica for the best candy in Spain. Discover delicious sweets, fast shipping, and premium quality treats today!<\/p>\n<\/div>\n<div style=\"display: none;\">\n<h5 style=\"display: none;\">Anillos de Fruta \u00c1cidas<\/h5>\n<h5><img decoding=\"async\" style=\"display: none;\" src=\"https:\/\/godisfabricabusiness.com\/wp-content\/uploads\/2024\/08\/IMG_5948-scaled.jpg\" alt=\"Candy Shop\" \/><\/h5>\n<p style=\"display: none;\">Shop delicious candies at our online candy shop in Spain. Explore a variety of sweets at Godisfabrica and enjoy fast delivery across Spain! &#8220;Shop your favorite candies at our online candy shop in Spain. Fast delivery, wide selection, and sweet deals await. Order now!&#8221; Shop online at Godisfabrica for the best candy in Spain. Discover delicious sweets, fast shipping, and premium quality treats today!<\/p>\n<\/div>\n<div style=\"display: none;\">\n<h5 style=\"display: none;\">Anillos de Fruta \u00c1cidas<\/h5>\n<h5><img decoding=\"async\" style=\"display: none;\" src=\"https:\/\/godisfabricabusiness.com\/wp-content\/uploads\/2024\/08\/IMG_5948-scaled.jpg\" alt=\"Candy Shop\" \/><\/h5>\n<p style=\"display: none;\">Shop delicious candies at our online candy shop in Spain. Explore a variety of sweets at Godisfabrica and enjoy fast delivery across Spain! &#8220;Shop your favorite candies at our online candy shop in Spain. Fast delivery, wide selection, and sweet deals await. Order now!&#8221; Shop online at Godisfabrica for the best candy in Spain. Discover delicious sweets, fast shipping, and premium quality treats today!<\/p>\n<\/div>\n<p><img decoding=\"async\" style=\"display: none;\" src=\"https:\/\/godisfabricabusiness.com\/wp-content\/uploads\/2024\/08\/IMG_5948-scaled.jpg\" alt=\"Candy Shop\" \/><\/p>\n<p>&nbsp;<\/p>","protected":false},"excerpt":{"rendered":"<p>6 unidades \u2013 23g<\/p>","protected":false},"featured_media":17596,"comment_status":"open","ping_status":"closed","template":"","meta":[],"product_brand":[],"product_cat":[225],"product_tag":[731,1073,901,508,540,1075,507,813,1068,1069,587,702,848,435,585,926,1072,1074,552],"flavor":[424,410],"allergens":[],"class_list":{"0":"post-17308","1":"product","2":"type-product","3":"status-publish","4":"has-post-thumbnail","6":"product_cat-bulk-candy-godis-fabrica","7":"product_tag-acido","8":"product_tag-anillo","9":"product_tag-brynild","10":"product_tag-fruit","11":"product_tag-fruit-candy","12":"product_tag-fruit-rings","13":"product_tag-fruity","14":"product_tag-fruity-candy","15":"product_tag-frukttunga","16":"product_tag-kieli","17":"product_tag-kirpea","18":"product_tag-new","19":"product_tag-rings","20":"product_tag-sour","21":"product_tag-sour-candy","22":"product_tag-sour-fruit-candy","23":"product_tag-sour-fruit-rings","24":"product_tag-sura","25":"product_tag-swedish-candy","26":"flavor-bubblegum","27":"flavor-foam","29":"first","30":"outofstock","31":"taxable","32":"shipping-taxable","33":"purchasable","34":"product-type-simple"},"_links":{"self":[{"href":"https:\/\/godisfabricabusiness.com\/es\/wp-json\/wp\/v2\/product\/17308","targetHints":{"allow":["GET"]}}],"collection":[{"href":"https:\/\/godisfabricabusiness.com\/es\/wp-json\/wp\/v2\/product"}],"about":[{"href":"https:\/\/godisfabricabusiness.com\/es\/wp-json\/wp\/v2\/types\/product"}],"replies":[{"embeddable":true,"href":"https:\/\/godisfabricabusiness.com\/es\/wp-json\/wp\/v2\/comments?post=17308"}],"wp:featuredmedia":[{"embeddable":true,"href":"https:\/\/godisfabricabusiness.com\/es\/wp-json\/wp\/v2\/media\/17596"}],"wp:attachment":[{"href":"https:\/\/godisfabricabusiness.com\/es\/wp-json\/wp\/v2\/media?parent=17308"}],"wp:term":[{"taxonomy":"product_brand","embeddable":true,"href":"https:\/\/godisfabricabusiness.com\/es\/wp-json\/wp\/v2\/product_brand?post=17308"},{"taxonomy":"product_cat","embeddable":true,"href":"https:\/\/godisfabricabusiness.com\/es\/wp-json\/wp\/v2\/product_cat?post=17308"},{"taxonomy":"product_tag","embeddable":true,"href":"https:\/\/godisfabricabusiness.com\/es\/wp-json\/wp\/v2\/product_tag?post=17308"},{"taxonomy":"flavor","embeddable":true,"href":"https:\/\/godisfabricabusiness.com\/es\/wp-json\/wp\/v2\/flavor?post=17308"},{"taxonomy":"allergens","embeddable":true,"href":"https:\/\/godisfabricabusiness.com\/es\/wp-json\/wp\/v2\/allergens?post=17308"}],"curies":[{"name":"wp","href":"https:\/\/api.w.org\/{rel}","templated":true}]}}