{"id":17312,"date":"2025-06-20T21:55:15","date_gmt":"2025-06-20T19:55:15","guid":{"rendered":"https:\/\/godisfabricabusiness.com\/?post_type=product&#038;p=17312"},"modified":"2026-01-10T17:50:55","modified_gmt":"2026-01-10T16:50:55","slug":"fizzy-rocks","status":"publish","type":"product","link":"https:\/\/godisfabricabusiness.com\/es\/producto\/fizzy-rocks\/","title":{"rendered":"Piedras Fizzy"},"content":{"rendered":"<p data-start=\"75\" data-end=\"140\">Piedras Fizzy (Fizzyboll) \u2013 Como un fuegos artificiales de chicle en tu boca.<\/p>\n<p data-start=\"142\" data-end=\"347\">Peque\u00f1as. Efervescentes. Ruidosas. Hablamos de las Piedras Fizzy, el legendario caramelo duro sueco que ofrece una explosi\u00f3n chispeante de sabor a chicle en cada mordisco. Estas peque\u00f1as piedras coloridas pueden parecer inocentes, pero no te dejes enga\u00f1ar. Ese recubrimiento efervescente emboscar\u00e1 tus papilas con un estallido \u00e1cido, para luego suavizarse en un dulce y nost\u00e1lgico sabor a chicle que grita \u201ccaos infantil\u201d de la mejor manera posible.<\/p>\n<p data-start=\"590\" data-end=\"785\" data-is-last-node=\"\" data-is-only-node=\"\">Perfectas para la locura del \u201cpick-n-mix\u201d, para tus reservas de chuches retro, fiestas tem\u00e1ticas o para revivir a escondidas tus recuerdos m\u00e1s salvajes con caramelos. Pueden provocar gestos irresistibles y alegr\u00eda instant\u00e1nea.<\/p>\n<div style=\"display: none;\">\n<h5 style=\"display: none;\">Anillos de Fruta \u00c1cidas<\/h5>\n<h5><img decoding=\"async\" style=\"display: none;\" src=\"https:\/\/godisfabricabusiness.com\/wp-content\/uploads\/2024\/08\/IMG_5948-scaled.jpg\" alt=\"Candy Shop\" \/><\/h5>\n<p style=\"display: none;\">Shop delicious candies at our online candy shop in Spain. Explore a variety of sweets at Godisfabrica and enjoy fast delivery across Spain! &#8220;Shop your favorite candies at our online candy shop in Spain. Fast delivery, wide selection, and sweet deals await. Order now!&#8221; Shop online at Godisfabrica for the best candy in Spain. Discover delicious sweets, fast shipping, and premium quality treats today!<\/p>\n<\/div>\n<div style=\"display: none;\">\n<h5 style=\"display: none;\">Anillos de Fruta \u00c1cidas<\/h5>\n<h5><img decoding=\"async\" style=\"display: none;\" src=\"https:\/\/godisfabricabusiness.com\/wp-content\/uploads\/2024\/08\/IMG_5948-scaled.jpg\" alt=\"Candy Shop\" \/><\/h5>\n<p style=\"display: none;\">Shop delicious candies at our online candy shop in Spain. Explore a variety of sweets at Godisfabrica and enjoy fast delivery across Spain! &#8220;Shop your favorite candies at our online candy shop in Spain. Fast delivery, wide selection, and sweet deals await. Order now!&#8221; Shop online at Godisfabrica for the best candy in Spain. Discover delicious sweets, fast shipping, and premium quality treats today!<\/p>\n<\/div>\n<div style=\"display: none;\">\n<h5 style=\"display: none;\">Anillos de Fruta \u00c1cidas<\/h5>\n<h5><img decoding=\"async\" style=\"display: none;\" src=\"https:\/\/godisfabricabusiness.com\/wp-content\/uploads\/2024\/08\/IMG_5948-scaled.jpg\" alt=\"Candy Shop\" \/><\/h5>\n<p style=\"display: none;\">Shop delicious candies at our online candy shop in Spain. Explore a variety of sweets at Godisfabrica and enjoy fast delivery across Spain! &#8220;Shop your favorite candies at our online candy shop in Spain. Fast delivery, wide selection, and sweet deals await. Order now!&#8221; Shop online at Godisfabrica for the best candy in Spain. Discover delicious sweets, fast shipping, and premium quality treats today!<\/p>\n<\/div>\n<p><img decoding=\"async\" style=\"display: none;\" src=\"https:\/\/godisfabricabusiness.com\/wp-content\/uploads\/2024\/08\/IMG_5948-scaled.jpg\" alt=\"Candy Shop\" \/><\/p>\n<p>&nbsp;<\/p>","protected":false},"excerpt":{"rendered":"<p>4 units \u2013 27g<\/p>","protected":false},"featured_media":17629,"comment_status":"open","ping_status":"closed","template":"","meta":[],"product_brand":[],"product_cat":[225],"product_tag":[731,1076,544,706,1189,950,437,1501,1502,592,1259,924,1500,552],"flavor":[424,1327,415],"allergens":[],"class_list":{"0":"post-17312","1":"product","2":"type-product","3":"status-publish","4":"has-post-thumbnail","6":"product_cat-bulk-candy-godis-fabrica","7":"product_tag-acido","8":"product_tag-bubble","9":"product_tag-bubblegum","10":"product_tag-chicle","11":"product_tag-chupar","12":"product_tag-duro","13":"product_tag-fizzy","14":"product_tag-fizzy-rocks","15":"product_tag-fizzyboll","16":"product_tag-grahns-konfektyr","17":"product_tag-hard","18":"product_tag-hard-candy","19":"product_tag-sabor-a-chicle","20":"product_tag-swedish-candy","21":"flavor-bubblegum","22":"flavor-hard-candy","23":"flavor-sour","25":"first","26":"outofstock","27":"taxable","28":"shipping-taxable","29":"purchasable","30":"product-type-simple"},"_links":{"self":[{"href":"https:\/\/godisfabricabusiness.com\/es\/wp-json\/wp\/v2\/product\/17312","targetHints":{"allow":["GET"]}}],"collection":[{"href":"https:\/\/godisfabricabusiness.com\/es\/wp-json\/wp\/v2\/product"}],"about":[{"href":"https:\/\/godisfabricabusiness.com\/es\/wp-json\/wp\/v2\/types\/product"}],"replies":[{"embeddable":true,"href":"https:\/\/godisfabricabusiness.com\/es\/wp-json\/wp\/v2\/comments?post=17312"}],"wp:featuredmedia":[{"embeddable":true,"href":"https:\/\/godisfabricabusiness.com\/es\/wp-json\/wp\/v2\/media\/17629"}],"wp:attachment":[{"href":"https:\/\/godisfabricabusiness.com\/es\/wp-json\/wp\/v2\/media?parent=17312"}],"wp:term":[{"taxonomy":"product_brand","embeddable":true,"href":"https:\/\/godisfabricabusiness.com\/es\/wp-json\/wp\/v2\/product_brand?post=17312"},{"taxonomy":"product_cat","embeddable":true,"href":"https:\/\/godisfabricabusiness.com\/es\/wp-json\/wp\/v2\/product_cat?post=17312"},{"taxonomy":"product_tag","embeddable":true,"href":"https:\/\/godisfabricabusiness.com\/es\/wp-json\/wp\/v2\/product_tag?post=17312"},{"taxonomy":"flavor","embeddable":true,"href":"https:\/\/godisfabricabusiness.com\/es\/wp-json\/wp\/v2\/flavor?post=17312"},{"taxonomy":"allergens","embeddable":true,"href":"https:\/\/godisfabricabusiness.com\/es\/wp-json\/wp\/v2\/allergens?post=17312"}],"curies":[{"name":"wp","href":"https:\/\/api.w.org\/{rel}","templated":true}]}}