{"id":17314,"date":"2025-06-20T22:52:53","date_gmt":"2025-06-20T20:52:53","guid":{"rendered":"https:\/\/godisfabricabusiness.com\/?post_type=product&#038;p=17314"},"modified":"2026-01-10T17:50:55","modified_gmt":"2026-01-10T16:50:55","slug":"watermelon-rocks","status":"publish","type":"product","link":"https:\/\/godisfabricabusiness.com\/es\/producto\/watermelon-rocks\/","title":{"rendered":"Piedras de Sand\u00eda"},"content":{"rendered":"<p data-start=\"123\" data-end=\"191\">Piedras de Sand\u00eda \u2013 \u00a1Como una patada voladora de sand\u00eda!<\/p>\n<p data-start=\"193\" data-end=\"431\">No te dejes enga\u00f1ar por el nombre tan dulce: Piedras de Sand\u00eda est\u00e1n aqu\u00ed para darte una peque\u00f1a paliza \u00e1cida. Estos caramelos duros pueden parecer tiernos e inocentes, pero al primer crujido \u00a1BAM! tu boca se embarca en una loca aventura de sand\u00eda \u00e1cida. Son explosivos, con un sabor jugoso a sand\u00eda que viene cargado de un toque \u00e1cido que no juega. Es como si el verano hubiera montado una fiesta en tu boca y se olvidara de bajar el volumen.<\/p>\n<p data-start=\"647\" data-end=\"828\" data-is-last-node=\"\" data-is-only-node=\"\">Las Piedras de Sand\u00eda son perfectas para los fans de los caramelos \u00e1cidos, los amantes de la sand\u00eda y cualquiera que disfrute de picar con un toque de drama. Pueden provocar caras de sorpresa, cosquilleo en la lengua y una adicci\u00f3n instant\u00e1nea.<\/p>\n<div style=\"display: none;\">\n<h5 style=\"display: none;\">Anillos de Fruta \u00c1cidas<\/h5>\n<h5><img decoding=\"async\" style=\"display: none;\" src=\"https:\/\/godisfabricabusiness.com\/wp-content\/uploads\/2024\/08\/IMG_5948-scaled.jpg\" alt=\"Candy Shop\" \/><\/h5>\n<p style=\"display: none;\">Shop delicious candies at our online candy shop in Spain. Explore a variety of sweets at Godisfabrica and enjoy fast delivery across Spain! &#8220;Shop your favorite candies at our online candy shop in Spain. Fast delivery, wide selection, and sweet deals await. Order now!&#8221; Shop online at Godisfabrica for the best candy in Spain. Discover delicious sweets, fast shipping, and premium quality treats today!<\/p>\n<\/div>\n<div style=\"display: none;\">\n<h5 style=\"display: none;\">Anillos de Fruta \u00c1cidas<\/h5>\n<h5><img decoding=\"async\" style=\"display: none;\" src=\"https:\/\/godisfabricabusiness.com\/wp-content\/uploads\/2024\/08\/IMG_5948-scaled.jpg\" alt=\"Candy Shop\" \/><\/h5>\n<p style=\"display: none;\">Shop delicious candies at our online candy shop in Spain. Explore a variety of sweets at Godisfabrica and enjoy fast delivery across Spain! &#8220;Shop your favorite candies at our online candy shop in Spain. Fast delivery, wide selection, and sweet deals await. Order now!&#8221; Shop online at Godisfabrica for the best candy in Spain. Discover delicious sweets, fast shipping, and premium quality treats today!<\/p>\n<\/div>\n<div style=\"display: none;\">\n<h5 style=\"display: none;\">Anillos de Fruta \u00c1cidas<\/h5>\n<h5><img decoding=\"async\" style=\"display: none;\" src=\"https:\/\/godisfabricabusiness.com\/wp-content\/uploads\/2024\/08\/IMG_5948-scaled.jpg\" alt=\"Candy Shop\" \/><\/h5>\n<p style=\"display: none;\">Shop delicious candies at our online candy shop in Spain. Explore a variety of sweets at Godisfabrica and enjoy fast delivery across Spain! &#8220;Shop your favorite candies at our online candy shop in Spain. Fast delivery, wide selection, and sweet deals await. Order now!&#8221; Shop online at Godisfabrica for the best candy in Spain. Discover delicious sweets, fast shipping, and premium quality treats today!<\/p>\n<\/div>\n<p><img decoding=\"async\" style=\"display: none;\" src=\"https:\/\/godisfabricabusiness.com\/wp-content\/uploads\/2024\/08\/IMG_5948-scaled.jpg\" alt=\"Candy Shop\" \/><\/p>","protected":false},"excerpt":{"rendered":"<p>4 units \u2013 27g<\/p>","protected":false},"featured_media":17627,"comment_status":"open","ping_status":"closed","template":"","meta":[],"product_brand":[],"product_cat":[225],"product_tag":[731,1076,544,706,1189,950,437,1501,1502,592,1259,924,1500,552],"flavor":[411,1327,415],"allergens":[],"class_list":{"0":"post-17314","1":"product","2":"type-product","3":"status-publish","4":"has-post-thumbnail","6":"product_cat-bulk-candy-godis-fabrica","7":"product_tag-acido","8":"product_tag-bubble","9":"product_tag-bubblegum","10":"product_tag-chicle","11":"product_tag-chupar","12":"product_tag-duro","13":"product_tag-fizzy","14":"product_tag-fizzy-rocks","15":"product_tag-fizzyboll","16":"product_tag-grahns-konfektyr","17":"product_tag-hard","18":"product_tag-hard-candy","19":"product_tag-sabor-a-chicle","20":"product_tag-swedish-candy","21":"flavor-fruity","22":"flavor-hard-candy","23":"flavor-sour","25":"first","26":"outofstock","27":"taxable","28":"shipping-taxable","29":"purchasable","30":"product-type-simple"},"_links":{"self":[{"href":"https:\/\/godisfabricabusiness.com\/es\/wp-json\/wp\/v2\/product\/17314","targetHints":{"allow":["GET"]}}],"collection":[{"href":"https:\/\/godisfabricabusiness.com\/es\/wp-json\/wp\/v2\/product"}],"about":[{"href":"https:\/\/godisfabricabusiness.com\/es\/wp-json\/wp\/v2\/types\/product"}],"replies":[{"embeddable":true,"href":"https:\/\/godisfabricabusiness.com\/es\/wp-json\/wp\/v2\/comments?post=17314"}],"wp:featuredmedia":[{"embeddable":true,"href":"https:\/\/godisfabricabusiness.com\/es\/wp-json\/wp\/v2\/media\/17627"}],"wp:attachment":[{"href":"https:\/\/godisfabricabusiness.com\/es\/wp-json\/wp\/v2\/media?parent=17314"}],"wp:term":[{"taxonomy":"product_brand","embeddable":true,"href":"https:\/\/godisfabricabusiness.com\/es\/wp-json\/wp\/v2\/product_brand?post=17314"},{"taxonomy":"product_cat","embeddable":true,"href":"https:\/\/godisfabricabusiness.com\/es\/wp-json\/wp\/v2\/product_cat?post=17314"},{"taxonomy":"product_tag","embeddable":true,"href":"https:\/\/godisfabricabusiness.com\/es\/wp-json\/wp\/v2\/product_tag?post=17314"},{"taxonomy":"flavor","embeddable":true,"href":"https:\/\/godisfabricabusiness.com\/es\/wp-json\/wp\/v2\/flavor?post=17314"},{"taxonomy":"allergens","embeddable":true,"href":"https:\/\/godisfabricabusiness.com\/es\/wp-json\/wp\/v2\/allergens?post=17314"}],"curies":[{"name":"wp","href":"https:\/\/api.w.org\/{rel}","templated":true}]}}