{"id":17316,"date":"2025-06-20T23:07:48","date_gmt":"2025-06-20T21:07:48","guid":{"rendered":"https:\/\/godisfabricabusiness.com\/?post_type=product&#038;p=17316"},"modified":"2026-01-10T17:50:55","modified_gmt":"2026-01-10T16:50:55","slug":"raspberry-twins","status":"publish","type":"product","link":"https:\/\/godisfabricabusiness.com\/es\/producto\/raspberry-twins\/","title":{"rendered":"Gemelos de Frambuesa"},"content":{"rendered":"<p data-start=\"93\" data-end=\"152\">Gemelos de Frambuesa \u2013 Doble problema al estilo frambuesa \u00e1cida.<\/p>\n<p data-start=\"154\" data-end=\"373\">Conoce al d\u00fao din\u00e1mico que tus papilas gustativas no sab\u00edan que necesitaban: \u00a1los Gemelos de Frambuesa \u00c1cida! Estos caramelos suecos masticables vienen cubiertos con una capa \u00e1cida y refrescante que golpea tu lengua y luego la abraza con una dulce intensidad a frambuesa. Son gemelos en sabor, aspecto y actitud, ofreci\u00e9ndote un golpe doble de chispa y a\u00fan m\u00e1s chispa. Perfectos para amantes de los caramelos \u00e1cidos, fan\u00e1ticos de la frambuesa o cualquiera que disfrute de snacks con personalidad.<\/p>\n<p data-start=\"562\" data-end=\"728\" data-is-last-node=\"\" data-is-only-node=\"\">Mete unos cuantos en tu carrito y prep\u00e1rate para una fiesta donde la frambuesa manda y lo \u00e1cido se lleva el protagonismo. Lo m\u00e1s probable es que provoquen risas, caras de sorpresa y un deseo inmediato de m\u00e1s diversi\u00f3n. No olvides a los primos de esta familia: los Gemelos Salados, para los amantes del regaliz.<\/p>\n<div style=\"display: none;\">\n<h5 style=\"display: none;\">Anillos de Fruta \u00c1cidas<\/h5>\n<h5><img decoding=\"async\" style=\"display: none;\" src=\"https:\/\/godisfabricabusiness.com\/wp-content\/uploads\/2024\/08\/IMG_5948-scaled.jpg\" alt=\"Candy Shop\" \/><\/h5>\n<p style=\"display: none;\">Shop delicious candies at our online candy shop in Spain. Explore a variety of sweets at Godisfabrica and enjoy fast delivery across Spain! &#8220;Shop your favorite candies at our online candy shop in Spain. Fast delivery, wide selection, and sweet deals await. Order now!&#8221; Shop online at Godisfabrica for the best candy in Spain. Discover delicious sweets, fast shipping, and premium quality treats today!<\/p>\n<\/div>\n<div style=\"display: none;\">\n<h5 style=\"display: none;\">Anillos de Fruta \u00c1cidas<\/h5>\n<h5><img decoding=\"async\" style=\"display: none;\" src=\"https:\/\/godisfabricabusiness.com\/wp-content\/uploads\/2024\/08\/IMG_5948-scaled.jpg\" alt=\"Candy Shop\" \/><\/h5>\n<p style=\"display: none;\">Shop delicious candies at our online candy shop in Spain. Explore a variety of sweets at Godisfabrica and enjoy fast delivery across Spain! &#8220;Shop your favorite candies at our online candy shop in Spain. Fast delivery, wide selection, and sweet deals await. Order now!&#8221; Shop online at Godisfabrica for the best candy in Spain. Discover delicious sweets, fast shipping, and premium quality treats today!<\/p>\n<\/div>\n<div style=\"display: none;\">\n<h5 style=\"display: none;\">Anillos de Fruta \u00c1cidas<\/h5>\n<h5><img decoding=\"async\" style=\"display: none;\" src=\"https:\/\/godisfabricabusiness.com\/wp-content\/uploads\/2024\/08\/IMG_5948-scaled.jpg\" alt=\"Candy Shop\" \/><\/h5>\n<p style=\"display: none;\">Shop delicious candies at our online candy shop in Spain. Explore a variety of sweets at Godisfabrica and enjoy fast delivery across Spain! &#8220;Shop your favorite candies at our online candy shop in Spain. Fast delivery, wide selection, and sweet deals await. Order now!&#8221; Shop online at Godisfabrica for the best candy in Spain. Discover delicious sweets, fast shipping, and premium quality treats today!<\/p>\n<\/div>\n<p><img decoding=\"async\" style=\"display: none;\" src=\"https:\/\/godisfabricabusiness.com\/wp-content\/uploads\/2024\/08\/IMG_5948-scaled.jpg\" alt=\"Candy Shop\" \/><\/p>","protected":false},"excerpt":{"rendered":"<p>3 unidades - 27g<\/p>","protected":false},"featured_media":17606,"comment_status":"open","ping_status":"closed","template":"","meta":[],"product_brand":[],"product_cat":[225,290],"product_tag":[1128,731,1110,537,592,729,587,925,446,842,435,585,1503,1074,552,619,568,291,445,1504,607],"flavor":[411,415],"allergens":[426,425],"class_list":{"0":"post-17316","1":"product","2":"type-product","3":"status-publish","4":"has-post-thumbnail","6":"product_cat-bulk-candy-godis-fabrica","7":"product_cat-vegan-products-godis-fabrica","8":"product_tag-acida","9":"product_tag-acido","10":"product_tag-chuches-acidas","11":"product_tag-chuches-veganas","12":"product_tag-grahns-konfektyr","13":"product_tag-hallon","14":"product_tag-kirpea","15":"product_tag-muy-acido","16":"product_tag-raspberry","17":"product_tag-raspberry-taste","18":"product_tag-sour","19":"product_tag-sour-candy","20":"product_tag-sour-twins","21":"product_tag-sura","22":"product_tag-swedish-candy","23":"product_tag-twins","24":"product_tag-vadelma","25":"product_tag-vegan","26":"product_tag-vegan-candy","27":"product_tag-vegana","28":"product_tag-vegano","29":"flavor-fruity","30":"flavor-sour","31":"allergens-gelatin-free","32":"allergens-vegan","34":"first","35":"outofstock","36":"taxable","37":"shipping-taxable","38":"purchasable","39":"product-type-simple"},"_links":{"self":[{"href":"https:\/\/godisfabricabusiness.com\/es\/wp-json\/wp\/v2\/product\/17316","targetHints":{"allow":["GET"]}}],"collection":[{"href":"https:\/\/godisfabricabusiness.com\/es\/wp-json\/wp\/v2\/product"}],"about":[{"href":"https:\/\/godisfabricabusiness.com\/es\/wp-json\/wp\/v2\/types\/product"}],"replies":[{"embeddable":true,"href":"https:\/\/godisfabricabusiness.com\/es\/wp-json\/wp\/v2\/comments?post=17316"}],"wp:featuredmedia":[{"embeddable":true,"href":"https:\/\/godisfabricabusiness.com\/es\/wp-json\/wp\/v2\/media\/17606"}],"wp:attachment":[{"href":"https:\/\/godisfabricabusiness.com\/es\/wp-json\/wp\/v2\/media?parent=17316"}],"wp:term":[{"taxonomy":"product_brand","embeddable":true,"href":"https:\/\/godisfabricabusiness.com\/es\/wp-json\/wp\/v2\/product_brand?post=17316"},{"taxonomy":"product_cat","embeddable":true,"href":"https:\/\/godisfabricabusiness.com\/es\/wp-json\/wp\/v2\/product_cat?post=17316"},{"taxonomy":"product_tag","embeddable":true,"href":"https:\/\/godisfabricabusiness.com\/es\/wp-json\/wp\/v2\/product_tag?post=17316"},{"taxonomy":"flavor","embeddable":true,"href":"https:\/\/godisfabricabusiness.com\/es\/wp-json\/wp\/v2\/flavor?post=17316"},{"taxonomy":"allergens","embeddable":true,"href":"https:\/\/godisfabricabusiness.com\/es\/wp-json\/wp\/v2\/allergens?post=17316"}],"curies":[{"name":"wp","href":"https:\/\/api.w.org\/{rel}","templated":true}]}}