{"id":17394,"date":"2025-06-27T20:15:13","date_gmt":"2025-06-27T18:15:13","guid":{"rendered":"https:\/\/godisfabricabusiness.com\/?post_type=product&#038;p=17394"},"modified":"2026-01-10T17:50:55","modified_gmt":"2026-01-10T16:50:55","slug":"super-tag-softie","status":"publish","type":"product","link":"https:\/\/godisfabricabusiness.com\/es\/producto\/super-tag-softie\/","title":{"rendered":"Chapa Super Espuma \u00c1cida"},"content":{"rendered":"<p data-start=\"110\" data-end=\"176\">Chapa Super Espuma \u00c1cida \u2013 Peligrosamente deliciosa, irresistiblemente masticable.<\/p>\n<p data-start=\"178\" data-end=\"416\">No todos los h\u00e9roes llevan capa\u2014algunos vienen blanditos, esponjosos y cubiertos de magia \u00e1cida. Chapa Super Espuma es lo que pasa cuando los cient\u00edficos de las chuches cogen el legendario S-M\u00e4rke, le suben el nivel de masticabilidad y le a\u00f1aden una explosi\u00f3n de alegr\u00eda afrutada con un toque \u00e1cido.<\/p>\n<p data-start=\"418\" data-end=\"597\">No son solo blanditos\u2026 son rid\u00edculamente blanditos. Como morder una nube afrutada a la que le ha ca\u00eddo un rayo \u00e1cido. Cada pieza te reta a no repetir. Perfectos para fans de las golosinas de espuma, amantes de los snacks suaves y cualquiera que crea que los dulces deber\u00edan venir con una advertencia: demasiado buenos para compartir.<\/p>\n<div style=\"display: none;\">\n<h5 style=\"display: none;\">Frambuesa de Gelatina<\/h5>\n<h5><img decoding=\"async\" style=\"display: none;\" src=\"https:\/\/godisfabricabusiness.com\/wp-content\/uploads\/2024\/08\/IMG_5948-scaled.jpg\" alt=\"Candy Shop\" \/><\/h5>\n<p style=\"display: none;\">Shop delicious candies at our online candy shop in Spain. Explore a variety of sweets at Godisfabrica and enjoy fast delivery across Spain! &#8220;Shop your favorite candies at our online candy shop in Spain. Fast delivery, wide selection, and sweet deals await. Order now!&#8221; Shop online at Godisfabrica for the best candy in Spain. Discover delicious sweets, fast shipping, and premium quality treats today!<\/p>\n<\/div>\n<div style=\"display: none;\">\n<h5 style=\"display: none;\">Raspberry<\/h5>\n<h5><img decoding=\"async\" style=\"display: none;\" src=\"https:\/\/godisfabricabusiness.com\/wp-content\/uploads\/2024\/08\/IMG_5948-scaled.jpg\" alt=\"Candy Shop\" \/><\/h5>\n<p style=\"display: none;\">Shop delicious candies at our online candy shop in Spain. Explore a variety of sweets at Godisfabrica and enjoy fast delivery across Spain! &#8220;Shop your favorite candies at our online candy shop in Spain. Fast delivery, wide selection, and sweet deals await. Order now!&#8221; Shop online at Godisfabrica for the best candy in Spain. Discover delicious sweets, fast shipping, and premium quality treats today!<\/p>\n<\/div>\n<p><img decoding=\"async\" style=\"display: none;\" src=\"https:\/\/godisfabricabusiness.com\/wp-content\/uploads\/2024\/08\/IMG_5948-scaled.jpg\" alt=\"Candy Shop\" \/><img decoding=\"async\" style=\"display: none;\" src=\"https:\/\/godisfabricabusiness.com\/wp-content\/uploads\/2024\/08\/IMG_5948-scaled.jpg\" alt=\"Candy Shop\" \/><\/p>","protected":false},"excerpt":{"rendered":"<p>4 unidades \u2013 23g<\/p>","protected":false},"featured_media":17366,"comment_status":"open","ping_status":"closed","template":"","meta":[],"product_brand":[],"product_cat":[293],"product_tag":[1128,731,862,1275,1278,1277,601,1110,508,540,1205,507,1276,1213,702,956,435,585,1279],"flavor":[410,411,415],"allergens":[],"class_list":{"0":"post-17394","1":"product","2":"type-product","3":"status-publish","4":"has-post-thumbnail","6":"product_cat-candy-bags-godis-fabrica","7":"product_tag-acida","8":"product_tag-acido","9":"product_tag-arando","10":"product_tag-baya","11":"product_tag-bolsa","12":"product_tag-candy-bag","13":"product_tag-candy-people","14":"product_tag-chuches-acidas","15":"product_tag-fruit","16":"product_tag-fruit-candy","17":"product_tag-fruits","18":"product_tag-fruity","19":"product_tag-frutal","20":"product_tag-frutos","21":"product_tag-new","22":"product_tag-s-marke","23":"product_tag-sour","24":"product_tag-sour-candy","25":"product_tag-super-tag","26":"flavor-foam","27":"flavor-fruity","28":"flavor-sour","30":"first","31":"outofstock","32":"taxable","33":"shipping-taxable","34":"purchasable","35":"product-type-simple"},"_links":{"self":[{"href":"https:\/\/godisfabricabusiness.com\/es\/wp-json\/wp\/v2\/product\/17394","targetHints":{"allow":["GET"]}}],"collection":[{"href":"https:\/\/godisfabricabusiness.com\/es\/wp-json\/wp\/v2\/product"}],"about":[{"href":"https:\/\/godisfabricabusiness.com\/es\/wp-json\/wp\/v2\/types\/product"}],"replies":[{"embeddable":true,"href":"https:\/\/godisfabricabusiness.com\/es\/wp-json\/wp\/v2\/comments?post=17394"}],"wp:featuredmedia":[{"embeddable":true,"href":"https:\/\/godisfabricabusiness.com\/es\/wp-json\/wp\/v2\/media\/17366"}],"wp:attachment":[{"href":"https:\/\/godisfabricabusiness.com\/es\/wp-json\/wp\/v2\/media?parent=17394"}],"wp:term":[{"taxonomy":"product_brand","embeddable":true,"href":"https:\/\/godisfabricabusiness.com\/es\/wp-json\/wp\/v2\/product_brand?post=17394"},{"taxonomy":"product_cat","embeddable":true,"href":"https:\/\/godisfabricabusiness.com\/es\/wp-json\/wp\/v2\/product_cat?post=17394"},{"taxonomy":"product_tag","embeddable":true,"href":"https:\/\/godisfabricabusiness.com\/es\/wp-json\/wp\/v2\/product_tag?post=17394"},{"taxonomy":"flavor","embeddable":true,"href":"https:\/\/godisfabricabusiness.com\/es\/wp-json\/wp\/v2\/flavor?post=17394"},{"taxonomy":"allergens","embeddable":true,"href":"https:\/\/godisfabricabusiness.com\/es\/wp-json\/wp\/v2\/allergens?post=17394"}],"curies":[{"name":"wp","href":"https:\/\/api.w.org\/{rel}","templated":true}]}}