{"id":17581,"date":"2025-07-11T19:43:57","date_gmt":"2025-07-11T17:43:57","guid":{"rendered":"https:\/\/godisfabricabusiness.com\/?post_type=product&#038;p=17581"},"modified":"2026-01-10T17:50:54","modified_gmt":"2026-01-10T16:50:54","slug":"tropical-bottle","status":"publish","type":"product","link":"https:\/\/godisfabricabusiness.com\/es\/producto\/tropical-bottle\/","title":{"rendered":"Botella Tropical"},"content":{"rendered":"<p>Botella Tropical (Bubbliz) \u2013 \u00a1Botellitas con mucha personalidad!<\/p>\n<p>\u00bfAlguna vez has deseado que tu botella de refresco tuviera un alma frutal salvaje y una personalidad masticable? Las Botellas Tropicales parecen botellas de refresco, pero montan una fiesta como petardos de sabor a fruta. Un mordisco y tus papilas gustativas se pondr\u00e1n a bailar como si nadie te estuviera mirando (aunque todos lo est\u00e1n porque pones esa cara de \u201c\u00a1oooh!\u201d). Cada Botella Tropical viene cargada con un golpe \u00e1cido que dice: \u201cNo soy el t\u00edpico dulce de la abuela,\u201d y una dulzura masticable que dura justo lo suficiente para que te replantees todas las dem\u00e1s chuches.<\/p>\n<p>Perfectas para d\u00edas de playa, viajes por carretera o cualquier plan veraniego. \u00bfSol, arena y gomitas frutales? S\u00ed, por favor. Una vez que abras una bolsa, te convertir\u00e1s en la persona m\u00e1s popular en un radio de tres metros.<\/p>\n<div style=\"display: none;\">\n<h5 style=\"display: none;\">Frambuesa de Gelatina<\/h5>\n<h5><img decoding=\"async\" style=\"display: none;\" src=\"https:\/\/godisfabricabusiness.com\/wp-content\/uploads\/2024\/08\/IMG_5948-scaled.jpg\" alt=\"Candy Shop\" \/><\/h5>\n<p style=\"display: none;\">Shop delicious candies at our online candy shop in Spain. Explore a variety of sweets at Godisfabrica and enjoy fast delivery across Spain! &#8220;Shop your favorite candies at our online candy shop in Spain. Fast delivery, wide selection, and sweet deals await. Order now!&#8221; Shop online at Godisfabrica for the best candy in Spain. Discover delicious sweets, fast shipping, and premium quality treats today!<\/p>\n<\/div>\n<div style=\"display: none;\">\n<h5 style=\"display: none;\">Raspberry<\/h5>\n<h5><img decoding=\"async\" style=\"display: none;\" src=\"https:\/\/godisfabricabusiness.com\/wp-content\/uploads\/2024\/08\/IMG_5948-scaled.jpg\" alt=\"Candy Shop\" \/><\/h5>\n<p style=\"display: none;\">Shop delicious candies at our online candy shop in Spain. Explore a variety of sweets at Godisfabrica and enjoy fast delivery across Spain! &#8220;Shop your favorite candies at our online candy shop in Spain. Fast delivery, wide selection, and sweet deals await. Order now!&#8221; Shop online at Godisfabrica for the best candy in Spain. Discover delicious sweets, fast shipping, and premium quality treats today!<\/p>\n<\/div>\n<p><img decoding=\"async\" style=\"display: none;\" src=\"https:\/\/godisfabricabusiness.com\/wp-content\/uploads\/2024\/08\/IMG_5948-scaled.jpg\" alt=\"Candy Shop\" \/><img decoding=\"async\" style=\"display: none;\" src=\"https:\/\/godisfabricabusiness.com\/wp-content\/uploads\/2024\/08\/IMG_5948-scaled.jpg\" alt=\"Candy Shop\" \/><\/p>","protected":false},"excerpt":{"rendered":"<p>3 unidades \u2013 21g<\/p>","protected":false},"featured_media":17579,"comment_status":"open","ping_status":"closed","template":"","meta":[],"product_brand":[],"product_cat":[225],"product_tag":[1128,731,1319,1272,1110,1509,508,540,1205,507,1324,1276,1213,702,1323,835,552,1507,1506,1508],"flavor":[411,417,415],"allergens":[],"class_list":{"0":"post-17581","1":"product","2":"type-product","3":"status-publish","4":"has-post-thumbnail","6":"product_cat-bulk-candy-godis-fabrica","7":"product_tag-acida","8":"product_tag-acido","9":"product_tag-black-orange","10":"product_tag-botella","11":"product_tag-chuches-acidas","12":"product_tag-chuches-de-botella","13":"product_tag-fruit","14":"product_tag-fruit-candy","15":"product_tag-fruits","16":"product_tag-fruity","17":"product_tag-fruity-sour-candy","18":"product_tag-frutal","19":"product_tag-frutos","20":"product_tag-new","21":"product_tag-sour-bottle","22":"product_tag-summer","23":"product_tag-swedish-candy","24":"product_tag-tropical","25":"product_tag-tropical-bottle","26":"product_tag-verano","27":"flavor-fruity","28":"flavor-jelly","29":"flavor-sour","31":"first","32":"outofstock","33":"taxable","34":"shipping-taxable","35":"purchasable","36":"product-type-simple"},"_links":{"self":[{"href":"https:\/\/godisfabricabusiness.com\/es\/wp-json\/wp\/v2\/product\/17581","targetHints":{"allow":["GET"]}}],"collection":[{"href":"https:\/\/godisfabricabusiness.com\/es\/wp-json\/wp\/v2\/product"}],"about":[{"href":"https:\/\/godisfabricabusiness.com\/es\/wp-json\/wp\/v2\/types\/product"}],"replies":[{"embeddable":true,"href":"https:\/\/godisfabricabusiness.com\/es\/wp-json\/wp\/v2\/comments?post=17581"}],"wp:featuredmedia":[{"embeddable":true,"href":"https:\/\/godisfabricabusiness.com\/es\/wp-json\/wp\/v2\/media\/17579"}],"wp:attachment":[{"href":"https:\/\/godisfabricabusiness.com\/es\/wp-json\/wp\/v2\/media?parent=17581"}],"wp:term":[{"taxonomy":"product_brand","embeddable":true,"href":"https:\/\/godisfabricabusiness.com\/es\/wp-json\/wp\/v2\/product_brand?post=17581"},{"taxonomy":"product_cat","embeddable":true,"href":"https:\/\/godisfabricabusiness.com\/es\/wp-json\/wp\/v2\/product_cat?post=17581"},{"taxonomy":"product_tag","embeddable":true,"href":"https:\/\/godisfabricabusiness.com\/es\/wp-json\/wp\/v2\/product_tag?post=17581"},{"taxonomy":"flavor","embeddable":true,"href":"https:\/\/godisfabricabusiness.com\/es\/wp-json\/wp\/v2\/flavor?post=17581"},{"taxonomy":"allergens","embeddable":true,"href":"https:\/\/godisfabricabusiness.com\/es\/wp-json\/wp\/v2\/allergens?post=17581"}],"curies":[{"name":"wp","href":"https:\/\/api.w.org\/{rel}","templated":true}]}}