{"id":17582,"date":"2025-07-11T20:21:48","date_gmt":"2025-07-11T18:21:48","guid":{"rendered":"https:\/\/godisfabricabusiness.com\/?post_type=product&#038;p=17582"},"modified":"2026-01-10T17:50:54","modified_gmt":"2026-01-10T16:50:54","slug":"fizzy-bottle","status":"publish","type":"product","link":"https:\/\/godisfabricabusiness.com\/es\/producto\/fizzy-bottle\/","title":{"rendered":"Botella Fizzy"},"content":{"rendered":"<p>Botella Fizzy (Bubbliz) \u2013 \u00a1Botellitas con mucha personalidad!<\/p>\n<p>Piensa en botellas de refresco, pero con el descaro \u00e1cido del chicle.\nLas Botellas Fizzy no son solo chuches: son peque\u00f1as monta\u00f1as rusas de sabor para tu boca. Un mordisco y \u00a1BAM! Tus papilas gustativas montan una rave. Estas gomitas rebeldes vienen cargadas con un subid\u00f3n efervescente de chicle tan potente que har\u00e1 que las dem\u00e1s chuches parezcan de parvulario. Son dulces, un pel\u00edn \u00e1cidas, hacen cosquillas y burbujean... b\u00e1sicamente, una mini explosi\u00f3n de sabor con pasaporte de chuche.<\/p>\n<p>Ideal para d\u00edas de playa, tardes en la piscina o cualquier momento en que quieras que tu snack tenga un toque m\u00e1gico, como salido del mundo unicornio. Botella Fizzy puede causar aglomeraciones inesperadas de buscadores de chuches curiosos. Abre tu bolsa de Godis con cuidado\u2026 y mejor en un sitio secreto.<\/p>\n<div style=\"display: none;\">\n<h5 style=\"display: none;\">Frambuesa de Gelatina<\/h5>\n<h5><img decoding=\"async\" style=\"display: none;\" src=\"https:\/\/godisfabricabusiness.com\/wp-content\/uploads\/2024\/08\/IMG_5948-scaled.jpg\" alt=\"Candy Shop\" \/><\/h5>\n<p style=\"display: none;\">Shop delicious candies at our online candy shop in Spain. Explore a variety of sweets at Godisfabrica and enjoy fast delivery across Spain! &#8220;Shop your favorite candies at our online candy shop in Spain. Fast delivery, wide selection, and sweet deals await. Order now!&#8221; Shop online at Godisfabrica for the best candy in Spain. Discover delicious sweets, fast shipping, and premium quality treats today!<\/p>\n<\/div>\n<div style=\"display: none;\">\n<h5 style=\"display: none;\">Raspberry<\/h5>\n<h5><img decoding=\"async\" style=\"display: none;\" src=\"https:\/\/godisfabricabusiness.com\/wp-content\/uploads\/2024\/08\/IMG_5948-scaled.jpg\" alt=\"Candy Shop\" \/><\/h5>\n<p style=\"display: none;\">Shop delicious candies at our online candy shop in Spain. Explore a variety of sweets at Godisfabrica and enjoy fast delivery across Spain! &#8220;Shop your favorite candies at our online candy shop in Spain. Fast delivery, wide selection, and sweet deals await. Order now!&#8221; Shop online at Godisfabrica for the best candy in Spain. Discover delicious sweets, fast shipping, and premium quality treats today!<\/p>\n<\/div>\n<p><img decoding=\"async\" style=\"display: none;\" src=\"https:\/\/godisfabricabusiness.com\/wp-content\/uploads\/2024\/08\/IMG_5948-scaled.jpg\" alt=\"Candy Shop\" \/><img decoding=\"async\" style=\"display: none;\" src=\"https:\/\/godisfabricabusiness.com\/wp-content\/uploads\/2024\/08\/IMG_5948-scaled.jpg\" alt=\"Candy Shop\" \/><\/p>","protected":false},"excerpt":{"rendered":"<p>3 unidades \u2013 21g<\/p>","protected":false},"featured_media":6182,"comment_status":"open","ping_status":"closed","template":"","meta":[],"product_brand":[],"product_cat":[225],"product_tag":[1128,731,1272,1076,1369,544,706,1110,1509,437,1226,436,702,1510,1323,835,552,1508],"flavor":[424,415],"allergens":[428],"class_list":{"0":"post-17582","1":"product","2":"type-product","3":"status-publish","4":"has-post-thumbnail","6":"product_cat-bulk-candy-godis-fabrica","7":"product_tag-acida","8":"product_tag-acido","9":"product_tag-botella","10":"product_tag-bubble","11":"product_tag-bubble-gum","12":"product_tag-bubblegum","13":"product_tag-chicle","14":"product_tag-chuches-acidas","15":"product_tag-chuches-de-botella","16":"product_tag-fizzy","17":"product_tag-fizzy-bottle","18":"product_tag-fizzypop","19":"product_tag-new","20":"product_tag-sabor-chicle","21":"product_tag-sour-bottle","22":"product_tag-summer","23":"product_tag-swedish-candy","24":"product_tag-verano","25":"flavor-bubblegum","26":"flavor-sour","27":"allergens-gluten-free","29":"first","30":"outofstock","31":"taxable","32":"shipping-taxable","33":"purchasable","34":"product-type-simple"},"_links":{"self":[{"href":"https:\/\/godisfabricabusiness.com\/es\/wp-json\/wp\/v2\/product\/17582","targetHints":{"allow":["GET"]}}],"collection":[{"href":"https:\/\/godisfabricabusiness.com\/es\/wp-json\/wp\/v2\/product"}],"about":[{"href":"https:\/\/godisfabricabusiness.com\/es\/wp-json\/wp\/v2\/types\/product"}],"replies":[{"embeddable":true,"href":"https:\/\/godisfabricabusiness.com\/es\/wp-json\/wp\/v2\/comments?post=17582"}],"wp:featuredmedia":[{"embeddable":true,"href":"https:\/\/godisfabricabusiness.com\/es\/wp-json\/wp\/v2\/media\/6182"}],"wp:attachment":[{"href":"https:\/\/godisfabricabusiness.com\/es\/wp-json\/wp\/v2\/media?parent=17582"}],"wp:term":[{"taxonomy":"product_brand","embeddable":true,"href":"https:\/\/godisfabricabusiness.com\/es\/wp-json\/wp\/v2\/product_brand?post=17582"},{"taxonomy":"product_cat","embeddable":true,"href":"https:\/\/godisfabricabusiness.com\/es\/wp-json\/wp\/v2\/product_cat?post=17582"},{"taxonomy":"product_tag","embeddable":true,"href":"https:\/\/godisfabricabusiness.com\/es\/wp-json\/wp\/v2\/product_tag?post=17582"},{"taxonomy":"flavor","embeddable":true,"href":"https:\/\/godisfabricabusiness.com\/es\/wp-json\/wp\/v2\/flavor?post=17582"},{"taxonomy":"allergens","embeddable":true,"href":"https:\/\/godisfabricabusiness.com\/es\/wp-json\/wp\/v2\/allergens?post=17582"}],"curies":[{"name":"wp","href":"https:\/\/api.w.org\/{rel}","templated":true}]}}