{"id":17589,"date":"2025-07-11T21:38:29","date_gmt":"2025-07-11T19:38:29","guid":{"rendered":"https:\/\/godisfabricabusiness.com\/?post_type=product&#038;p=17589"},"modified":"2026-01-10T17:50:54","modified_gmt":"2026-01-10T16:50:54","slug":"bubs-raspberry-skull-bag","status":"publish","type":"product","link":"https:\/\/godisfabricabusiness.com\/es\/producto\/bubs-raspberry-skull-bag\/","title":{"rendered":"Bolsa de Bubs Calavera Frambuesa"},"content":{"rendered":"<p>Bolsa de Bubs Calavera Frambuesa \u2013 \u00a1Por el amor a las frambuesas!<\/p>\n<p>Conoce tu nuevo antojo favorito.. Si no puedes resistirte a las frambuesas, te entendemos perfectamente: \u00a1son totalmente irresistibles! Por eso Bubs cre\u00f3 esta calaverita rosa, repleta del sabor de frambuesas reci\u00e9n cosechadas. Con una textura perfectamente masticable, cada bocado es una peque\u00f1a obra maestra del dulzor.<\/p>\n<p>\u00bfY la mejor parte? Cada calaverita de la Bolsa de Frambuesa Bubs cuenta con certificaci\u00f3n Fairtrade y est\u00e1 completamente libre de gelatina y otros ingredientes de origen animal. As\u00ed que adelante, date un gusto sin culpa con este dulce frambuesudo y delicioso. \u00a1Pura alegr\u00eda en cada mordida!<\/p>\n<div style=\"display: none;\">\n<h5 style=\"display: none;\">Frambuesa de Gelatina<\/h5>\n<h5><img decoding=\"async\" style=\"display: none;\" src=\"https:\/\/godisfabricabusiness.com\/wp-content\/uploads\/2024\/08\/IMG_5948-scaled.jpg\" alt=\"Candy Shop\" \/><\/h5>\n<p style=\"display: none;\">Shop delicious candies at our online candy shop in Spain. Explore a variety of sweets at Godisfabrica and enjoy fast delivery across Spain! &#8220;Shop your favorite candies at our online candy shop in Spain. Fast delivery, wide selection, and sweet deals await. Order now!&#8221; Shop online at Godisfabrica for the best candy in Spain. Discover delicious sweets, fast shipping, and premium quality treats today!<\/p>\n<\/div>\n<div style=\"display: none;\">\n<h5 style=\"display: none;\">Raspberry<\/h5>\n<h5><img decoding=\"async\" style=\"display: none;\" src=\"https:\/\/godisfabricabusiness.com\/wp-content\/uploads\/2024\/08\/IMG_5948-scaled.jpg\" alt=\"Candy Shop\" \/><\/h5>\n<p style=\"display: none;\">Shop delicious candies at our online candy shop in Spain. Explore a variety of sweets at Godisfabrica and enjoy fast delivery across Spain! &#8220;Shop your favorite candies at our online candy shop in Spain. Fast delivery, wide selection, and sweet deals await. Order now!&#8221; Shop online at Godisfabrica for the best candy in Spain. Discover delicious sweets, fast shipping, and premium quality treats today!<\/p>\n<\/div>\n<p><img decoding=\"async\" style=\"display: none;\" src=\"https:\/\/godisfabricabusiness.com\/wp-content\/uploads\/2024\/08\/IMG_5948-scaled.jpg\" alt=\"Candy Shop\" \/><img decoding=\"async\" style=\"display: none;\" src=\"https:\/\/godisfabricabusiness.com\/wp-content\/uploads\/2024\/08\/IMG_5948-scaled.jpg\" alt=\"Candy Shop\" \/><\/p>","protected":false},"excerpt":{"rendered":"<p>90g<\/p>","protected":false},"featured_media":16277,"comment_status":"open","ping_status":"closed","template":"","meta":[],"product_brand":[],"product_cat":[290,293],"product_tag":[434,1368,682,1156,537,443,735,615,508,540,1205,507,1276,1213,968,702,522,1060,552,231,291,445,607],"flavor":[411,415,422],"allergens":[426,425],"class_list":{"0":"post-17589","1":"product","2":"type-product","3":"status-publish","4":"has-post-thumbnail","6":"product_cat-vegan-products-godis-fabrica","7":"product_cat-candy-bags-godis-fabrica","8":"product_tag-bubs","9":"product_tag-bubs-godis","10":"product_tag-bubs-mini","11":"product_tag-bubsgodis","12":"product_tag-chuches-veganas","13":"product_tag-foam","14":"product_tag-foamy","15":"product_tag-fresa","16":"product_tag-fruit","17":"product_tag-fruit-candy","18":"product_tag-fruits","19":"product_tag-fruity","20":"product_tag-frutal","21":"product_tag-frutos","22":"product_tag-golosinas-veganas","23":"product_tag-new","24":"product_tag-strawberry","25":"product_tag-strawberry-candy","26":"product_tag-swedish-candy","27":"product_tag-vanilla","28":"product_tag-vegan","29":"product_tag-vegan-candy","30":"product_tag-vegano","31":"flavor-fruity","32":"flavor-sour","33":"flavor-wrapped","34":"allergens-gelatin-free","35":"allergens-vegan","37":"first","38":"outofstock","39":"taxable","40":"shipping-taxable","41":"purchasable","42":"product-type-simple"},"_links":{"self":[{"href":"https:\/\/godisfabricabusiness.com\/es\/wp-json\/wp\/v2\/product\/17589","targetHints":{"allow":["GET"]}}],"collection":[{"href":"https:\/\/godisfabricabusiness.com\/es\/wp-json\/wp\/v2\/product"}],"about":[{"href":"https:\/\/godisfabricabusiness.com\/es\/wp-json\/wp\/v2\/types\/product"}],"replies":[{"embeddable":true,"href":"https:\/\/godisfabricabusiness.com\/es\/wp-json\/wp\/v2\/comments?post=17589"}],"wp:featuredmedia":[{"embeddable":true,"href":"https:\/\/godisfabricabusiness.com\/es\/wp-json\/wp\/v2\/media\/16277"}],"wp:attachment":[{"href":"https:\/\/godisfabricabusiness.com\/es\/wp-json\/wp\/v2\/media?parent=17589"}],"wp:term":[{"taxonomy":"product_brand","embeddable":true,"href":"https:\/\/godisfabricabusiness.com\/es\/wp-json\/wp\/v2\/product_brand?post=17589"},{"taxonomy":"product_cat","embeddable":true,"href":"https:\/\/godisfabricabusiness.com\/es\/wp-json\/wp\/v2\/product_cat?post=17589"},{"taxonomy":"product_tag","embeddable":true,"href":"https:\/\/godisfabricabusiness.com\/es\/wp-json\/wp\/v2\/product_tag?post=17589"},{"taxonomy":"flavor","embeddable":true,"href":"https:\/\/godisfabricabusiness.com\/es\/wp-json\/wp\/v2\/flavor?post=17589"},{"taxonomy":"allergens","embeddable":true,"href":"https:\/\/godisfabricabusiness.com\/es\/wp-json\/wp\/v2\/allergens?post=17589"}],"curies":[{"name":"wp","href":"https:\/\/api.w.org\/{rel}","templated":true}]}}