{"id":17810,"date":"2025-10-12T21:26:54","date_gmt":"2025-10-12T19:26:54","guid":{"rendered":"https:\/\/godisfabricabusiness.com\/?post_type=product&#038;p=17810"},"modified":"2026-01-10T17:50:17","modified_gmt":"2026-01-10T16:50:17","slug":"blueberry-chocolate","status":"publish","type":"product","link":"https:\/\/godisfabricabusiness.com\/es\/producto\/blueberry-chocolate\/","title":{"rendered":"Chocolate con Ar\u00e1ndanos"},"content":{"rendered":"<p data-start=\"128\" data-end=\"196\">Chocolate Karl Fazer con Ar\u00e1ndanos \u2013 \u00a1El sue\u00f1o de la fruta hecho realidad!<\/p>\n<p data-start=\"198\" data-end=\"526\">Disfruta de la deliciosa armon\u00eda de sabores de la marca de chocolate m\u00e1s ic\u00f3nica de Finlandia. Desde 1922, Karl Fazer es conocido por su suave y cremoso chocolate con leche, elaborado solo con los ingredientes m\u00e1s frescos y de la mejor calidad, y esta variedad afrutada no es una excepci\u00f3n.<\/p>\n<p data-start=\"528\" data-end=\"857\">Cada pieza de tama\u00f1o bocado presenta un sedoso chocolate con leche relleno con un centro suave y ligeramente crujiente con sabor a ar\u00e1ndano, que ofrece una combinaci\u00f3n perfectamente equilibrada de dulzura, intensidad y un toque afrutado. Ya sea que est\u00e9s creando tu propia bolsa de pick &amp; mix o buscando un capricho \u00fanico, este chocolate con ar\u00e1ndanos seguro que destacar\u00e1. Elaborado con cacao 100\u202f% de origen responsable, cada pieza refleja el compromiso de Fazer con la calidad y la sostenibilidad.<\/p>\n<div style=\"display: none;\">\n<h5 style=\"display: none;\">Frambuesa de Gelatina<\/h5>\n<h5><img decoding=\"async\" style=\"display: none;\" src=\"https:\/\/godisfabricabusiness.com\/wp-content\/uploads\/2024\/08\/IMG_5948-scaled.jpg\" alt=\"Candy Shop\" \/><\/h5>\n<p style=\"display: none;\">Shop delicious candies at our online candy shop in Spain. Explore a variety of sweets at Godisfabrica and enjoy fast delivery across Spain! &#8220;Shop your favorite candies at our online candy shop in Spain. Fast delivery, wide selection, and sweet deals await. Order now!&#8221; Shop online at Godisfabrica for the best candy in Spain. Discover delicious sweets, fast shipping, and premium quality treats today!<\/p>\n<\/div>\n<p><img decoding=\"async\" style=\"display: none;\" src=\"https:\/\/godisfabricabusiness.com\/wp-content\/uploads\/2024\/08\/IMG_5948-scaled.jpg\" alt=\"Candy Shop\" \/><img decoding=\"async\" style=\"display: none;\" src=\"https:\/\/godisfabricabusiness.com\/wp-content\/uploads\/2024\/08\/IMG_5948-scaled.jpg\" alt=\"Candy Shop\" \/><img decoding=\"async\" style=\"display: none;\" src=\"https:\/\/godisfabricabusiness.com\/wp-content\/uploads\/2024\/08\/IMG_5948-scaled.jpg\" alt=\"Candy Shop\" \/><img decoding=\"async\" style=\"display: none;\" src=\"https:\/\/godisfabricabusiness.com\/wp-content\/uploads\/2024\/08\/IMG_5948-scaled.jpg\" alt=\"Candy Shop\" \/><\/p>","protected":false},"excerpt":{"rendered":"<p>3 unidades - 25g<\/p>","protected":false},"featured_media":17815,"comment_status":"open","ping_status":"closed","template":"","meta":[],"product_brand":[],"product_cat":[243,225],"product_tag":[862,538,230,1422,1158,229,467,1424,1526,1001,469,1425,1423,499,892,1348,1146,1525,570,1356,1419,484,563],"flavor":[412,411,419],"allergens":[],"class_list":{"0":"post-17810","1":"product","2":"type-product","3":"status-publish","4":"has-post-thumbnail","6":"product_cat-chocolates-godis-fabrica","7":"product_cat-bulk-candy-godis-fabrica","8":"product_tag-arando","9":"product_tag-blueberry","10":"product_tag-chocolate","11":"product_tag-chocolate-con-leche","12":"product_tag-christmas-chocolate","13":"product_tag-fazer","14":"product_tag-fazer-blue","15":"product_tag-fazerin-sininen","16":"product_tag-filled-chocolate","17":"product_tag-finland","18":"product_tag-finnish-chocolate","19":"product_tag-karl-fazer","20":"product_tag-leite","21":"product_tag-milk-chocolate","22":"product_tag-mustikka","23":"product_tag-natural","24":"product_tag-navidad","25":"product_tag-praline","26":"product_tag-suklaa","27":"product_tag-suomi","28":"product_tag-suomi-suklaa","29":"product_tag-truffle","30":"product_tag-yoghurt","31":"flavor-chocolate","32":"flavor-fruity","33":"flavor-palm-oil-free","35":"first","36":"outofstock","37":"taxable","38":"shipping-taxable","39":"purchasable","40":"product-type-simple"},"_links":{"self":[{"href":"https:\/\/godisfabricabusiness.com\/es\/wp-json\/wp\/v2\/product\/17810","targetHints":{"allow":["GET"]}}],"collection":[{"href":"https:\/\/godisfabricabusiness.com\/es\/wp-json\/wp\/v2\/product"}],"about":[{"href":"https:\/\/godisfabricabusiness.com\/es\/wp-json\/wp\/v2\/types\/product"}],"replies":[{"embeddable":true,"href":"https:\/\/godisfabricabusiness.com\/es\/wp-json\/wp\/v2\/comments?post=17810"}],"wp:featuredmedia":[{"embeddable":true,"href":"https:\/\/godisfabricabusiness.com\/es\/wp-json\/wp\/v2\/media\/17815"}],"wp:attachment":[{"href":"https:\/\/godisfabricabusiness.com\/es\/wp-json\/wp\/v2\/media?parent=17810"}],"wp:term":[{"taxonomy":"product_brand","embeddable":true,"href":"https:\/\/godisfabricabusiness.com\/es\/wp-json\/wp\/v2\/product_brand?post=17810"},{"taxonomy":"product_cat","embeddable":true,"href":"https:\/\/godisfabricabusiness.com\/es\/wp-json\/wp\/v2\/product_cat?post=17810"},{"taxonomy":"product_tag","embeddable":true,"href":"https:\/\/godisfabricabusiness.com\/es\/wp-json\/wp\/v2\/product_tag?post=17810"},{"taxonomy":"flavor","embeddable":true,"href":"https:\/\/godisfabricabusiness.com\/es\/wp-json\/wp\/v2\/flavor?post=17810"},{"taxonomy":"allergens","embeddable":true,"href":"https:\/\/godisfabricabusiness.com\/es\/wp-json\/wp\/v2\/allergens?post=17810"}],"curies":[{"name":"wp","href":"https:\/\/api.w.org\/{rel}","templated":true}]}}